{"id":35085,"date":"2026-01-15T13:04:55","date_gmt":"2026-01-15T13:04:55","guid":{"rendered":"https:\/\/xn--kbrsglobalstore-7kcc.com\/?post_type=product&#038;p=35085"},"modified":"2026-01-15T13:04:55","modified_gmt":"2026-01-15T13:04:55","slug":"sparklyn-3pcs-set-fashionable-elegant-girls-outfit-puff-sleeve-ribbed-knit-top-beaded-bow-shorts-beret-hat-autumn-winter","status":"publish","type":"product","link":"https:\/\/xn--kbrsglobalstore-7kcc.com\/tr\/urun\/sparklyn-3pcs-set-fashionable-elegant-girls-outfit-puff-sleeve-ribbed-knit-top-beaded-bow-shorts-beret-hat-autumn-winter\/","title":{"rendered":"Sparklyn 3 Par\u00e7al\u0131 \u015e\u0131k ve Zarif K\u0131z \u00c7ocuk K\u0131yafeti Seti: Kabar\u0131k Kollu Fitilli \u00d6rg\u00fc Bluz + Boncuklu Fiyonklu \u015eort + Bere \u015eapka, Sonbahar\/K\u0131\u015f"},"content":{"rendered":"<p>Sparklyn 3 Par\u00e7al\u0131 \u015e\u0131k ve Zarif K\u0131z \u00c7ocuk K\u0131yafeti, \u00e7ekicilik, rahatl\u0131k ve mevsimsel stil sunmak \u00fczere tasarlanm\u0131\u015f, g\u00fczelce koordine edilmi\u015f bir tak\u0131md\u0131r. Bu set, yumu\u015fak ve zarif bir dokunu\u015f katan kabar\u0131k kollu, nerv\u00fcrl\u00fc \u00f6rg\u00fc bir \u00fcst, e\u011flenceli ama sofistike bir g\u00f6r\u00fcn\u00fcm i\u00e7in sevimli boncuklu fiyonklu \u015fort ve klasik bir moda ifadesi i\u00e7in uyumlu bir bere \u015fapka i\u00e7erir. Rahat ve konforlu malzemelerden \u00fcretilen bu set, sonbahar ve k\u0131\u015f aylar\u0131nda giymek i\u00e7in m\u00fckemmeldir. Geziler, aile toplant\u0131lar\u0131, foto\u011fraf \u00e7ekimleri, partiler ve \u00f6zel g\u00fcnler i\u00e7in ideal olan bu \u015f\u0131k set, k\u0131z \u00e7ocuklar\u0131n\u0131 s\u0131cak tutarken zahmetsizce \u015f\u0131k g\u00f6r\u00fcnmelerini sa\u011flar.<\/p>","protected":false},"excerpt":{"rendered":"<p>Sparklyn 3pcs\/Set Fashionable &amp; Elegant Girls Outfit is a beautifully coordinated ensemble designed to deliver charm, comfort, and seasonal style. This set includes a puff sleeve ribbed knit top that adds a soft, graceful touch, paired with adorable beaded bow shorts for a playful yet refined look, and finished with a matching beret hat for [&hellip;]<\/p>","protected":false},"featured_media":35086,"comment_status":"open","ping_status":"closed","template":"","meta":{"_monsterinsights_skip_tracking":false,"_monsterinsights_sitenote_active":false,"_monsterinsights_sitenote_note":"","_monsterinsights_sitenote_category":0},"product_brand":[],"product_cat":[113],"product_tag":[],"class_list":{"0":"post-35085","1":"product","2":"type-product","3":"status-publish","4":"has-post-thumbnail","6":"product_cat-kids-clothing","8":"first","9":"instock","10":"shipping-taxable","11":"purchasable","12":"product-type-simple"},"aioseo_notices":[],"_links":{"self":[{"href":"https:\/\/xn--kbrsglobalstore-7kcc.com\/tr\/wp-json\/wp\/v2\/product\/35085","targetHints":{"allow":["GET"]}}],"collection":[{"href":"https:\/\/xn--kbrsglobalstore-7kcc.com\/tr\/wp-json\/wp\/v2\/product"}],"about":[{"href":"https:\/\/xn--kbrsglobalstore-7kcc.com\/tr\/wp-json\/wp\/v2\/types\/product"}],"replies":[{"embeddable":true,"href":"https:\/\/xn--kbrsglobalstore-7kcc.com\/tr\/wp-json\/wp\/v2\/comments?post=35085"}],"wp:featuredmedia":[{"embeddable":true,"href":"https:\/\/xn--kbrsglobalstore-7kcc.com\/tr\/wp-json\/wp\/v2\/media\/35086"}],"wp:attachment":[{"href":"https:\/\/xn--kbrsglobalstore-7kcc.com\/tr\/wp-json\/wp\/v2\/media?parent=35085"}],"wp:term":[{"taxonomy":"product_brand","embeddable":true,"href":"https:\/\/xn--kbrsglobalstore-7kcc.com\/tr\/wp-json\/wp\/v2\/product_brand?post=35085"},{"taxonomy":"product_cat","embeddable":true,"href":"https:\/\/xn--kbrsglobalstore-7kcc.com\/tr\/wp-json\/wp\/v2\/product_cat?post=35085"},{"taxonomy":"product_tag","embeddable":true,"href":"https:\/\/xn--kbrsglobalstore-7kcc.com\/tr\/wp-json\/wp\/v2\/product_tag?post=35085"}],"curies":[{"name":"wp","href":"https:\/\/api.w.org\/{rel}","templated":true}]}}