{"id":35078,"date":"2026-01-15T13:00:37","date_gmt":"2026-01-15T13:00:37","guid":{"rendered":"https:\/\/xn--kbrsglobalstore-7kcc.com\/?post_type=product&#038;p=35078"},"modified":"2026-01-15T13:00:37","modified_gmt":"2026-01-15T13:00:37","slug":"shein-elladie-kids-2pcs-set-toddler-girls-fashionable-cute-3d-bow-decor-sleeveless-tank-top-and-cropped-pants-set-versatile-for-daily-wear-vacation-outings-spring-summer","status":"publish","type":"product","link":"https:\/\/xn--kbrsglobalstore-7kcc.com\/tr\/urun\/shein-elladie-kids-2pcs-set-toddler-girls-fashionable-cute-3d-bow-decor-sleeveless-tank-top-and-cropped-pants-set-versatile-for-daily-wear-vacation-outings-spring-summer\/","title":{"rendered":"SHEIN Elladie Kids 2 Par\u00e7a\/Set, K\u00fc\u00e7\u00fck K\u0131z \u00c7ocuklar \u0130\u00e7in \u015e\u0131k ve Sevimli 3D Fiyonklu Kolsuz Ask\u0131l\u0131 Bluz ve K\u0131sa Pa\u00e7al\u0131 Pantolon Tak\u0131m\u0131, G\u00fcnl\u00fck Kullan\u0131m, Tatil ve Geziler \u0130\u00e7in \u00c7ok Y\u00f6nl\u00fc, \u0130lkbahar\/Yaz"},"content":{"rendered":"<p>SHEIN Elladie Kids 2 Par\u00e7a\/Set, K\u00fc\u00e7\u00fck K\u0131z \u00c7ocuklar \u0130\u00e7in \u015e\u0131k ve Sevimli 3D Fiyonklu Kolsuz Atlet ve K\u0131sa Pantolon Tak\u0131m\u0131, s\u0131cak mevsimlerde rahatl\u0131k ve \u00e7ekicilik i\u00e7in tasarlanm\u0131\u015f sevimli ve \u015f\u0131k bir k\u0131yafet setidir. Sevimli 3D fiyonk s\u00fcslemeli kolsuz atlet ve trend k\u0131sa pantolondan olu\u015fan bu set, e\u011flenceli ve \u015f\u0131k bir g\u00f6r\u00fcn\u00fcm sunar. Yumu\u015fak, nefes alabilen kuma\u015ftan \u00fcretilmi\u015f ve rahat bir kesime sahip olan bu set, ilkbahar ve yaz aylar\u0131nda giymek i\u00e7in m\u00fckemmeldir. G\u00fcnl\u00fck aktiviteler, tatiller, oyun bulu\u015fmalar\u0131 ve geziler i\u00e7in ideal olan bu \u00e7ok y\u00f6nl\u00fc set, k\u00fc\u00e7\u00fck k\u0131z \u00e7ocuklar\u0131n\u0131n g\u00fcn boyu serin ve rahat kal\u0131rken sevimli g\u00f6r\u00fcnmelerini sa\u011flar.<\/p>","protected":false},"excerpt":{"rendered":"<p>SHEIN Elladie Kids 2pcs\/Set Toddler Girls&#8217; Fashionable Cute 3D Bow Decor Sleeveless Tank Top and Cropped Pants Set is an adorable and stylish outfit designed for comfort and charm during warm seasons. Featuring a sleeveless tank top accented with a cute 3D bow decoration and paired with trendy cropped pants, this set offers a playful [&hellip;]<\/p>","protected":false},"featured_media":35079,"comment_status":"open","ping_status":"closed","template":"","meta":{"_monsterinsights_skip_tracking":false,"_monsterinsights_sitenote_active":false,"_monsterinsights_sitenote_note":"","_monsterinsights_sitenote_category":0},"product_brand":[],"product_cat":[113],"product_tag":[],"class_list":{"0":"post-35078","1":"product","2":"type-product","3":"status-publish","4":"has-post-thumbnail","6":"product_cat-kids-clothing","8":"first","9":"instock","10":"shipping-taxable","11":"purchasable","12":"product-type-simple"},"aioseo_notices":[],"_links":{"self":[{"href":"https:\/\/xn--kbrsglobalstore-7kcc.com\/tr\/wp-json\/wp\/v2\/product\/35078","targetHints":{"allow":["GET"]}}],"collection":[{"href":"https:\/\/xn--kbrsglobalstore-7kcc.com\/tr\/wp-json\/wp\/v2\/product"}],"about":[{"href":"https:\/\/xn--kbrsglobalstore-7kcc.com\/tr\/wp-json\/wp\/v2\/types\/product"}],"replies":[{"embeddable":true,"href":"https:\/\/xn--kbrsglobalstore-7kcc.com\/tr\/wp-json\/wp\/v2\/comments?post=35078"}],"wp:featuredmedia":[{"embeddable":true,"href":"https:\/\/xn--kbrsglobalstore-7kcc.com\/tr\/wp-json\/wp\/v2\/media\/35079"}],"wp:attachment":[{"href":"https:\/\/xn--kbrsglobalstore-7kcc.com\/tr\/wp-json\/wp\/v2\/media?parent=35078"}],"wp:term":[{"taxonomy":"product_brand","embeddable":true,"href":"https:\/\/xn--kbrsglobalstore-7kcc.com\/tr\/wp-json\/wp\/v2\/product_brand?post=35078"},{"taxonomy":"product_cat","embeddable":true,"href":"https:\/\/xn--kbrsglobalstore-7kcc.com\/tr\/wp-json\/wp\/v2\/product_cat?post=35078"},{"taxonomy":"product_tag","embeddable":true,"href":"https:\/\/xn--kbrsglobalstore-7kcc.com\/tr\/wp-json\/wp\/v2\/product_tag?post=35078"}],"curies":[{"name":"wp","href":"https:\/\/api.w.org\/{rel}","templated":true}]}}