{"id":35071,"date":"2026-01-15T12:57:42","date_gmt":"2026-01-15T12:57:42","guid":{"rendered":"https:\/\/xn--kbrsglobalstore-7kcc.com\/?post_type=product&#038;p=35071"},"modified":"2026-01-15T12:57:42","modified_gmt":"2026-01-15T12:57:42","slug":"tween-boy-casual-minimalist-boys-summer-outfit-2-piece-set-childrens-silver-graphic-print-casual-patchwork-black-t-shirt-striped-shorts-set-summer-boys-casual-minimalist-graphic-print-round","status":"publish","type":"product","link":"https:\/\/xn--kbrsglobalstore-7kcc.com\/tr\/urun\/tween-boy-casual-minimalist-boys-summer-outfit-2-piece-set-childrens-silver-graphic-print-casual-patchwork-black-t-shirt-striped-shorts-set-summer-boys-casual-minimalist-graphic-print-round\/","title":{"rendered":"Gen\u00e7 Erkek \u00c7ocuklar \u0130\u00e7in G\u00fcnl\u00fck Minimalist Yazl\u0131k K\u0131yafet, 2 Par\u00e7a Set: \u00c7ocuklar \u0130\u00e7in G\u00fcm\u00fc\u015f Grafik Bask\u0131l\u0131 G\u00fcnl\u00fck Yama Desenli Siyah Ti\u015f\u00f6rt + \u00c7izgili \u015eort Tak\u0131m\u0131, Yazl\u0131k Erkek \u00c7ocuklar \u0130\u00e7in G\u00fcnl\u00fck Minimalist Grafik Bask\u0131l\u0131 Yuvarlak Yaka K\u0131sa Kollu Ti\u015f\u00f6rt ve \u015eort Tak\u0131m\u0131"},"content":{"rendered":"<p>Gen\u00e7 Erkek \u00c7ocuklar \u0130\u00e7in \u015e\u0131k ve Rahat Minimalist 2 Par\u00e7al\u0131 Yazl\u0131k K\u0131yafet, modern g\u00fcnl\u00fck kullan\u0131m i\u00e7in tasarlanm\u0131\u015f \u015f\u0131k ve rahat bir settir. \u015e\u0131k g\u00fcm\u00fc\u015f grafik bask\u0131l\u0131 ve rahat patchwork detayl\u0131 siyah yuvarlak yakal\u0131 k\u0131sa kollu ti\u015f\u00f6rt ve ona uygun \u00e7izgili \u015forttan olu\u015fan bu k\u0131yafet, cesur ama minimalist bir g\u00f6r\u00fcn\u00fcm sunar. Hafif ve nefes alabilen kuma\u015ftan \u00fcretilen bu k\u0131yafet, s\u0131cak yaz g\u00fcnlerinde erkek \u00e7ocuklar\u0131 serin ve rahat tutar. Okul, a\u00e7\u0131k hava etkinlikleri, g\u00fcndelik geziler, tatiller ve g\u00fcnl\u00fck kullan\u0131m i\u00e7in m\u00fckemmel olan bu \u00e7ok y\u00f6nl\u00fc set, aktif gen\u00e7 erkek \u00e7ocuklar i\u00e7in zahmetsiz bir stil ve t\u00fcm g\u00fcn konfor sunar.<\/p>","protected":false},"excerpt":{"rendered":"<p>Tween Boy Casual Minimalist 2-Piece Summer Outfit is a stylish and comfortable set designed for modern everyday wear. Featuring a black round neck short sleeve T-shirt with a sleek silver graphic print and casual patchwork detailing, paired with matching striped shorts, this outfit delivers a bold yet minimalist look. Crafted from lightweight, breathable fabric, it [&hellip;]<\/p>","protected":false},"featured_media":35072,"comment_status":"open","ping_status":"closed","template":"","meta":{"_monsterinsights_skip_tracking":false,"_monsterinsights_sitenote_active":false,"_monsterinsights_sitenote_note":"","_monsterinsights_sitenote_category":0},"product_brand":[],"product_cat":[113],"product_tag":[],"class_list":{"0":"post-35071","1":"product","2":"type-product","3":"status-publish","4":"has-post-thumbnail","6":"product_cat-kids-clothing","8":"first","9":"instock","10":"shipping-taxable","11":"purchasable","12":"product-type-simple"},"aioseo_notices":[],"_links":{"self":[{"href":"https:\/\/xn--kbrsglobalstore-7kcc.com\/tr\/wp-json\/wp\/v2\/product\/35071","targetHints":{"allow":["GET"]}}],"collection":[{"href":"https:\/\/xn--kbrsglobalstore-7kcc.com\/tr\/wp-json\/wp\/v2\/product"}],"about":[{"href":"https:\/\/xn--kbrsglobalstore-7kcc.com\/tr\/wp-json\/wp\/v2\/types\/product"}],"replies":[{"embeddable":true,"href":"https:\/\/xn--kbrsglobalstore-7kcc.com\/tr\/wp-json\/wp\/v2\/comments?post=35071"}],"wp:featuredmedia":[{"embeddable":true,"href":"https:\/\/xn--kbrsglobalstore-7kcc.com\/tr\/wp-json\/wp\/v2\/media\/35072"}],"wp:attachment":[{"href":"https:\/\/xn--kbrsglobalstore-7kcc.com\/tr\/wp-json\/wp\/v2\/media?parent=35071"}],"wp:term":[{"taxonomy":"product_brand","embeddable":true,"href":"https:\/\/xn--kbrsglobalstore-7kcc.com\/tr\/wp-json\/wp\/v2\/product_brand?post=35071"},{"taxonomy":"product_cat","embeddable":true,"href":"https:\/\/xn--kbrsglobalstore-7kcc.com\/tr\/wp-json\/wp\/v2\/product_cat?post=35071"},{"taxonomy":"product_tag","embeddable":true,"href":"https:\/\/xn--kbrsglobalstore-7kcc.com\/tr\/wp-json\/wp\/v2\/product_tag?post=35071"}],"curies":[{"name":"wp","href":"https:\/\/api.w.org\/{rel}","templated":true}]}}