{"id":35052,"date":"2026-01-15T12:48:54","date_gmt":"2026-01-15T12:48:54","guid":{"rendered":"https:\/\/xn--kbrsglobalstore-7kcc.com\/?post_type=product&#038;p=35052"},"modified":"2026-01-15T12:48:54","modified_gmt":"2026-01-15T12:48:54","slug":"girls-popular-spring-summer-ruffled-collar-rose-flower-cloud-print-2-in-1-dress-soft-comfortable-peter-pan-collar-design-yellow-rose-pattern-casual-elegant","status":"publish","type":"product","link":"https:\/\/xn--kbrsglobalstore-7kcc.com\/tr\/urun\/girls-popular-spring-summer-ruffled-collar-rose-flower-cloud-print-2-in-1-dress-soft-comfortable-peter-pan-collar-design-yellow-rose-pattern-casual-elegant\/","title":{"rendered":"K\u0131z \u00c7ocuklar\u0131 \u0130\u00e7in Pop\u00fcler \u0130lkbahar\/Yaz F\u0131rf\u0131rl\u0131 Yakal\u0131 G\u00fcl \u00c7i\u00e7e\u011fi ve Bulut Desenli 2'si 1 Arada Elbise, Yumu\u015fak ve Rahat, Peter Pan Yaka Tasar\u0131m\u0131, Sar\u0131 G\u00fcl Deseni, G\u00fcnl\u00fck ve \u015e\u0131k"},"content":{"rendered":"<p class=\"translation-block\"><strong data-start=\"72\" data-end=\"158\">K\u0131z \u00c7ocuklar\u0131 \u0130\u00e7in Pop\u00fcler \u0130lkbahar\/Yaz F\u0131rf\u0131rl\u0131 Yaka G\u00fcl \u00c7i\u00e7e\u011fi ve Bulut Bask\u0131l\u0131 2'si 1 Arada Elbise<\/strong>, ne\u015feli bir \u00e7ekicili\u011fi zamans\u0131z bir zarafetle harmanlayan, g\u00fczel tasarlanm\u0131\u015f bir k\u0131yafettir. Yumu\u015fak ve rahat kuma\u015ftan \u00fcretilen bu elbise, zarif f\u0131rf\u0131rl\u0131 Peter Pan yakas\u0131 ve ho\u015f sar\u0131 g\u00fcl deseniyle birlikte r\u00fcya gibi bulut bask\u0131lar\u0131yla taze ve ne\u015feli bir g\u00f6r\u00fcn\u00fcm sunar. 2'si 1 arada stili, katmanl\u0131 bir k\u0131yafet g\u00f6r\u00fcn\u00fcm\u00fc yarat\u0131rken, g\u00fcn boyu kolay ve rahat bir kullan\u0131m sa\u011flar. \u0130lkbahar ve yaz aylar\u0131nda giymek i\u00e7in m\u00fckemmeldir.<\/p>","protected":false},"excerpt":{"rendered":"<p>Girls&#8217; Popular Spring\/Summer Ruffled Collar Rose Flower &amp; Cloud Print 2-in-1 Dress is a beautifully designed outfit that blends playful charm with timeless elegance. Crafted from soft, comfortable fabric, this dress features a delicate ruffled Peter Pan collar and a lovely yellow rose pattern paired with dreamy cloud prints for a fresh and cheerful look. [&hellip;]<\/p>","protected":false},"featured_media":35053,"comment_status":"open","ping_status":"closed","template":"","meta":{"_monsterinsights_skip_tracking":false,"_monsterinsights_sitenote_active":false,"_monsterinsights_sitenote_note":"","_monsterinsights_sitenote_category":0},"product_brand":[],"product_cat":[113],"product_tag":[],"class_list":{"0":"post-35052","1":"product","2":"type-product","3":"status-publish","4":"has-post-thumbnail","6":"product_cat-kids-clothing","8":"first","9":"instock","10":"shipping-taxable","11":"purchasable","12":"product-type-simple"},"aioseo_notices":[],"_links":{"self":[{"href":"https:\/\/xn--kbrsglobalstore-7kcc.com\/tr\/wp-json\/wp\/v2\/product\/35052","targetHints":{"allow":["GET"]}}],"collection":[{"href":"https:\/\/xn--kbrsglobalstore-7kcc.com\/tr\/wp-json\/wp\/v2\/product"}],"about":[{"href":"https:\/\/xn--kbrsglobalstore-7kcc.com\/tr\/wp-json\/wp\/v2\/types\/product"}],"replies":[{"embeddable":true,"href":"https:\/\/xn--kbrsglobalstore-7kcc.com\/tr\/wp-json\/wp\/v2\/comments?post=35052"}],"wp:featuredmedia":[{"embeddable":true,"href":"https:\/\/xn--kbrsglobalstore-7kcc.com\/tr\/wp-json\/wp\/v2\/media\/35053"}],"wp:attachment":[{"href":"https:\/\/xn--kbrsglobalstore-7kcc.com\/tr\/wp-json\/wp\/v2\/media?parent=35052"}],"wp:term":[{"taxonomy":"product_brand","embeddable":true,"href":"https:\/\/xn--kbrsglobalstore-7kcc.com\/tr\/wp-json\/wp\/v2\/product_brand?post=35052"},{"taxonomy":"product_cat","embeddable":true,"href":"https:\/\/xn--kbrsglobalstore-7kcc.com\/tr\/wp-json\/wp\/v2\/product_cat?post=35052"},{"taxonomy":"product_tag","embeddable":true,"href":"https:\/\/xn--kbrsglobalstore-7kcc.com\/tr\/wp-json\/wp\/v2\/product_tag?post=35052"}],"curies":[{"name":"wp","href":"https:\/\/api.w.org\/{rel}","templated":true}]}}