{"id":35044,"date":"2026-01-15T12:45:48","date_gmt":"2026-01-15T12:45:48","guid":{"rendered":"https:\/\/xn--kbrsglobalstore-7kcc.com\/?post_type=product&#038;p=35044"},"modified":"2026-01-15T12:45:48","modified_gmt":"2026-01-15T12:45:48","slug":"girls-dress-girls-skirt-girls-dress-childrens-dress-elegant-girls-dress-teenage-girls-dress-girls-birthday-dress-girls-party-dress-gift-for-teenage-girls-girls-2-piece-summer-outfit-casual","status":"publish","type":"product","link":"https:\/\/xn--kbrsglobalstore-7kcc.com\/tr\/urun\/girls-dress-girls-skirt-girls-dress-childrens-dress-elegant-girls-dress-teenage-girls-dress-girls-birthday-dress-girls-party-dress-gift-for-teenage-girls-girls-2-piece-summer-outfit-casual\/","title":{"rendered":"K\u0131z \u00c7ocuk Elbisesi, K\u0131z \u00c7ocuk Ete\u011fi, K\u0131z \u00c7ocuk Elbisesi, \u00c7ocuk Elbisesi, \u015e\u0131k K\u0131z \u00c7ocuk Elbisesi, Gen\u00e7 K\u0131z Elbisesi, K\u0131z \u00c7ocuk Do\u011fum G\u00fcn\u00fc Elbisesi, K\u0131z \u00c7ocuk Parti Elbisesi, Gen\u00e7 K\u0131zlar \u0130\u00e7in Hediye, K\u0131z \u00c7ocuk 2 Par\u00e7a Yazl\u0131k K\u0131yafet, G\u00fcnl\u00fck Polyester File \u00d6rme \u00dcst, K\u0131sa Kollu, Yuvarlak Yaka, Siyah Kemerli Elbise,"},"content":{"rendered":"<p>K\u0131z \u00c7ocuklar\u0131 \u0130\u00e7in 2 Par\u00e7al\u0131 Yazl\u0131k K\u0131yafet \u2013 Zarif Elbise Tak\u0131m\u0131, hem g\u00fcnl\u00fck rahatl\u0131k hem de \u00f6zel g\u00fcnler i\u00e7in tasarlanm\u0131\u015f \u015f\u0131k ve \u00e7ok y\u00f6nl\u00fc bir se\u00e7enektir. Bu b\u00fcy\u00fcleyici tak\u0131m, k\u0131sa kollu ve klasik yuvarlak yakal\u0131, rahat polyester \u00f6rg\u00fc bir \u00fcst ile, g\u00fczel bir uyumlu etek ve sil\u00fceti vurgulayan \u015f\u0131k siyah bir kemerden olu\u015fmaktad\u0131r. Hafif ve nefes alabilir yap\u0131s\u0131yla, s\u0131cak havalarda giymek i\u00e7in m\u00fckemmeldir ve \u015f\u0131k ve zarif bir g\u00f6r\u00fcn\u00fcm sunar. Do\u011fum g\u00fcn\u00fc elbisesi, parti k\u0131yafeti veya gen\u00e7 k\u0131zlar i\u00e7in d\u00fc\u015f\u00fcnceli bir hediye olarak ideal olan bu modaya uygun elbise tak\u0131m\u0131, her durum i\u00e7in rahatl\u0131\u011f\u0131, zarafeti ve modern stili bir araya getiriyor.<\/p>","protected":false},"excerpt":{"rendered":"<p>Girls 2-Piece Summer Outfit \u2013 Elegant Dress Set is a stylish and versatile choice designed for both everyday comfort and special occasions. This charming set features a casual polyester mesh knit top with short sleeves and a classic round neckline, paired with a beautiful matching skirt and a chic black belt that enhances the silhouette. [&hellip;]<\/p>","protected":false},"featured_media":35045,"comment_status":"open","ping_status":"closed","template":"","meta":{"_monsterinsights_skip_tracking":false,"_monsterinsights_sitenote_active":false,"_monsterinsights_sitenote_note":"","_monsterinsights_sitenote_category":0},"product_brand":[],"product_cat":[113],"product_tag":[],"class_list":{"0":"post-35044","1":"product","2":"type-product","3":"status-publish","4":"has-post-thumbnail","6":"product_cat-kids-clothing","8":"first","9":"instock","10":"shipping-taxable","11":"purchasable","12":"product-type-simple"},"aioseo_notices":[],"_links":{"self":[{"href":"https:\/\/xn--kbrsglobalstore-7kcc.com\/tr\/wp-json\/wp\/v2\/product\/35044","targetHints":{"allow":["GET"]}}],"collection":[{"href":"https:\/\/xn--kbrsglobalstore-7kcc.com\/tr\/wp-json\/wp\/v2\/product"}],"about":[{"href":"https:\/\/xn--kbrsglobalstore-7kcc.com\/tr\/wp-json\/wp\/v2\/types\/product"}],"replies":[{"embeddable":true,"href":"https:\/\/xn--kbrsglobalstore-7kcc.com\/tr\/wp-json\/wp\/v2\/comments?post=35044"}],"wp:featuredmedia":[{"embeddable":true,"href":"https:\/\/xn--kbrsglobalstore-7kcc.com\/tr\/wp-json\/wp\/v2\/media\/35045"}],"wp:attachment":[{"href":"https:\/\/xn--kbrsglobalstore-7kcc.com\/tr\/wp-json\/wp\/v2\/media?parent=35044"}],"wp:term":[{"taxonomy":"product_brand","embeddable":true,"href":"https:\/\/xn--kbrsglobalstore-7kcc.com\/tr\/wp-json\/wp\/v2\/product_brand?post=35044"},{"taxonomy":"product_cat","embeddable":true,"href":"https:\/\/xn--kbrsglobalstore-7kcc.com\/tr\/wp-json\/wp\/v2\/product_cat?post=35044"},{"taxonomy":"product_tag","embeddable":true,"href":"https:\/\/xn--kbrsglobalstore-7kcc.com\/tr\/wp-json\/wp\/v2\/product_tag?post=35044"}],"curies":[{"name":"wp","href":"https:\/\/api.w.org\/{rel}","templated":true}]}}