{"id":35016,"date":"2026-01-15T12:29:51","date_gmt":"2026-01-15T12:29:51","guid":{"rendered":"https:\/\/xn--kbrsglobalstore-7kcc.com\/?post_type=product&#038;p=35016"},"modified":"2026-01-15T12:29:51","modified_gmt":"2026-01-15T12:29:51","slug":"bearleader-summer-young-girl-casual-2-pieces-bow-decor-vest-and-shorts-set","status":"publish","type":"product","link":"https:\/\/xn--kbrsglobalstore-7kcc.com\/tr\/urun\/bearleader-summer-young-girl-casual-2-pieces-bow-decor-vest-and-shorts-set\/","title":{"rendered":"bearleader Yazl\u0131k Gen\u00e7 K\u0131z G\u00fcnl\u00fck 2 Par\u00e7a Fiyonklu Yelek ve \u015eort Tak\u0131m\u0131"},"content":{"rendered":"<p>BearLeader Yazl\u0131k Gen\u00e7 K\u0131z \u00c7ocuk G\u00fcnl\u00fck 2 Par\u00e7a Fiyonklu Yelek ve \u015eort Tak\u0131m\u0131, e\u011flence dolu yaz g\u00fcnleri i\u00e7in tasarlanm\u0131\u015f sevimli ve \u015f\u0131k bir k\u0131yafet. Sevimli fiyonk detaylar\u0131yla s\u00fcslenmi\u015f b\u00fcy\u00fcleyici bir yelek ve ona uygun rahat \u015forttan olu\u015fan bu tak\u0131m, gen\u00e7 k\u0131zlar i\u00e7in hem e\u011flenceli hem de modaya uygun bir g\u00f6r\u00fcn\u00fcm sunuyor. Yumu\u015fak, nefes alabilen kuma\u015ftan \u00fcretilen bu tak\u0131m, \u00e7ocu\u011funuzu s\u0131cak havalarda serin ve rahat tutar. G\u00fcnl\u00fck kullan\u0131m, geziler, oyun bulu\u015fmalar\u0131, tatiller ve g\u00fcndelik bulu\u015fmalar i\u00e7in m\u00fckemmel olan bu g\u00fczel tak\u0131m, rahatl\u0131\u011f\u0131, sevimlili\u011fi ve zahmetsiz \u015f\u0131kl\u0131\u011f\u0131 bir araya getirerek olmazsa olmaz bir yazl\u0131k k\u0131yafet sunuyor.<\/p>","protected":false},"excerpt":{"rendered":"<p>BearLeader Summer Young Girl Casual 2 Pieces Bow Decor Vest and Shorts Set is an adorable and stylish outfit designed for fun-filled summer days. Featuring a charming vest decorated with cute bow accents paired with matching comfortable shorts, this set offers a playful yet fashionable look for young girls. Crafted from soft, breathable fabric, it [&hellip;]<\/p>","protected":false},"featured_media":35017,"comment_status":"open","ping_status":"closed","template":"","meta":{"_monsterinsights_skip_tracking":false,"_monsterinsights_sitenote_active":false,"_monsterinsights_sitenote_note":"","_monsterinsights_sitenote_category":0},"product_brand":[],"product_cat":[113],"product_tag":[],"class_list":{"0":"post-35016","1":"product","2":"type-product","3":"status-publish","4":"has-post-thumbnail","6":"product_cat-kids-clothing","8":"first","9":"instock","10":"shipping-taxable","11":"purchasable","12":"product-type-simple"},"aioseo_notices":[],"_links":{"self":[{"href":"https:\/\/xn--kbrsglobalstore-7kcc.com\/tr\/wp-json\/wp\/v2\/product\/35016","targetHints":{"allow":["GET"]}}],"collection":[{"href":"https:\/\/xn--kbrsglobalstore-7kcc.com\/tr\/wp-json\/wp\/v2\/product"}],"about":[{"href":"https:\/\/xn--kbrsglobalstore-7kcc.com\/tr\/wp-json\/wp\/v2\/types\/product"}],"replies":[{"embeddable":true,"href":"https:\/\/xn--kbrsglobalstore-7kcc.com\/tr\/wp-json\/wp\/v2\/comments?post=35016"}],"wp:featuredmedia":[{"embeddable":true,"href":"https:\/\/xn--kbrsglobalstore-7kcc.com\/tr\/wp-json\/wp\/v2\/media\/35017"}],"wp:attachment":[{"href":"https:\/\/xn--kbrsglobalstore-7kcc.com\/tr\/wp-json\/wp\/v2\/media?parent=35016"}],"wp:term":[{"taxonomy":"product_brand","embeddable":true,"href":"https:\/\/xn--kbrsglobalstore-7kcc.com\/tr\/wp-json\/wp\/v2\/product_brand?post=35016"},{"taxonomy":"product_cat","embeddable":true,"href":"https:\/\/xn--kbrsglobalstore-7kcc.com\/tr\/wp-json\/wp\/v2\/product_cat?post=35016"},{"taxonomy":"product_tag","embeddable":true,"href":"https:\/\/xn--kbrsglobalstore-7kcc.com\/tr\/wp-json\/wp\/v2\/product_tag?post=35016"}],"curies":[{"name":"wp","href":"https:\/\/api.w.org\/{rel}","templated":true}]}}