{"id":35009,"date":"2026-01-15T12:26:53","date_gmt":"2026-01-15T12:26:53","guid":{"rendered":"https:\/\/xn--kbrsglobalstore-7kcc.com\/?post_type=product&#038;p=35009"},"modified":"2026-01-15T12:26:53","modified_gmt":"2026-01-15T12:26:53","slug":"shein-2-piece-set-young-boys-boys-casual-sports-college-literary-retro-black-and-white-striped-round-neck-t-shirt-and-white-shorts-suit-with-shawl-decoration-suitable-for-childrens-clothing-young","status":"publish","type":"product","link":"https:\/\/xn--kbrsglobalstore-7kcc.com\/tr\/urun\/shein-2-piece-set-young-boys-boys-casual-sports-college-literary-retro-black-and-white-striped-round-neck-t-shirt-and-white-shorts-suit-with-shawl-decoration-suitable-for-childrens-clothing-young\/","title":{"rendered":"SHEIN 2 Par\u00e7al\u0131 Tak\u0131m, Gen\u00e7 Erkek \u00c7ocuklar \u0130\u00e7in G\u00fcnl\u00fck Spor Kolej Tarz\u0131 Edebi Retro Siyah Beyaz \u00c7izgili Yuvarlak Yaka Ti\u015f\u00f6rt ve \u015eal S\u00fcslemeli Beyaz \u015eort Tak\u0131m\u0131, \u00c7ocuk Giyimine Uygun, Gen\u00e7 Erkek \u00c7ocuk K\u0131yafetleri, Okula D\u00f6n\u00fc\u015f Tak\u0131m\u0131, Do\u011fum G\u00fcn\u00fc Partileri \u0130\u00e7in Uygun."},"content":{"rendered":"<p class=\"translation-block\"><strong data-start=\"79\" data-end=\"156\">SHEIN 2 Par\u00e7a Tak\u0131m Gen\u00e7 Erkek \u00c7ocuklar \u0130\u00e7in G\u00fcnl\u00fck Spor Kolej Edebiyat Retro K\u0131yafet<\/strong>, modern gen\u00e7 erkek \u00e7ocuklar i\u00e7in tasarlanm\u0131\u015f \u015f\u0131k ve rahat bir giyim setidir. Klasik siyah-beyaz \u00e7izgili yuvarlak yakal\u0131 ti\u015f\u00f6rt, temiz beyaz \u015fort ve modaya uygun \u015fal tarz\u0131 bir s\u00fcslemeyle tamamlanan bu k\u0131yafet, sportif, retro ve kolej esintili modan\u0131n e\u015fsiz bir kar\u0131\u015f\u0131m\u0131n\u0131 sunar. Yumu\u015fak, nefes alabilen kuma\u015ftan \u00fcretilmi\u015f ve rahat bir kesime sahip olan bu set, aktif oyun ve g\u00fcnl\u00fck giyim i\u00e7in g\u00fcn boyu konfor sa\u011flar.<\/p>","protected":false},"excerpt":{"rendered":"<p>SHEIN 2-Piece Set Young Boys\u2019 Casual Sports College Literary Retro Outfit is a stylish and comfortable clothing set designed for modern young boys. Featuring a classic black-and-white striped round neck T-shirt paired with clean white shorts and finished with a trendy shawl-style decoration, this outfit delivers a unique blend of sporty, retro, and college-inspired fashion. [&hellip;]<\/p>","protected":false},"featured_media":35010,"comment_status":"open","ping_status":"closed","template":"","meta":{"_monsterinsights_skip_tracking":false,"_monsterinsights_sitenote_active":false,"_monsterinsights_sitenote_note":"","_monsterinsights_sitenote_category":0},"product_brand":[],"product_cat":[113],"product_tag":[],"class_list":{"0":"post-35009","1":"product","2":"type-product","3":"status-publish","4":"has-post-thumbnail","6":"product_cat-kids-clothing","8":"first","9":"instock","10":"shipping-taxable","11":"purchasable","12":"product-type-simple"},"aioseo_notices":[],"_links":{"self":[{"href":"https:\/\/xn--kbrsglobalstore-7kcc.com\/tr\/wp-json\/wp\/v2\/product\/35009","targetHints":{"allow":["GET"]}}],"collection":[{"href":"https:\/\/xn--kbrsglobalstore-7kcc.com\/tr\/wp-json\/wp\/v2\/product"}],"about":[{"href":"https:\/\/xn--kbrsglobalstore-7kcc.com\/tr\/wp-json\/wp\/v2\/types\/product"}],"replies":[{"embeddable":true,"href":"https:\/\/xn--kbrsglobalstore-7kcc.com\/tr\/wp-json\/wp\/v2\/comments?post=35009"}],"wp:featuredmedia":[{"embeddable":true,"href":"https:\/\/xn--kbrsglobalstore-7kcc.com\/tr\/wp-json\/wp\/v2\/media\/35010"}],"wp:attachment":[{"href":"https:\/\/xn--kbrsglobalstore-7kcc.com\/tr\/wp-json\/wp\/v2\/media?parent=35009"}],"wp:term":[{"taxonomy":"product_brand","embeddable":true,"href":"https:\/\/xn--kbrsglobalstore-7kcc.com\/tr\/wp-json\/wp\/v2\/product_brand?post=35009"},{"taxonomy":"product_cat","embeddable":true,"href":"https:\/\/xn--kbrsglobalstore-7kcc.com\/tr\/wp-json\/wp\/v2\/product_cat?post=35009"},{"taxonomy":"product_tag","embeddable":true,"href":"https:\/\/xn--kbrsglobalstore-7kcc.com\/tr\/wp-json\/wp\/v2\/product_tag?post=35009"}],"curies":[{"name":"wp","href":"https:\/\/api.w.org\/{rel}","templated":true}]}}