{"id":35002,"date":"2026-01-15T12:23:31","date_gmt":"2026-01-15T12:23:31","guid":{"rendered":"https:\/\/xn--kbrsglobalstore-7kcc.com\/?post_type=product&#038;p=35002"},"modified":"2026-01-15T12:23:31","modified_gmt":"2026-01-15T12:23:31","slug":"shein-tween-girls-solid-pink-color-elegant-retroback-to-school-party-outfitsbirthday-outfitsprom-dress-knitted-one-shoulder-pleated-long-dress-great-for-autumn-winter-casual-daily-wear-school","status":"publish","type":"product","link":"https:\/\/xn--kbrsglobalstore-7kcc.com\/tr\/urun\/shein-tween-girls-solid-pink-color-elegant-retroback-to-school-party-outfitsbirthday-outfitsprom-dress-knitted-one-shoulder-pleated-long-dress-great-for-autumn-winter-casual-daily-wear-school\/","title":{"rendered":"SHEIN Gen\u00e7 K\u0131z \u00c7ocuklar\u0131 \u0130\u00e7in D\u00fcz Pembe Renk, Zarif Retro, Okula D\u00f6n\u00fc\u015f\/Parti K\u0131yafetleri, Do\u011fum G\u00fcn\u00fc K\u0131yafetleri, Mezuniyet Elbisesi, \u00d6rg\u00fc Tek Omuzlu Pileli Uzun Elbise, Sonbahar\/K\u0131\u015f G\u00fcnl\u00fck Giyim, Okul, Parti \u0130\u00e7in M\u00fckemmel"},"content":{"rendered":"<p>SHEIN Gen\u00e7 K\u0131z \u00c7ocuklar\u0131 \u0130\u00e7in D\u00fcz Pembe Zarif Retro \u00d6rg\u00fc Tek Omuzlu Pileli Uzun Elbise, her \u00f6zel an\u0131 daha da \u00f6zel k\u0131lmak i\u00e7in tasarlanm\u0131\u015f zarif ve \u015f\u0131k bir par\u00e7ad\u0131r. \u015e\u0131k tek omuzlu tasar\u0131m\u0131 ve narin pile detaylar\u0131yla yumu\u015fak d\u00fcz pembe rengiyle bu elbise, retro zarafeti modern \u00e7ekicilikle birle\u015ftiriyor. \u00d6rg\u00fc kuma\u015f\u0131 s\u0131cakl\u0131k ve konfor sa\u011flayarak sonbahar ve k\u0131\u015f mevsimleri i\u00e7in m\u00fckemmeldir. Okula d\u00f6n\u00fc\u015f etkinlikleri, partiler, do\u011fum g\u00fcnleri, mezuniyet balolar\u0131 ve g\u00fcnl\u00fck kullan\u0131m i\u00e7in ideal olan bu uzun elbise, t\u00fcm g\u00fcn konforu korurken ho\u015f bir sil\u00fcet sunar.<\/p>","protected":false},"excerpt":{"rendered":"<p>SHEIN Tween Girls Solid Pink Elegant Retro Knitted One-Shoulder Pleated Long Dress is a graceful and fashionable piece designed to make every occasion feel special. Featuring a soft solid pink color with a stylish one-shoulder design and delicate pleated detailing, this dress blends retro elegance with modern charm. The knitted fabric provides warmth and comfort, [&hellip;]<\/p>","protected":false},"featured_media":35003,"comment_status":"open","ping_status":"closed","template":"","meta":{"_monsterinsights_skip_tracking":false,"_monsterinsights_sitenote_active":false,"_monsterinsights_sitenote_note":"","_monsterinsights_sitenote_category":0},"product_brand":[],"product_cat":[113],"product_tag":[],"class_list":{"0":"post-35002","1":"product","2":"type-product","3":"status-publish","4":"has-post-thumbnail","6":"product_cat-kids-clothing","8":"first","9":"instock","10":"shipping-taxable","11":"purchasable","12":"product-type-simple"},"aioseo_notices":[],"_links":{"self":[{"href":"https:\/\/xn--kbrsglobalstore-7kcc.com\/tr\/wp-json\/wp\/v2\/product\/35002","targetHints":{"allow":["GET"]}}],"collection":[{"href":"https:\/\/xn--kbrsglobalstore-7kcc.com\/tr\/wp-json\/wp\/v2\/product"}],"about":[{"href":"https:\/\/xn--kbrsglobalstore-7kcc.com\/tr\/wp-json\/wp\/v2\/types\/product"}],"replies":[{"embeddable":true,"href":"https:\/\/xn--kbrsglobalstore-7kcc.com\/tr\/wp-json\/wp\/v2\/comments?post=35002"}],"wp:featuredmedia":[{"embeddable":true,"href":"https:\/\/xn--kbrsglobalstore-7kcc.com\/tr\/wp-json\/wp\/v2\/media\/35003"}],"wp:attachment":[{"href":"https:\/\/xn--kbrsglobalstore-7kcc.com\/tr\/wp-json\/wp\/v2\/media?parent=35002"}],"wp:term":[{"taxonomy":"product_brand","embeddable":true,"href":"https:\/\/xn--kbrsglobalstore-7kcc.com\/tr\/wp-json\/wp\/v2\/product_brand?post=35002"},{"taxonomy":"product_cat","embeddable":true,"href":"https:\/\/xn--kbrsglobalstore-7kcc.com\/tr\/wp-json\/wp\/v2\/product_cat?post=35002"},{"taxonomy":"product_tag","embeddable":true,"href":"https:\/\/xn--kbrsglobalstore-7kcc.com\/tr\/wp-json\/wp\/v2\/product_tag?post=35002"}],"curies":[{"name":"wp","href":"https:\/\/api.w.org\/{rel}","templated":true}]}}