{"id":34986,"date":"2026-01-15T12:16:30","date_gmt":"2026-01-15T12:16:30","guid":{"rendered":"https:\/\/xn--kbrsglobalstore-7kcc.com\/?post_type=product&#038;p=34986"},"modified":"2026-01-15T12:16:30","modified_gmt":"2026-01-15T12:16:30","slug":"shein-2pcs-set-young-girl-floral-decor-striped-halter-top-and-wide-leg-pants-cute-outfit","status":"publish","type":"product","link":"https:\/\/xn--kbrsglobalstore-7kcc.com\/tr\/urun\/shein-2pcs-set-young-girl-floral-decor-striped-halter-top-and-wide-leg-pants-cute-outfit\/","title":{"rendered":"SHEIN 2 Par\u00e7a\/Set Gen\u00e7 K\u0131z \u00c7ocuk \u00c7i\u00e7ek Desenli \u00c7izgili Ask\u0131l\u0131 Bluz ve Geni\u015f Pa\u00e7al\u0131 Pantolon Sevimli K\u0131yafet"},"content":{"rendered":"<p>SHEIN 2 Par\u00e7a\/Set Gen\u00e7 K\u0131z \u00c7i\u00e7ek Desenli \u00c7izgili Ask\u0131l\u0131 Bluz ve Geni\u015f Pa\u00e7al\u0131 Pantolon Sevimli K\u0131yafet, g\u00fcnl\u00fck modaya \u00e7ekicilik ve rahatl\u0131k katmak i\u00e7in tasarlanm\u0131\u015f, taze ve \u015f\u0131k bir kombin. Bu sevimli set, \u00e7i\u00e7ek desenleriyle g\u00fczelce s\u00fcslenmi\u015f \u00e7izgili ask\u0131l\u0131 bluz ve trend ve e\u011flenceli bir g\u00f6r\u00fcn\u00fcm yaratan rahat geni\u015f pa\u00e7al\u0131 pantolondan olu\u015fuyor. Nefes alabilirlik ve kolay hareket i\u00e7in tasarlanan bu k\u0131yafet, s\u0131cak havalarda, gezilerde, aile toplant\u0131lar\u0131nda, tatillerde ve g\u00fcndelik etkinliklerde giymek i\u00e7in m\u00fckemmeldir. Ne\u015feli tasar\u0131m\u0131 ve rahat kesimiyle bu k\u0131yafet, gen\u00e7 k\u0131zlar i\u00e7in sevimlilik ve modern stilin m\u00fckemmel dengesini sunuyor.<\/p>","protected":false},"excerpt":{"rendered":"<p>SHEIN 2pcs\/Set Young Girl Floral Decor Striped Halter Top and Wide Leg Pants Cute Outfit is a fresh and stylish ensemble designed to bring charm and comfort to everyday fashion. This adorable set features a striped halter top beautifully decorated with floral accents, paired with relaxed wide-leg pants that create a trendy and playful look. [&hellip;]<\/p>","protected":false},"featured_media":34987,"comment_status":"open","ping_status":"closed","template":"","meta":{"_monsterinsights_skip_tracking":false,"_monsterinsights_sitenote_active":false,"_monsterinsights_sitenote_note":"","_monsterinsights_sitenote_category":0},"product_brand":[],"product_cat":[113],"product_tag":[],"class_list":{"0":"post-34986","1":"product","2":"type-product","3":"status-publish","4":"has-post-thumbnail","6":"product_cat-kids-clothing","8":"first","9":"instock","10":"shipping-taxable","11":"purchasable","12":"product-type-simple"},"aioseo_notices":[],"_links":{"self":[{"href":"https:\/\/xn--kbrsglobalstore-7kcc.com\/tr\/wp-json\/wp\/v2\/product\/34986","targetHints":{"allow":["GET"]}}],"collection":[{"href":"https:\/\/xn--kbrsglobalstore-7kcc.com\/tr\/wp-json\/wp\/v2\/product"}],"about":[{"href":"https:\/\/xn--kbrsglobalstore-7kcc.com\/tr\/wp-json\/wp\/v2\/types\/product"}],"replies":[{"embeddable":true,"href":"https:\/\/xn--kbrsglobalstore-7kcc.com\/tr\/wp-json\/wp\/v2\/comments?post=34986"}],"wp:featuredmedia":[{"embeddable":true,"href":"https:\/\/xn--kbrsglobalstore-7kcc.com\/tr\/wp-json\/wp\/v2\/media\/34987"}],"wp:attachment":[{"href":"https:\/\/xn--kbrsglobalstore-7kcc.com\/tr\/wp-json\/wp\/v2\/media?parent=34986"}],"wp:term":[{"taxonomy":"product_brand","embeddable":true,"href":"https:\/\/xn--kbrsglobalstore-7kcc.com\/tr\/wp-json\/wp\/v2\/product_brand?post=34986"},{"taxonomy":"product_cat","embeddable":true,"href":"https:\/\/xn--kbrsglobalstore-7kcc.com\/tr\/wp-json\/wp\/v2\/product_cat?post=34986"},{"taxonomy":"product_tag","embeddable":true,"href":"https:\/\/xn--kbrsglobalstore-7kcc.com\/tr\/wp-json\/wp\/v2\/product_tag?post=34986"}],"curies":[{"name":"wp","href":"https:\/\/api.w.org\/{rel}","templated":true}]}}