{"id":34977,"date":"2026-01-15T12:13:05","date_gmt":"2026-01-15T12:13:05","guid":{"rendered":"https:\/\/xn--kbrsglobalstore-7kcc.com\/?post_type=product&#038;p=34977"},"modified":"2026-01-15T12:13:05","modified_gmt":"2026-01-15T12:13:05","slug":"tween-girls-casual-middle-eastern-girl-cute-print-tunic-pants-set-suitable-for-outings-and-vacations","status":"publish","type":"product","link":"https:\/\/xn--kbrsglobalstore-7kcc.com\/tr\/urun\/tween-girls-casual-middle-eastern-girl-cute-print-tunic-pants-set-suitable-for-outings-and-vacations\/","title":{"rendered":"Gen\u00e7 K\u0131zlar \u0130\u00e7in G\u00fcnl\u00fck Kullan\u0131ma Uygun, Orta Do\u011fu Tarz\u0131 Sevimli Bask\u0131l\u0131 Tunik ve Pantolon Tak\u0131m\u0131, Geziler ve Tatiller \u0130\u00e7in \u0130deal"},"content":{"rendered":"<p>Orta Do\u011fu esintili sevimli bask\u0131l\u0131 tunik ve pantolon tak\u0131m\u0131, k\u00fclt\u00fcrel zarafeti g\u00fcnl\u00fck stille birle\u015ftirmek i\u00e7in tasarlanm\u0131\u015f, b\u00fcy\u00fcleyici ve rahat bir k\u0131yafet. G\u00fczel bask\u0131l\u0131 bir tunik ve ona uygun pantolondan olu\u015fan bu tak\u0131m, geziler, aile toplant\u0131lar\u0131 ve tatiller i\u00e7in m\u00fckemmel, m\u00fctevaz\u0131 ama modern bir g\u00f6r\u00fcn\u00fcm sunuyor. Yumu\u015fak, nefes alabilen kuma\u015ftan ve rahat kesimden \u00fcretilen bu tak\u0131m, zarif bir g\u00f6r\u00fcn\u00fcm\u00fc korurken g\u00fcn boyu konfor sa\u011fl\u0131yor. G\u00fcnl\u00fck giyim ve seyahat i\u00e7in ideal olan bu \u00e7ok y\u00f6nl\u00fc tak\u0131m, gen\u00e7 k\u0131zlar\u0131n zahmetsizce \u015f\u0131k g\u00f6r\u00fcn\u00fcrken \u00f6zg\u00fcrce ve g\u00fcvenle hareket etmelerini sa\u011fl\u0131yor.<\/p>","protected":false},"excerpt":{"rendered":"<p>Tween Girls Casual Middle Eastern Girl Cute Print Tunic &amp; Pants Set is a charming and comfortable outfit designed to combine cultural elegance with everyday style. Featuring a beautifully printed tunic paired with matching pants, this set offers a modest yet modern look that is perfect for outings, family gatherings, and vacations. Crafted from soft, [&hellip;]<\/p>","protected":false},"featured_media":34978,"comment_status":"open","ping_status":"closed","template":"","meta":{"_monsterinsights_skip_tracking":false,"_monsterinsights_sitenote_active":false,"_monsterinsights_sitenote_note":"","_monsterinsights_sitenote_category":0},"product_brand":[],"product_cat":[113],"product_tag":[],"class_list":{"0":"post-34977","1":"product","2":"type-product","3":"status-publish","4":"has-post-thumbnail","6":"product_cat-kids-clothing","8":"first","9":"instock","10":"shipping-taxable","11":"purchasable","12":"product-type-simple"},"aioseo_notices":[],"_links":{"self":[{"href":"https:\/\/xn--kbrsglobalstore-7kcc.com\/tr\/wp-json\/wp\/v2\/product\/34977","targetHints":{"allow":["GET"]}}],"collection":[{"href":"https:\/\/xn--kbrsglobalstore-7kcc.com\/tr\/wp-json\/wp\/v2\/product"}],"about":[{"href":"https:\/\/xn--kbrsglobalstore-7kcc.com\/tr\/wp-json\/wp\/v2\/types\/product"}],"replies":[{"embeddable":true,"href":"https:\/\/xn--kbrsglobalstore-7kcc.com\/tr\/wp-json\/wp\/v2\/comments?post=34977"}],"wp:featuredmedia":[{"embeddable":true,"href":"https:\/\/xn--kbrsglobalstore-7kcc.com\/tr\/wp-json\/wp\/v2\/media\/34978"}],"wp:attachment":[{"href":"https:\/\/xn--kbrsglobalstore-7kcc.com\/tr\/wp-json\/wp\/v2\/media?parent=34977"}],"wp:term":[{"taxonomy":"product_brand","embeddable":true,"href":"https:\/\/xn--kbrsglobalstore-7kcc.com\/tr\/wp-json\/wp\/v2\/product_brand?post=34977"},{"taxonomy":"product_cat","embeddable":true,"href":"https:\/\/xn--kbrsglobalstore-7kcc.com\/tr\/wp-json\/wp\/v2\/product_cat?post=34977"},{"taxonomy":"product_tag","embeddable":true,"href":"https:\/\/xn--kbrsglobalstore-7kcc.com\/tr\/wp-json\/wp\/v2\/product_tag?post=34977"}],"curies":[{"name":"wp","href":"https:\/\/api.w.org\/{rel}","templated":true}]}}