{"id":34969,"date":"2026-01-15T12:09:38","date_gmt":"2026-01-15T12:09:38","guid":{"rendered":"https:\/\/xn--kbrsglobalstore-7kcc.com\/?post_type=product&#038;p=34969"},"modified":"2026-01-15T12:09:38","modified_gmt":"2026-01-15T12:09:38","slug":"shein-2pcs-young-boys-casual-street-fashion-korean-style-acid-washed-hoodie-and-solid-elastic-waist-sweatpants-set-suitable-for-back-to-school-birthday-baby-shower-holiday-party-autumn-winter","status":"publish","type":"product","link":"https:\/\/xn--kbrsglobalstore-7kcc.com\/tr\/urun\/shein-2pcs-young-boys-casual-street-fashion-korean-style-acid-washed-hoodie-and-solid-elastic-waist-sweatpants-set-suitable-for-back-to-school-birthday-baby-shower-holiday-party-autumn-winter\/","title":{"rendered":"SHEIN 2 Par\u00e7a Gen\u00e7 Erkek \u00c7ocuklar \u0130\u00e7in G\u00fcnl\u00fck Sokak Modas\u0131 Kore Tarz\u0131 Asit Y\u0131kamal\u0131 Kap\u00fc\u015fonlu Sweatshirt ve D\u00fcz Renk Lastikli Bel E\u015fofman Tak\u0131m\u0131, Okula D\u00f6n\u00fc\u015f, Do\u011fum G\u00fcn\u00fc, Bebek Partisi, Tatil Partisi, Sonbahar\/K\u0131\u015f \u0130\u00e7in Uygundur"},"content":{"rendered":"<p>SHEIN 2 Par\u00e7a Gen\u00e7 Erkek \u00c7ocuklar \u0130\u00e7in G\u00fcnl\u00fck Sokak Modas\u0131 Kore Tarz\u0131 Asit Y\u0131kamal\u0131 Kap\u00fc\u015fonlu Sweatshirt ve D\u00fcz Renk Lastikli Bel E\u015fofman Tak\u0131m\u0131, \u015f\u0131k g\u00fcnl\u00fck giyim i\u00e7in tasarlanm\u0131\u015f, trend ve rahat bir k\u0131yafet setidir. Modaya uygun asit y\u0131kamal\u0131 kap\u00fc\u015fonlu sweatshirt ile d\u00fcz renk lastikli bel e\u015fofman alt\u0131ndan olu\u015fan bu set, Kore modas\u0131ndan ilham alan modern bir sokak giyim g\u00f6r\u00fcn\u00fcm\u00fc sunar. Rahat kesimi ve yumu\u015fak kuma\u015f\u0131 g\u00fcn boyu konfor sa\u011flar; bu da onu okula d\u00f6n\u00fc\u015f, do\u011fum g\u00fcnleri, bebek partileri, tatil partileri ve g\u00fcnl\u00fck geziler i\u00e7in m\u00fckemmel k\u0131lar.<\/p>","protected":false},"excerpt":{"rendered":"<p>SHEIN 2pcs Young Boys Casual Street Fashion Korean Style Acid-Washed Hoodie and Solid Elastic Waist Sweatpants Set is a trendy and comfortable outfit designed for stylish everyday wear. Featuring a fashionable acid-washed hoodie paired with solid-color sweatpants with an elastic waist, this set delivers a modern streetwear look inspired by Korean fashion. The relaxed fit [&hellip;]<\/p>","protected":false},"featured_media":34970,"comment_status":"open","ping_status":"closed","template":"","meta":{"_monsterinsights_skip_tracking":false,"_monsterinsights_sitenote_active":false,"_monsterinsights_sitenote_note":"","_monsterinsights_sitenote_category":0},"product_brand":[],"product_cat":[113],"product_tag":[],"class_list":{"0":"post-34969","1":"product","2":"type-product","3":"status-publish","4":"has-post-thumbnail","6":"product_cat-kids-clothing","8":"first","9":"instock","10":"shipping-taxable","11":"purchasable","12":"product-type-simple"},"aioseo_notices":[],"_links":{"self":[{"href":"https:\/\/xn--kbrsglobalstore-7kcc.com\/tr\/wp-json\/wp\/v2\/product\/34969","targetHints":{"allow":["GET"]}}],"collection":[{"href":"https:\/\/xn--kbrsglobalstore-7kcc.com\/tr\/wp-json\/wp\/v2\/product"}],"about":[{"href":"https:\/\/xn--kbrsglobalstore-7kcc.com\/tr\/wp-json\/wp\/v2\/types\/product"}],"replies":[{"embeddable":true,"href":"https:\/\/xn--kbrsglobalstore-7kcc.com\/tr\/wp-json\/wp\/v2\/comments?post=34969"}],"wp:featuredmedia":[{"embeddable":true,"href":"https:\/\/xn--kbrsglobalstore-7kcc.com\/tr\/wp-json\/wp\/v2\/media\/34970"}],"wp:attachment":[{"href":"https:\/\/xn--kbrsglobalstore-7kcc.com\/tr\/wp-json\/wp\/v2\/media?parent=34969"}],"wp:term":[{"taxonomy":"product_brand","embeddable":true,"href":"https:\/\/xn--kbrsglobalstore-7kcc.com\/tr\/wp-json\/wp\/v2\/product_brand?post=34969"},{"taxonomy":"product_cat","embeddable":true,"href":"https:\/\/xn--kbrsglobalstore-7kcc.com\/tr\/wp-json\/wp\/v2\/product_cat?post=34969"},{"taxonomy":"product_tag","embeddable":true,"href":"https:\/\/xn--kbrsglobalstore-7kcc.com\/tr\/wp-json\/wp\/v2\/product_tag?post=34969"}],"curies":[{"name":"wp","href":"https:\/\/api.w.org\/{rel}","templated":true}]}}