{"id":34955,"date":"2026-01-15T12:02:52","date_gmt":"2026-01-15T12:02:52","guid":{"rendered":"https:\/\/xn--kbrsglobalstore-7kcc.com\/?post_type=product&#038;p=34955"},"modified":"2026-01-15T12:02:52","modified_gmt":"2026-01-15T12:02:52","slug":"1-set-boys-letter-print-black-round-neck-short-sleeve-t-shirt-and-shorts-casual-minimalist-street-style-outfit-suitable-for-outdoor-sports-daily-wear-spring-summer-autumn-winter-comfortable-h","status":"publish","type":"product","link":"https:\/\/xn--kbrsglobalstore-7kcc.com\/tr\/urun\/1-set-boys-letter-print-black-round-neck-short-sleeve-t-shirt-and-shorts-casual-minimalist-street-style-outfit-suitable-for-outdoor-sports-daily-wear-spring-summer-autumn-winter-comfortable-h\/","title":{"rendered":"1 Tak\u0131m Erkek \u00c7ocuk \u0130\u00e7in Harf Bask\u0131l\u0131 Siyah Yuvarlak Yaka K\u0131sa Kollu Ti\u015f\u00f6rt ve \u015eort, G\u00fcnl\u00fck Kullan\u0131m, A\u00e7\u0131k Hava Sporlar\u0131, \u0130lkbahar, Yaz, Sonbahar, K\u0131\u015f Aylar\u0131nda Rahat Kullan\u0131m \u0130\u00e7in Uygun, Rahat Minimalist Sokak Stili K\u0131yafet, Evde Konforlu"},"content":{"rendered":"<p>1 Tak\u0131m Erkek \u00c7ocuk Siyah Yuvarlak Yaka K\u0131sa Kollu Ti\u015f\u00f6rt ve \u015eort, g\u00fcnl\u00fck rahatl\u0131k ve modern sokak stili i\u00e7in tasarlanm\u0131\u015f \u00e7ok y\u00f6nl\u00fc ve \u015f\u0131k bir g\u00fcnl\u00fck k\u0131yafet setidir. Cesur harf bask\u0131l\u0131 klasik siyah ti\u015f\u00f6rt ve uyumlu \u015forttan olu\u015fan bu minimalist set, her ya\u015ftan erkek \u00e7ocuk i\u00e7in uygun, haval\u0131 ve sportif bir g\u00f6r\u00fcn\u00fcm sunar. Yumu\u015fak, nefes alabilen kuma\u015ftan \u00fcretilmi\u015f ve rahat bir kesime sahip olan bu set, a\u00e7\u0131k hava sporlar\u0131, okul aktiviteleri, g\u00fcnl\u00fck giyim ve evde rahatlama i\u00e7in m\u00fckemmel konfor sa\u011flar. \u0130lkbahar, yaz, sonbahar ve hatta \u0131l\u0131man k\u0131\u015f aylar\u0131nda katmanl\u0131 giyim i\u00e7in m\u00fckemmel olan bu k\u0131yafet, \u00e7ocuklar\u0131 rahat ve \u015f\u0131k tutarken y\u0131l boyunca giyilebilirlik sunar.<\/p>","protected":false},"excerpt":{"rendered":"<p>1 Set Boys&#8217; Letter Print Black Round Neck Short Sleeve T-Shirt and Shorts is a versatile and stylish casual outfit designed for everyday comfort and modern street style. Featuring a classic black T-shirt with bold letter print and a matching pair of shorts, this minimalist set delivers a cool, sporty look suitable for boys of [&hellip;]<\/p>","protected":false},"featured_media":34956,"comment_status":"open","ping_status":"closed","template":"","meta":{"_monsterinsights_skip_tracking":false,"_monsterinsights_sitenote_active":false,"_monsterinsights_sitenote_note":"","_monsterinsights_sitenote_category":0},"product_brand":[],"product_cat":[113],"product_tag":[],"class_list":{"0":"post-34955","1":"product","2":"type-product","3":"status-publish","4":"has-post-thumbnail","6":"product_cat-kids-clothing","8":"first","9":"instock","10":"shipping-taxable","11":"purchasable","12":"product-type-simple"},"aioseo_notices":[],"_links":{"self":[{"href":"https:\/\/xn--kbrsglobalstore-7kcc.com\/tr\/wp-json\/wp\/v2\/product\/34955","targetHints":{"allow":["GET"]}}],"collection":[{"href":"https:\/\/xn--kbrsglobalstore-7kcc.com\/tr\/wp-json\/wp\/v2\/product"}],"about":[{"href":"https:\/\/xn--kbrsglobalstore-7kcc.com\/tr\/wp-json\/wp\/v2\/types\/product"}],"replies":[{"embeddable":true,"href":"https:\/\/xn--kbrsglobalstore-7kcc.com\/tr\/wp-json\/wp\/v2\/comments?post=34955"}],"wp:featuredmedia":[{"embeddable":true,"href":"https:\/\/xn--kbrsglobalstore-7kcc.com\/tr\/wp-json\/wp\/v2\/media\/34956"}],"wp:attachment":[{"href":"https:\/\/xn--kbrsglobalstore-7kcc.com\/tr\/wp-json\/wp\/v2\/media?parent=34955"}],"wp:term":[{"taxonomy":"product_brand","embeddable":true,"href":"https:\/\/xn--kbrsglobalstore-7kcc.com\/tr\/wp-json\/wp\/v2\/product_brand?post=34955"},{"taxonomy":"product_cat","embeddable":true,"href":"https:\/\/xn--kbrsglobalstore-7kcc.com\/tr\/wp-json\/wp\/v2\/product_cat?post=34955"},{"taxonomy":"product_tag","embeddable":true,"href":"https:\/\/xn--kbrsglobalstore-7kcc.com\/tr\/wp-json\/wp\/v2\/product_tag?post=34955"}],"curies":[{"name":"wp","href":"https:\/\/api.w.org\/{rel}","templated":true}]}}