{"id":34948,"date":"2026-01-15T12:00:10","date_gmt":"2026-01-15T12:00:10","guid":{"rendered":"https:\/\/xn--kbrsglobalstore-7kcc.com\/?post_type=product&#038;p=34948"},"modified":"2026-01-15T12:00:10","modified_gmt":"2026-01-15T12:00:10","slug":"shein-2pcs-set-young-boys-loose-comfortable-casual-matching-set-contrast-color-block-knit-crew-neck-short-sleeve-t-shirt-and-shorts-suitable-for-spring-summer-daily-wear-sports-outings","status":"publish","type":"product","link":"https:\/\/xn--kbrsglobalstore-7kcc.com\/tr\/urun\/shein-2pcs-set-young-boys-loose-comfortable-casual-matching-set-contrast-color-block-knit-crew-neck-short-sleeve-t-shirt-and-shorts-suitable-for-spring-summer-daily-wear-sports-outings\/","title":{"rendered":"SHEIN 2 Par\u00e7a\/Set Gen\u00e7 Erkek \u00c7ocuklar \u0130\u00e7in Bol ve Rahat G\u00fcnl\u00fck Tak\u0131m, Kontrast Renk Bloklu \u00d6rg\u00fc Yuvarlak Yaka K\u0131sa Kollu Ti\u015f\u00f6rt ve \u015eort, \u0130lkbahar\/Yaz, G\u00fcnl\u00fck Giyim, Spor, Gezintiler \u0130\u00e7in Uygundur."},"content":{"rendered":"<p>SHEIN 2 Par\u00e7al\u0131 Gen\u00e7 Erkek \u00c7ocuklar \u0130\u00e7in Bol ve Rahat G\u00fcnl\u00fck E\u015fle\u015fen Tak\u0131m, aktif g\u00fcnl\u00fck kullan\u0131m i\u00e7in tasarlanm\u0131\u015f \u015f\u0131k ve pratik bir k\u0131yafet setidir. Bu set, kontrast renk bloklu \u00f6rg\u00fc yuvarlak yakal\u0131 k\u0131sa kollu ti\u015f\u00f6rt ve ona uygun \u015forttan olu\u015farak modern ve sportif bir g\u00f6r\u00fcn\u00fcm yarat\u0131r. Rahatl\u0131k i\u00e7in bol kesimle tasarlanan bu set, kolay hareket imkan\u0131 sa\u011flayarak oyun zaman\u0131, spor, okul aktiviteleri ve g\u00fcnl\u00fck geziler i\u00e7in m\u00fckemmeldir. \u0130lkbahar ve yaz mevsimleri i\u00e7in ideal olan bu nefes alabilen ve hafif set, gen\u00e7 erkek \u00e7ocuklar\u0131n serin ve rahat hissetmelerini sa\u011flarken zahmetsizce \u015f\u0131k g\u00f6r\u00fcnmelerini de sa\u011flar.<\/p>","protected":false},"excerpt":{"rendered":"<p>SHEIN 2pcs\/Set Young Boys&#8217; Loose &amp; Comfortable Casual Matching Set is a stylish and practical outfit designed for active everyday wear. This set features a contrast color block knit crew neck short sleeve T-shirt paired with matching shorts, creating a modern and sporty look. Crafted for comfort with a loose fit, it allows easy movement, [&hellip;]<\/p>","protected":false},"featured_media":34949,"comment_status":"open","ping_status":"closed","template":"","meta":{"_monsterinsights_skip_tracking":false,"_monsterinsights_sitenote_active":false,"_monsterinsights_sitenote_note":"","_monsterinsights_sitenote_category":0},"product_brand":[],"product_cat":[113],"product_tag":[],"class_list":{"0":"post-34948","1":"product","2":"type-product","3":"status-publish","4":"has-post-thumbnail","6":"product_cat-kids-clothing","8":"first","9":"instock","10":"shipping-taxable","11":"purchasable","12":"product-type-simple"},"aioseo_notices":[],"_links":{"self":[{"href":"https:\/\/xn--kbrsglobalstore-7kcc.com\/tr\/wp-json\/wp\/v2\/product\/34948","targetHints":{"allow":["GET"]}}],"collection":[{"href":"https:\/\/xn--kbrsglobalstore-7kcc.com\/tr\/wp-json\/wp\/v2\/product"}],"about":[{"href":"https:\/\/xn--kbrsglobalstore-7kcc.com\/tr\/wp-json\/wp\/v2\/types\/product"}],"replies":[{"embeddable":true,"href":"https:\/\/xn--kbrsglobalstore-7kcc.com\/tr\/wp-json\/wp\/v2\/comments?post=34948"}],"wp:featuredmedia":[{"embeddable":true,"href":"https:\/\/xn--kbrsglobalstore-7kcc.com\/tr\/wp-json\/wp\/v2\/media\/34949"}],"wp:attachment":[{"href":"https:\/\/xn--kbrsglobalstore-7kcc.com\/tr\/wp-json\/wp\/v2\/media?parent=34948"}],"wp:term":[{"taxonomy":"product_brand","embeddable":true,"href":"https:\/\/xn--kbrsglobalstore-7kcc.com\/tr\/wp-json\/wp\/v2\/product_brand?post=34948"},{"taxonomy":"product_cat","embeddable":true,"href":"https:\/\/xn--kbrsglobalstore-7kcc.com\/tr\/wp-json\/wp\/v2\/product_cat?post=34948"},{"taxonomy":"product_tag","embeddable":true,"href":"https:\/\/xn--kbrsglobalstore-7kcc.com\/tr\/wp-json\/wp\/v2\/product_tag?post=34948"}],"curies":[{"name":"wp","href":"https:\/\/api.w.org\/{rel}","templated":true}]}}