{"id":34940,"date":"2026-01-15T11:56:22","date_gmt":"2026-01-15T11:56:22","guid":{"rendered":"https:\/\/xn--kbrsglobalstore-7kcc.com\/?post_type=product&#038;p=34940"},"modified":"2026-01-15T11:56:22","modified_gmt":"2026-01-15T11:56:22","slug":"shein-serisse-kids-tween-girls-solid-ruched-long-sleeve-long-dress-casual-daily-autumn-winter-fall-clothes-elegant-dresses","status":"publish","type":"product","link":"https:\/\/xn--kbrsglobalstore-7kcc.com\/tr\/urun\/shein-serisse-kids-tween-girls-solid-ruched-long-sleeve-long-dress-casual-daily-autumn-winter-fall-clothes-elegant-dresses\/","title":{"rendered":"SHEIN Serise \u00c7ocuk ve Gen\u00e7 K\u0131z \u00c7ocuklar \u0130\u00e7in D\u00fcz Renk B\u00fczg\u00fcl\u00fc Uzun Kollu Elbise, G\u00fcnl\u00fck Rahat Sonbahar K\u0131\u015f K\u0131yafetleri \u015e\u0131k Elbiseler"},"content":{"rendered":"<p>SHEIN Serise Kids Tween Girls D\u00fcz Renk B\u00fczg\u00fcl\u00fc Uzun Kollu Elbise, g\u00fcnl\u00fck rahatl\u0131\u011f\u0131 zamans\u0131z zarafetle harmanlayan, g\u00fczel tasarlanm\u0131\u015f bir par\u00e7ad\u0131r. Zarif b\u00fczg\u00fcl\u00fc detaylarla d\u00fcz renkte \u00fcretilen bu uzun elbise, sonbahar ve k\u0131\u015f mevsimleri i\u00e7in m\u00fckemmel, \u015f\u0131k ve zarif bir sil\u00fcet sunar. Uzun kollar\u0131, g\u00fcnl\u00fck giyim, okul, geziler ve \u00f6zel g\u00fcnler i\u00e7in uygun, yumu\u015fak ve \u015f\u0131k bir g\u00f6r\u00fcn\u00fcm sa\u011flarken ayn\u0131 zamanda s\u0131cakl\u0131k da sa\u011flar. Sade ama zarif tasar\u0131m\u0131, hem pratikli\u011fi hem de \u015f\u0131kl\u0131\u011f\u0131 bir arada sunarak, gen\u00e7 k\u0131zlar i\u00e7in gard\u0131robun vazge\u00e7ilmez bir par\u00e7as\u0131 haline gelmesini kolayla\u015ft\u0131r\u0131r.<\/p>","protected":false},"excerpt":{"rendered":"<p>SHEIN Serisse Kids Tween Girls Solid Ruched Long Sleeve Long Dress is a beautifully designed piece that blends everyday comfort with timeless elegance. Crafted in a solid color with delicate ruched detailing, this long dress offers a flattering and graceful silhouette perfect for the autumn and winter seasons. The long sleeves provide warmth while maintaining [&hellip;]<\/p>","protected":false},"featured_media":34941,"comment_status":"open","ping_status":"closed","template":"","meta":{"_monsterinsights_skip_tracking":false,"_monsterinsights_sitenote_active":false,"_monsterinsights_sitenote_note":"","_monsterinsights_sitenote_category":0},"product_brand":[],"product_cat":[113],"product_tag":[],"class_list":{"0":"post-34940","1":"product","2":"type-product","3":"status-publish","4":"has-post-thumbnail","6":"product_cat-kids-clothing","8":"first","9":"instock","10":"shipping-taxable","11":"purchasable","12":"product-type-simple"},"aioseo_notices":[],"_links":{"self":[{"href":"https:\/\/xn--kbrsglobalstore-7kcc.com\/tr\/wp-json\/wp\/v2\/product\/34940","targetHints":{"allow":["GET"]}}],"collection":[{"href":"https:\/\/xn--kbrsglobalstore-7kcc.com\/tr\/wp-json\/wp\/v2\/product"}],"about":[{"href":"https:\/\/xn--kbrsglobalstore-7kcc.com\/tr\/wp-json\/wp\/v2\/types\/product"}],"replies":[{"embeddable":true,"href":"https:\/\/xn--kbrsglobalstore-7kcc.com\/tr\/wp-json\/wp\/v2\/comments?post=34940"}],"wp:featuredmedia":[{"embeddable":true,"href":"https:\/\/xn--kbrsglobalstore-7kcc.com\/tr\/wp-json\/wp\/v2\/media\/34941"}],"wp:attachment":[{"href":"https:\/\/xn--kbrsglobalstore-7kcc.com\/tr\/wp-json\/wp\/v2\/media?parent=34940"}],"wp:term":[{"taxonomy":"product_brand","embeddable":true,"href":"https:\/\/xn--kbrsglobalstore-7kcc.com\/tr\/wp-json\/wp\/v2\/product_brand?post=34940"},{"taxonomy":"product_cat","embeddable":true,"href":"https:\/\/xn--kbrsglobalstore-7kcc.com\/tr\/wp-json\/wp\/v2\/product_cat?post=34940"},{"taxonomy":"product_tag","embeddable":true,"href":"https:\/\/xn--kbrsglobalstore-7kcc.com\/tr\/wp-json\/wp\/v2\/product_tag?post=34940"}],"curies":[{"name":"wp","href":"https:\/\/api.w.org\/{rel}","templated":true}]}}