{"id":34932,"date":"2026-01-15T11:53:01","date_gmt":"2026-01-15T11:53:01","guid":{"rendered":"https:\/\/xn--kbrsglobalstore-7kcc.com\/?post_type=product&#038;p=34932"},"modified":"2026-01-15T11:53:01","modified_gmt":"2026-01-15T11:53:01","slug":"shein-2pcs-set-girls-urban-commuter-style-beige-vest-and-pants-set-featuring-sleeveless-short-vest-with-lapel-collar-and-high-waisted-wide-leg-pants-minimalist-design-vest-with-2-buttons-for-a-poli","status":"publish","type":"product","link":"https:\/\/xn--kbrsglobalstore-7kcc.com\/tr\/urun\/shein-2pcs-set-girls-urban-commuter-style-beige-vest-and-pants-set-featuring-sleeveless-short-vest-with-lapel-collar-and-high-waisted-wide-leg-pants-minimalist-design-vest-with-2-buttons-for-a-poli\/","title":{"rendered":"SHEIN 2 Par\u00e7a\/Set K\u0131z \u00c7ocuk \u015eehir \u0130\u00e7i Giyim Tarz\u0131 Bej Yelek ve Pantolon Tak\u0131m\u0131, Yakal\u0131 Kolsuz K\u0131sa Yelek ve Y\u00fcksek Bel Geni\u015f Pa\u00e7al\u0131 Pantolondan Olu\u015fmaktad\u0131r. Minimalist Tasar\u0131m, \u015e\u0131k Bir G\u00f6r\u00fcn\u00fcm \u0130\u00e7in 2 D\u00fc\u011fmeli Yelek, Bol ve Rahat Geni\u015f Pa\u00e7al\u0131 Pantolon."},"content":{"rendered":"<p>SHEIN 2 Par\u00e7a\/Set K\u0131z \u00c7ocuk \u015eehir \u0130\u00e7i Giyim Bej Yelek ve Pantolon Tak\u0131m\u0131, \u015f\u0131k ve modern bir g\u00f6r\u00fcn\u00fcm i\u00e7in tasarlanm\u0131\u015f, rahat bir g\u00fcnl\u00fck k\u0131yafet setidir. Bu \u015f\u0131k set, klasik yakal\u0131 ve iki d\u00fc\u011fmeli \u00f6n k\u0131sm\u0131 olan kolsuz k\u0131sa bir yelekten olu\u015farak zarif ve minimalist bir g\u00f6r\u00fcn\u00fcm yarat\u0131r. Y\u00fcksek bel geni\u015f pa\u00e7al\u0131 pantolonla kombinlenen tasar\u0131m, hareket \u00f6zg\u00fcrl\u00fc\u011f\u00fc ve g\u00fcn boyu konfor sa\u011flarken, v\u00fccuda oturan bir sil\u00fcet sunar.<\/p>","protected":false},"excerpt":{"rendered":"<p>SHEIN 2pcs\/Set Girls Urban Commuter Style Beige Vest and Pants Set is a modern and stylish outfit designed for a polished yet comfortable everyday look. This chic set features a sleeveless short vest with a classic lapel collar and two-button front, creating a refined and minimalist appearance. Paired with high-waisted wide-leg pants, the design offers [&hellip;]<\/p>","protected":false},"featured_media":34933,"comment_status":"open","ping_status":"closed","template":"","meta":{"_monsterinsights_skip_tracking":false,"_monsterinsights_sitenote_active":false,"_monsterinsights_sitenote_note":"","_monsterinsights_sitenote_category":0},"product_brand":[],"product_cat":[113],"product_tag":[],"class_list":{"0":"post-34932","1":"product","2":"type-product","3":"status-publish","4":"has-post-thumbnail","6":"product_cat-kids-clothing","8":"first","9":"instock","10":"shipping-taxable","11":"purchasable","12":"product-type-simple"},"aioseo_notices":[],"_links":{"self":[{"href":"https:\/\/xn--kbrsglobalstore-7kcc.com\/tr\/wp-json\/wp\/v2\/product\/34932","targetHints":{"allow":["GET"]}}],"collection":[{"href":"https:\/\/xn--kbrsglobalstore-7kcc.com\/tr\/wp-json\/wp\/v2\/product"}],"about":[{"href":"https:\/\/xn--kbrsglobalstore-7kcc.com\/tr\/wp-json\/wp\/v2\/types\/product"}],"replies":[{"embeddable":true,"href":"https:\/\/xn--kbrsglobalstore-7kcc.com\/tr\/wp-json\/wp\/v2\/comments?post=34932"}],"wp:featuredmedia":[{"embeddable":true,"href":"https:\/\/xn--kbrsglobalstore-7kcc.com\/tr\/wp-json\/wp\/v2\/media\/34933"}],"wp:attachment":[{"href":"https:\/\/xn--kbrsglobalstore-7kcc.com\/tr\/wp-json\/wp\/v2\/media?parent=34932"}],"wp:term":[{"taxonomy":"product_brand","embeddable":true,"href":"https:\/\/xn--kbrsglobalstore-7kcc.com\/tr\/wp-json\/wp\/v2\/product_brand?post=34932"},{"taxonomy":"product_cat","embeddable":true,"href":"https:\/\/xn--kbrsglobalstore-7kcc.com\/tr\/wp-json\/wp\/v2\/product_cat?post=34932"},{"taxonomy":"product_tag","embeddable":true,"href":"https:\/\/xn--kbrsglobalstore-7kcc.com\/tr\/wp-json\/wp\/v2\/product_tag?post=34932"}],"curies":[{"name":"wp","href":"https:\/\/api.w.org\/{rel}","templated":true}]}}