{"id":34924,"date":"2026-01-15T11:48:35","date_gmt":"2026-01-15T11:48:35","guid":{"rendered":"https:\/\/xn--kbrsglobalstore-7kcc.com\/?post_type=product&#038;p=34924"},"modified":"2026-02-14T12:40:23","modified_gmt":"2026-02-14T12:40:23","slug":"tween-girls-black-dress-with-gold-polka-dot-foil-fabric-front-panel-sleeve-design-with-gold-lace-trim-comes-with-gold-polka-dot-belt-elegant-sophisticated-dress-suitable-for-school-outings","status":"publish","type":"product","link":"https:\/\/xn--kbrsglobalstore-7kcc.com\/tr\/urun\/tween-girls-black-dress-with-gold-polka-dot-foil-fabric-front-panel-sleeve-design-with-gold-lace-trim-comes-with-gold-polka-dot-belt-elegant-sophisticated-dress-suitable-for-school-outings\/","title":{"rendered":"Alt\u0131n puantiyeli folyo kuma\u015ftan yap\u0131lm\u0131\u015f, \u00f6n paneli ve kollar\u0131 alt\u0131n dantel s\u00fcslemeli, alt\u0131n puantiyeli kemerli, \u015f\u0131k ve sofistike bir elbise; okul, geziler, partiler, tatiller, y\u0131lba\u015f\u0131 i\u00e7in uygun. K\u0131z \u00e7ocuklar\u0131 i\u00e7in abaya elbise, k\u0131z \u00e7ocuklar\u0131 i\u00e7in maksi elbise, siyah ve alt\u0131n puantiyeli uzun tesett\u00fcr elbise, k\u0131z \u00e7ocuklar\u0131 i\u00e7in siyah abaya, Arap tarz\u0131 elbise, k\u0131z \u00e7ocuklar\u0131 i\u00e7in elbise, k\u0131z \u00e7ocuklar\u0131 i\u00e7in siyah sabahl\u0131k."},"content":{"rendered":"<p>Tween Girls&#8217; Black Dress With Gold Polka Dot Foil Fabric is a beautifully crafted modest maxi dress designed to blend elegance, tradition, and modern style. Featuring a stunning black base accented with shimmering gold polka dot foil, this dress showcases a graceful front panel and sleeve design finished with delicate gold lace trim for an extra touch of sophistication.<\/p>","protected":false},"excerpt":{"rendered":"<p>Tween Girls&#8217; Black Dress With Gold Polka Dot Foil Fabric is a beautifully crafted modest maxi dress designed to blend elegance, tradition, and modern style. Featuring a stunning black base accented with shimmering gold polka dot foil, this dress showcases a graceful front panel and sleeve design finished with delicate gold lace trim for an [&hellip;]<\/p>","protected":false},"featured_media":34925,"comment_status":"open","ping_status":"closed","template":"","meta":{"_monsterinsights_skip_tracking":false,"_monsterinsights_sitenote_active":false,"_monsterinsights_sitenote_note":"","_monsterinsights_sitenote_category":0},"product_brand":[],"product_cat":[113],"product_tag":[],"class_list":{"0":"post-34924","1":"product","2":"type-product","3":"status-publish","4":"has-post-thumbnail","6":"product_cat-kids-clothing","8":"first","9":"instock","10":"shipping-taxable","11":"purchasable","12":"product-type-simple"},"aioseo_notices":[],"_links":{"self":[{"href":"https:\/\/xn--kbrsglobalstore-7kcc.com\/tr\/wp-json\/wp\/v2\/product\/34924","targetHints":{"allow":["GET"]}}],"collection":[{"href":"https:\/\/xn--kbrsglobalstore-7kcc.com\/tr\/wp-json\/wp\/v2\/product"}],"about":[{"href":"https:\/\/xn--kbrsglobalstore-7kcc.com\/tr\/wp-json\/wp\/v2\/types\/product"}],"replies":[{"embeddable":true,"href":"https:\/\/xn--kbrsglobalstore-7kcc.com\/tr\/wp-json\/wp\/v2\/comments?post=34924"}],"wp:featuredmedia":[{"embeddable":true,"href":"https:\/\/xn--kbrsglobalstore-7kcc.com\/tr\/wp-json\/wp\/v2\/media\/34925"}],"wp:attachment":[{"href":"https:\/\/xn--kbrsglobalstore-7kcc.com\/tr\/wp-json\/wp\/v2\/media?parent=34924"}],"wp:term":[{"taxonomy":"product_brand","embeddable":true,"href":"https:\/\/xn--kbrsglobalstore-7kcc.com\/tr\/wp-json\/wp\/v2\/product_brand?post=34924"},{"taxonomy":"product_cat","embeddable":true,"href":"https:\/\/xn--kbrsglobalstore-7kcc.com\/tr\/wp-json\/wp\/v2\/product_cat?post=34924"},{"taxonomy":"product_tag","embeddable":true,"href":"https:\/\/xn--kbrsglobalstore-7kcc.com\/tr\/wp-json\/wp\/v2\/product_tag?post=34924"}],"curies":[{"name":"wp","href":"https:\/\/api.w.org\/{rel}","templated":true}]}}