{"id":34373,"date":"2026-01-06T08:16:42","date_gmt":"2026-01-06T08:16:42","guid":{"rendered":"https:\/\/xn--kbrsglobalstore-7kcc.com\/?post_type=product&#038;p=34373"},"modified":"2026-01-06T08:16:42","modified_gmt":"2026-01-06T08:16:42","slug":"manfinity-rsrt-mens-resort-casual-short-sleeve-shirt-and-shorts-set-in-orange-featuring-a-vine-and-floral-digital-print-with-simple-linework-designed-with-a-button-front-closure-its-perfect-for","status":"publish","type":"product","link":"https:\/\/xn--kbrsglobalstore-7kcc.com\/tr\/urun\/manfinity-rsrt-mens-resort-casual-short-sleeve-shirt-and-shorts-set-in-orange-featuring-a-vine-and-floral-digital-print-with-simple-linework-designed-with-a-button-front-closure-its-perfect-for\/","title":{"rendered":"Manfinity RSRT Erkek Tatil-G\u00fcnl\u00fck K\u0131sa Kollu G\u00f6mlek ve \u015eort Tak\u0131m\u0131, Turuncu Renkte, Basit \u00c7izgilerle \u0130\u015flenmi\u015f Asma ve \u00c7i\u00e7ek Desenli Dijital Bask\u0131l\u0131d\u0131r. D\u00fc\u011fmeli \u00d6n Kapama ile Tasarlanan Bu Tak\u0131m, M\u00fczik Festivalleri, Hawaii Plaj Tatilleri ve G\u00fcnl\u00fck Kullan\u0131m \u0130\u00e7in M\u00fckemmeldir. Ayr\u0131ca Erkek Arkada\u015f veya E\u015f \u0130\u00e7in Harika Bir Hediye Se\u00e7ene\u011fidir. Erkek K\u0131sa Kollu G\u00f6mlek ve \u015eort Yazl\u0131k K\u0131yafet Tak\u0131m\u0131, \u015e\u0131k, Erkek \u015eort Tak\u0131m\u0131, Erkek \u0130ki Par\u00e7a K\u0131yafet"},"content":{"rendered":"<p class=\"translation-block\"><strong>Manfinity RSRT Erkek Tatil-G\u00fcnl\u00fck K\u0131sa Kollu G\u00f6mlek ve \u015eort Tak\u0131m\u0131 Turuncu<\/strong>, rahat ve \u015f\u0131k iki par\u00e7al\u0131 yazl\u0131k k\u0131yafet olup, g\u00fcnl\u00fck kullan\u0131m i\u00e7in m\u00fckemmeldir. Canl\u0131 asma ve \u00e7i\u00e7ek desenli dijital bask\u0131ya ve sade \u00e7izgi \u00e7al\u0131\u015fmas\u0131na sahip bu tak\u0131m, d\u00fc\u011fmeli k\u0131sa kollu bir g\u00f6mlek ve ona uygun \u015forttan olu\u015farak uyumlu bir g\u00f6r\u00fcn\u00fcm sunar. Tatil tarz\u0131 d\u00fc\u015f\u00fcn\u00fclerek tasarlanan bu tak\u0131m, m\u00fczik festivalleri, Hawaii plaj tatilleri, yaz partileri veya g\u00fcnl\u00fck rahat giyim i\u00e7in idealdir. Hafif ve havadar yap\u0131s\u0131yla, s\u0131cak havalarda serin kalman\u0131z\u0131 sa\u011flarken ayn\u0131 zamanda \u015f\u0131k bir g\u00f6r\u00fcn\u00fcm de sunar. \u00c7ok y\u00f6nl\u00fc ve trend tasar\u0131m\u0131, rahat ama g\u00f6z al\u0131c\u0131 yazl\u0131k k\u0131yafetleri seven bir erkek arkada\u015f veya e\u015f i\u00e7in de d\u00fc\u015f\u00fcnceli bir hediye se\u00e7ene\u011fi haline getirir.<\/p>","protected":false},"excerpt":{"rendered":"<p>Manfinity RSRT Men\u2019s Resort-Casual Short-Sleeve Shirt and Shorts Set in Orange is a stylish and comfortable two-piece summer outfit perfect for laid-back occasions. Featuring a vibrant vine-and-floral digital print with simple linework, this set includes a button-front short-sleeve shirt paired with matching shorts for a coordinated look. Designed with resort style in mind, it\u2019s ideal [&hellip;]<\/p>","protected":false},"featured_media":34374,"comment_status":"open","ping_status":"closed","template":"","meta":{"_monsterinsights_skip_tracking":false,"_monsterinsights_sitenote_active":false,"_monsterinsights_sitenote_note":"","_monsterinsights_sitenote_category":0},"product_brand":[],"product_cat":[75],"product_tag":[],"class_list":{"0":"post-34373","1":"product","2":"type-product","3":"status-publish","4":"has-post-thumbnail","6":"product_cat-mens-clothing","8":"first","9":"instock","10":"shipping-taxable","11":"purchasable","12":"product-type-simple"},"aioseo_notices":[],"_links":{"self":[{"href":"https:\/\/xn--kbrsglobalstore-7kcc.com\/tr\/wp-json\/wp\/v2\/product\/34373","targetHints":{"allow":["GET"]}}],"collection":[{"href":"https:\/\/xn--kbrsglobalstore-7kcc.com\/tr\/wp-json\/wp\/v2\/product"}],"about":[{"href":"https:\/\/xn--kbrsglobalstore-7kcc.com\/tr\/wp-json\/wp\/v2\/types\/product"}],"replies":[{"embeddable":true,"href":"https:\/\/xn--kbrsglobalstore-7kcc.com\/tr\/wp-json\/wp\/v2\/comments?post=34373"}],"wp:featuredmedia":[{"embeddable":true,"href":"https:\/\/xn--kbrsglobalstore-7kcc.com\/tr\/wp-json\/wp\/v2\/media\/34374"}],"wp:attachment":[{"href":"https:\/\/xn--kbrsglobalstore-7kcc.com\/tr\/wp-json\/wp\/v2\/media?parent=34373"}],"wp:term":[{"taxonomy":"product_brand","embeddable":true,"href":"https:\/\/xn--kbrsglobalstore-7kcc.com\/tr\/wp-json\/wp\/v2\/product_brand?post=34373"},{"taxonomy":"product_cat","embeddable":true,"href":"https:\/\/xn--kbrsglobalstore-7kcc.com\/tr\/wp-json\/wp\/v2\/product_cat?post=34373"},{"taxonomy":"product_tag","embeddable":true,"href":"https:\/\/xn--kbrsglobalstore-7kcc.com\/tr\/wp-json\/wp\/v2\/product_tag?post=34373"}],"curies":[{"name":"wp","href":"https:\/\/api.w.org\/{rel}","templated":true}]}}