{"id":34367,"date":"2026-01-06T08:12:15","date_gmt":"2026-01-06T08:12:15","guid":{"rendered":"https:\/\/xn--kbrsglobalstore-7kcc.com\/?post_type=product&#038;p=34367"},"modified":"2026-01-06T08:12:15","modified_gmt":"2026-01-06T08:12:15","slug":"2pcs-men-letter-print-round-neck-short-sleeve-t-shirt-drawstring-waist-pocket-shorts-set-outfits-for-men-summer-men-clothing-outfit","status":"publish","type":"product","link":"https:\/\/xn--kbrsglobalstore-7kcc.com\/tr\/urun\/2pcs-men-letter-print-round-neck-short-sleeve-t-shirt-drawstring-waist-pocket-shorts-set-outfits-for-men-summer-men-clothing-outfit\/","title":{"rendered":"2 Par\u00e7a Erkek Harf Bask\u0131l\u0131 Yuvarlak Yaka K\u0131sa Kollu Ti\u015f\u00f6rt ve B\u00fczg\u00fcl\u00fc Bel Cepli \u015eort Tak\u0131m\u0131, Yazl\u0131k Erkek Giyim Kombini"},"content":{"rendered":"<p class=\"translation-block\"><strong>2 Par\u00e7a Erkek Harf Bask\u0131l\u0131 Yuvarlak Yaka K\u0131sa Kollu Ti\u015f\u00f6rt ve B\u00fczg\u00fcl\u00fc Bel Cepli \u015eort Tak\u0131m\u0131<\/strong> g\u00fcnl\u00fck kullan\u0131m i\u00e7in tasarlanm\u0131\u015f rahat ve konforlu bir yazl\u0131k k\u0131yafet setidir. Bu uyumlu set, trend harf bask\u0131l\u0131 rahat kesimli k\u0131sa kollu bir ti\u015f\u00f6rt ve b\u00fczg\u00fcl\u00fc bel ve kullan\u0131\u015fl\u0131 ceplere sahip uyumlu bir \u015forttan olu\u015fmaktad\u0131r. Hafif ve nefes alabilen kuma\u015ftan \u00fcretilen set, s\u0131cak havalarda serin ve rahat kalman\u0131z\u0131 sa\u011flayarak g\u00fcndelik bulu\u015fmalar, plaj g\u00fcnleri, y\u00fcr\u00fcy\u00fc\u015fler veya hafta sonu aktiviteleri i\u00e7in m\u00fckemmeldir. Sade ama \u015f\u0131k tasar\u0131m\u0131, \u00e7ok y\u00f6nl\u00fc yaz stili i\u00e7in gard\u0131robunuzdaki di\u011fer par\u00e7alarla kolayca kombinlemenizi sa\u011flar.<\/p>","protected":false},"excerpt":{"rendered":"<p>2pcs Men Letter Print Round Neck Short Sleeve T-Shirt &amp; Drawstring Waist Pocket Shorts Set is a casual and comfortable summer outfit designed for everyday wear. This coordinated set includes a relaxed-fit short sleeve T-shirt with trendy letter print and a pair of matching shorts featuring a drawstring waist and convenient pockets. Made from lightweight, [&hellip;]<\/p>","protected":false},"featured_media":34368,"comment_status":"open","ping_status":"closed","template":"","meta":{"_monsterinsights_skip_tracking":false,"_monsterinsights_sitenote_active":false,"_monsterinsights_sitenote_note":"","_monsterinsights_sitenote_category":0},"product_brand":[],"product_cat":[75],"product_tag":[],"class_list":{"0":"post-34367","1":"product","2":"type-product","3":"status-publish","4":"has-post-thumbnail","6":"product_cat-mens-clothing","8":"first","9":"instock","10":"shipping-taxable","11":"purchasable","12":"product-type-simple"},"aioseo_notices":[],"_links":{"self":[{"href":"https:\/\/xn--kbrsglobalstore-7kcc.com\/tr\/wp-json\/wp\/v2\/product\/34367","targetHints":{"allow":["GET"]}}],"collection":[{"href":"https:\/\/xn--kbrsglobalstore-7kcc.com\/tr\/wp-json\/wp\/v2\/product"}],"about":[{"href":"https:\/\/xn--kbrsglobalstore-7kcc.com\/tr\/wp-json\/wp\/v2\/types\/product"}],"replies":[{"embeddable":true,"href":"https:\/\/xn--kbrsglobalstore-7kcc.com\/tr\/wp-json\/wp\/v2\/comments?post=34367"}],"wp:featuredmedia":[{"embeddable":true,"href":"https:\/\/xn--kbrsglobalstore-7kcc.com\/tr\/wp-json\/wp\/v2\/media\/34368"}],"wp:attachment":[{"href":"https:\/\/xn--kbrsglobalstore-7kcc.com\/tr\/wp-json\/wp\/v2\/media?parent=34367"}],"wp:term":[{"taxonomy":"product_brand","embeddable":true,"href":"https:\/\/xn--kbrsglobalstore-7kcc.com\/tr\/wp-json\/wp\/v2\/product_brand?post=34367"},{"taxonomy":"product_cat","embeddable":true,"href":"https:\/\/xn--kbrsglobalstore-7kcc.com\/tr\/wp-json\/wp\/v2\/product_cat?post=34367"},{"taxonomy":"product_tag","embeddable":true,"href":"https:\/\/xn--kbrsglobalstore-7kcc.com\/tr\/wp-json\/wp\/v2\/product_tag?post=34367"}],"curies":[{"name":"wp","href":"https:\/\/api.w.org\/{rel}","templated":true}]}}