{"id":34346,"date":"2026-01-06T07:59:42","date_gmt":"2026-01-06T07:59:42","guid":{"rendered":"https:\/\/xn--kbrsglobalstore-7kcc.com\/?post_type=product&#038;p=34346"},"modified":"2026-01-06T07:59:43","modified_gmt":"2026-01-06T07:59:43","slug":"core-aspect-old-money-formal-mens-autumn-long-sleeve-polo-shirt-knitted-crochet-fabric-solid-color-polo-shirt-casual-polo-shirt-button-polo-shirt-suitable-for-daily-outings-gathering-with-fri","status":"publish","type":"product","link":"https:\/\/xn--kbrsglobalstore-7kcc.com\/tr\/urun\/core-aspect-old-money-formal-mens-autumn-long-sleeve-polo-shirt-knitted-crochet-fabric-solid-color-polo-shirt-casual-polo-shirt-button-polo-shirt-suitable-for-daily-outings-gathering-with-fri\/","title":{"rendered":"Core Aspect Old Money Formal, Erkek Sonbahar Uzun Kollu Polo Ti\u015f\u00f6rt, \u00d6rg\u00fc T\u0131\u011f \u0130\u015fi Kuma\u015f, D\u00fcz Renk Polo Ti\u015f\u00f6rt, G\u00fcnl\u00fck Polo Ti\u015f\u00f6rt, D\u00fc\u011fmeli Polo Ti\u015f\u00f6rt, G\u00fcnl\u00fck Geziler, Arkada\u015f Bulu\u015fmalar\u0131, Rahat Hafta Sonlar\u0131 \u0130\u00e7in Uygun, Erkek Elastik Yakal\u0131 \u0130\u015f G\u00fcndelik Minimalist Siyah Uzun Kollu Polo Ti\u015f\u00f6rt, G\u00fcnl\u00fck \u0130\u015fe Gidip Gelmek \u0130\u00e7in \u00c7ok Y\u00f6nl\u00fc Bir Se\u00e7im"},"content":{"rendered":"<p class=\"translation-block\"><strong>Core Aspect Old Money Formal Erkek Sonbahar Uzun Kollu Polo G\u00f6mlek<\/strong>, klasik ve sofistike bir g\u00f6r\u00fcn\u00fcm sunan, d\u00fcz renkli \u00f6rg\u00fc kuma\u015ftan \u00fcretilmi\u015f, zarif ve \u00e7ok y\u00f6nl\u00fc bir gard\u0131rop par\u00e7as\u0131d\u0131r. Geleneksel d\u00fc\u011fmeli polo yakas\u0131 ve uzun kollar\u0131yla tasarlanan bu g\u00f6mlek, i\u015f rahatl\u0131\u011f\u0131 ve g\u00fcnl\u00fck konfor aras\u0131nda m\u00fckemmel bir denge kurarak g\u00fcnl\u00fck geziler, arkada\u015f bulu\u015fmalar\u0131, rahat hafta sonlar\u0131 ve rutin i\u015fe gidip gelmeler i\u00e7in uygundur. Minimalist siyah rengi ve elastik yakas\u0131, sade zarafetini art\u0131r\u0131rken, nefes alabilen \u00f6rg\u00fc yap\u0131s\u0131 sonbahar mevsimi boyunca s\u0131cakl\u0131k ve esneklik sa\u011flar. Bu uzun kollu polo g\u00f6mlek, tak\u0131m elbise pantolonlar\u0131, chino pantolonlar veya kot pantolonlarla zahmetsizce kombinlenebilir ve zamans\u0131z stili modern \u00e7ok y\u00f6nl\u00fcl\u00fckle takdir edenler i\u00e7in ideal bir se\u00e7imdir.<\/p>","protected":false},"excerpt":{"rendered":"<p>Core Aspect Old Money Formal Men\u2019s Autumn Long Sleeve Polo Shirt is a refined and versatile wardrobe essential crafted from knitted crochet fabric in a solid color, offering a classic and sophisticated look. Designed with a traditional button-up polo collar and long sleeves, this shirt strikes the perfect balance between business casual and everyday comfort, [&hellip;]<\/p>","protected":false},"featured_media":34347,"comment_status":"open","ping_status":"closed","template":"","meta":{"_monsterinsights_skip_tracking":false,"_monsterinsights_sitenote_active":false,"_monsterinsights_sitenote_note":"","_monsterinsights_sitenote_category":0},"product_brand":[],"product_cat":[75],"product_tag":[],"class_list":{"0":"post-34346","1":"product","2":"type-product","3":"status-publish","4":"has-post-thumbnail","6":"product_cat-mens-clothing","8":"first","9":"instock","10":"shipping-taxable","11":"purchasable","12":"product-type-simple"},"aioseo_notices":[],"_links":{"self":[{"href":"https:\/\/xn--kbrsglobalstore-7kcc.com\/tr\/wp-json\/wp\/v2\/product\/34346","targetHints":{"allow":["GET"]}}],"collection":[{"href":"https:\/\/xn--kbrsglobalstore-7kcc.com\/tr\/wp-json\/wp\/v2\/product"}],"about":[{"href":"https:\/\/xn--kbrsglobalstore-7kcc.com\/tr\/wp-json\/wp\/v2\/types\/product"}],"replies":[{"embeddable":true,"href":"https:\/\/xn--kbrsglobalstore-7kcc.com\/tr\/wp-json\/wp\/v2\/comments?post=34346"}],"wp:featuredmedia":[{"embeddable":true,"href":"https:\/\/xn--kbrsglobalstore-7kcc.com\/tr\/wp-json\/wp\/v2\/media\/34347"}],"wp:attachment":[{"href":"https:\/\/xn--kbrsglobalstore-7kcc.com\/tr\/wp-json\/wp\/v2\/media?parent=34346"}],"wp:term":[{"taxonomy":"product_brand","embeddable":true,"href":"https:\/\/xn--kbrsglobalstore-7kcc.com\/tr\/wp-json\/wp\/v2\/product_brand?post=34346"},{"taxonomy":"product_cat","embeddable":true,"href":"https:\/\/xn--kbrsglobalstore-7kcc.com\/tr\/wp-json\/wp\/v2\/product_cat?post=34346"},{"taxonomy":"product_tag","embeddable":true,"href":"https:\/\/xn--kbrsglobalstore-7kcc.com\/tr\/wp-json\/wp\/v2\/product_tag?post=34346"}],"curies":[{"name":"wp","href":"https:\/\/api.w.org\/{rel}","templated":true}]}}