{"id":34340,"date":"2026-01-06T07:54:33","date_gmt":"2026-01-06T07:54:33","guid":{"rendered":"https:\/\/xn--kbrsglobalstore-7kcc.com\/?post_type=product&#038;p=34340"},"modified":"2026-01-06T07:54:34","modified_gmt":"2026-01-06T07:54:34","slug":"manfinity-homme-men-casual-commute-short-sleeve-colorblock-polo-shirt-for-golf","status":"publish","type":"product","link":"https:\/\/xn--kbrsglobalstore-7kcc.com\/tr\/urun\/manfinity-homme-men-casual-commute-short-sleeve-colorblock-polo-shirt-for-golf\/","title":{"rendered":"Manfinity Homme Erkek G\u00fcnl\u00fck K\u0131sa Kollu Renk Bloklu Polo Ti\u015f\u00f6rt, Golf \u0130\u00e7in"},"content":{"rendered":"<p class=\"translation-block\"><strong data-start=\"82\" data-end=\"155\">Manfinity Homme Erkek G\u00fcnl\u00fck \u0130\u015f Gidi\u015f-D\u00f6n\u00fc\u015f K\u0131sa Kollu Renk Bloklu Polo Ti\u015f\u00f6rt<\/strong>, modern g\u00fcnl\u00fck giyim i\u00e7in tasarlanm\u0131\u015f \u015f\u0131k ve rahat bir polo ti\u015f\u00f6rtt\u00fcr. Cesur renk bloklu deseni, klasik polo yakas\u0131 ve k\u0131sa kollar\u0131yla bu ti\u015f\u00f6rt, g\u00fcndelik geziler, i\u015fe gidip gelme ve golf gibi a\u00e7\u0131k hava aktiviteleri i\u00e7in m\u00fckemmel olan ak\u0131ll\u0131 ama sportif bir g\u00f6r\u00fcn\u00fcm sunar. Hafif, nefes alabilen kuma\u015f\u0131 g\u00fcn boyunca serin ve rahat kalman\u0131z\u0131 sa\u011flarken, normal kesimi s\u0131k\u0131\u015f\u0131k hissetmeden kolay hareket etmenizi sa\u011flar. \u00c7ok y\u00f6nl\u00fc tasar\u0131m\u0131, kot pantolon, chino veya golf pantolonlar\u0131yla zahmetsizce uyum sa\u011flar ve yazl\u0131k giyim, seyahat ve rahat hafta sonu stili i\u00e7in ideal bir se\u00e7imdir. Bak\u0131m\u0131 kolay ve dayan\u0131kl\u0131 olan bu polo ti\u015f\u00f6rt, modern erkek i\u00e7in moda, i\u015flev ve konforun m\u00fckemmel bir kar\u0131\u015f\u0131m\u0131n\u0131 sunar.<\/p>","protected":false},"excerpt":{"rendered":"<p>Manfinity Homme Men Casual Commute Short Sleeve Colorblock Polo Shirt is a stylish and comfortable polo designed for modern everyday wear. Featuring a bold colorblock pattern, classic polo collar, and short sleeves, this shirt delivers a smart yet sporty look that works perfectly for casual outings, office commuting, and outdoor activities like golf. The lightweight, [&hellip;]<\/p>","protected":false},"featured_media":34341,"comment_status":"open","ping_status":"closed","template":"","meta":{"_monsterinsights_skip_tracking":false,"_monsterinsights_sitenote_active":false,"_monsterinsights_sitenote_note":"","_monsterinsights_sitenote_category":0},"product_brand":[],"product_cat":[75],"product_tag":[],"class_list":{"0":"post-34340","1":"product","2":"type-product","3":"status-publish","4":"has-post-thumbnail","6":"product_cat-mens-clothing","8":"first","9":"instock","10":"shipping-taxable","11":"purchasable","12":"product-type-simple"},"aioseo_notices":[],"_links":{"self":[{"href":"https:\/\/xn--kbrsglobalstore-7kcc.com\/tr\/wp-json\/wp\/v2\/product\/34340","targetHints":{"allow":["GET"]}}],"collection":[{"href":"https:\/\/xn--kbrsglobalstore-7kcc.com\/tr\/wp-json\/wp\/v2\/product"}],"about":[{"href":"https:\/\/xn--kbrsglobalstore-7kcc.com\/tr\/wp-json\/wp\/v2\/types\/product"}],"replies":[{"embeddable":true,"href":"https:\/\/xn--kbrsglobalstore-7kcc.com\/tr\/wp-json\/wp\/v2\/comments?post=34340"}],"wp:featuredmedia":[{"embeddable":true,"href":"https:\/\/xn--kbrsglobalstore-7kcc.com\/tr\/wp-json\/wp\/v2\/media\/34341"}],"wp:attachment":[{"href":"https:\/\/xn--kbrsglobalstore-7kcc.com\/tr\/wp-json\/wp\/v2\/media?parent=34340"}],"wp:term":[{"taxonomy":"product_brand","embeddable":true,"href":"https:\/\/xn--kbrsglobalstore-7kcc.com\/tr\/wp-json\/wp\/v2\/product_brand?post=34340"},{"taxonomy":"product_cat","embeddable":true,"href":"https:\/\/xn--kbrsglobalstore-7kcc.com\/tr\/wp-json\/wp\/v2\/product_cat?post=34340"},{"taxonomy":"product_tag","embeddable":true,"href":"https:\/\/xn--kbrsglobalstore-7kcc.com\/tr\/wp-json\/wp\/v2\/product_tag?post=34340"}],"curies":[{"name":"wp","href":"https:\/\/api.w.org\/{rel}","templated":true}]}}