{"id":34328,"date":"2026-01-04T12:23:56","date_gmt":"2026-01-04T12:23:56","guid":{"rendered":"https:\/\/xn--kbrsglobalstore-7kcc.com\/?post_type=product&#038;p=34328"},"modified":"2026-01-04T12:23:56","modified_gmt":"2026-01-04T12:23:56","slug":"1pc-modern-white-sheer-voile-curtain-transparent-semi-transparent-pole-pocket-design-suitable-for-bedroom-living-room-kitchen-bathroom-household-decoration","status":"publish","type":"product","link":"https:\/\/xn--kbrsglobalstore-7kcc.com\/tr\/urun\/1pc-modern-white-sheer-voile-curtain-transparent-semi-transparent-pole-pocket-design-suitable-for-bedroom-living-room-kitchen-bathroom-household-decoration\/","title":{"rendered":"1 adet Modern Beyaz \u015eeffaf T\u00fcl Perde, \u015eeffaf Yar\u0131 \u015eeffaf Direk Ge\u00e7meli Tasar\u0131m, Yatak Odas\u0131, Oturma Odas\u0131, Mutfak, Banyo, Ev Dekorasyonu \u0130\u00e7in Uygundur"},"content":{"rendered":"<div class=\"flex max-w-full flex-col grow\">\n<div class=\"min-h-8 text-message relative flex w-full flex-col items-end gap-2 text-start break-words whitespace-normal [.text-message+&amp;]:mt-1\" dir=\"auto\" data-message-author-role=\"assistant\" data-message-id=\"db6cd087-cd8f-4a40-aeed-b8ec681aea30\" data-message-model-slug=\"gpt-5-2\">\n<div class=\"flex w-full flex-col gap-1 empty:hidden first:pt-[1px]\">\n<div class=\"markdown prose dark:prose-invert w-full break-words dark markdown-new-styling\">\n<p data-start=\"79\" data-end=\"715\" data-is-last-node=\"\" data-is-only-node=\"\" class=\"translation-block\">Bu <strong data-start=\"84\" data-end=\"124\">1 adet Modern Beyaz \u015eeffaf T\u00fcl Perde<\/strong>, ayd\u0131nl\u0131k ve havadar bir atmosferi korurken her odaya yumu\u015fak ve zarif bir dokunu\u015f kat\u0131yor. Hafif, y\u00fcksek kaliteli kuma\u015ftan \u00fcretilen <strong data-start=\"263\" data-end=\"305\">\u015feffaf ila yar\u0131 \u015feffaf yap\u0131s\u0131<\/strong>, do\u011fal \u0131\u015f\u0131\u011f\u0131n nazik\u00e7e s\u00fcz\u00fclmesine izin verirken, ince bir mahremiyet de sunuyor. Klasik <strong data-start=\"395\" data-end=\"417\">perde dire\u011fi cebi tasar\u0131m\u0131<\/strong>, kolay kurulum ve pencereler \u00fczerinde p\u00fcr\u00fczs\u00fcz, zarif bir d\u00f6k\u00fcm sa\u011flar. <strong data-start=\"512\" data-end=\"559\">Yatak odas\u0131, oturma odas\u0131, mutfak ve banyo<\/strong> i\u00e7in m\u00fckemmel olan bu \u015feffaf perde, evinize taze, modern bir g\u00f6r\u00fcn\u00fcm ve zahmetsiz bir sofistike hava kat\u0131yor ve \u015f\u0131k ev dekorasyonu i\u00e7in ideal bir se\u00e7im haline geliyor.<\/p>\n<\/div>\n<\/div>\n<\/div>\n<\/div>\n<div class=\"z-0 flex min-h-[46px] justify-start\"><\/div>\n<div class=\"border-token-border-light my-2 flex gap-10 border-t pt-4\">\n<div class=\"flex items-center justify-center overflow-hidden h-12 w-12 rounded-lg\"><\/div>\n<\/div>","protected":false},"excerpt":{"rendered":"<p>This 1pc Modern White Sheer Voile Curtain adds a soft, elegant touch to any room while maintaining a bright and airy atmosphere. Crafted from lightweight, high-quality fabric, its transparent to semi-transparent finish allows natural light to gently filter through while offering subtle privacy. The classic pole pocket design ensures easy installation and a smooth, graceful [&hellip;]<\/p>","protected":false},"featured_media":34329,"comment_status":"open","ping_status":"closed","template":"","meta":{"_monsterinsights_skip_tracking":false,"_monsterinsights_sitenote_active":false,"_monsterinsights_sitenote_note":"","_monsterinsights_sitenote_category":0},"product_brand":[],"product_cat":[120],"product_tag":[],"class_list":{"0":"post-34328","1":"product","2":"type-product","3":"status-publish","4":"has-post-thumbnail","6":"product_cat-home-textiles","8":"first","9":"instock","10":"shipping-taxable","11":"purchasable","12":"product-type-simple"},"aioseo_notices":[],"_links":{"self":[{"href":"https:\/\/xn--kbrsglobalstore-7kcc.com\/tr\/wp-json\/wp\/v2\/product\/34328","targetHints":{"allow":["GET"]}}],"collection":[{"href":"https:\/\/xn--kbrsglobalstore-7kcc.com\/tr\/wp-json\/wp\/v2\/product"}],"about":[{"href":"https:\/\/xn--kbrsglobalstore-7kcc.com\/tr\/wp-json\/wp\/v2\/types\/product"}],"replies":[{"embeddable":true,"href":"https:\/\/xn--kbrsglobalstore-7kcc.com\/tr\/wp-json\/wp\/v2\/comments?post=34328"}],"wp:featuredmedia":[{"embeddable":true,"href":"https:\/\/xn--kbrsglobalstore-7kcc.com\/tr\/wp-json\/wp\/v2\/media\/34329"}],"wp:attachment":[{"href":"https:\/\/xn--kbrsglobalstore-7kcc.com\/tr\/wp-json\/wp\/v2\/media?parent=34328"}],"wp:term":[{"taxonomy":"product_brand","embeddable":true,"href":"https:\/\/xn--kbrsglobalstore-7kcc.com\/tr\/wp-json\/wp\/v2\/product_brand?post=34328"},{"taxonomy":"product_cat","embeddable":true,"href":"https:\/\/xn--kbrsglobalstore-7kcc.com\/tr\/wp-json\/wp\/v2\/product_cat?post=34328"},{"taxonomy":"product_tag","embeddable":true,"href":"https:\/\/xn--kbrsglobalstore-7kcc.com\/tr\/wp-json\/wp\/v2\/product_tag?post=34328"}],"curies":[{"name":"wp","href":"https:\/\/api.w.org\/{rel}","templated":true}]}}