{"id":34312,"date":"2026-01-04T12:16:42","date_gmt":"2026-01-04T12:16:42","guid":{"rendered":"https:\/\/xn--kbrsglobalstore-7kcc.com\/?post_type=product&#038;p=34312"},"modified":"2026-01-04T12:16:42","modified_gmt":"2026-01-04T12:16:42","slug":"1-roll-self-adhesive-frosted-glass-window-film-privacy-window-film-decorative-removable-frosted-glass-sticker-suitable-for-living-room-bedroom-kitchen-bathroom-and-home-room-decoration","status":"publish","type":"product","link":"https:\/\/xn--kbrsglobalstore-7kcc.com\/tr\/urun\/1-roll-self-adhesive-frosted-glass-window-film-privacy-window-film-decorative-removable-frosted-glass-sticker-suitable-for-living-room-bedroom-kitchen-bathroom-and-home-room-decoration\/","title":{"rendered":"1 Rulo Kendinden Yap\u0131\u015fkanl\u0131 Buzlu Cam Pencere Filmi, Gizlilik Sa\u011flayan Pencere Filmi, Dekoratif \u00c7\u0131kar\u0131labilir Buzlu Cam Etiketi, Oturma Odas\u0131, Yatak Odas\u0131, Mutfak, Banyo ve Ev\/Oda Dekorasyonu \u0130\u00e7in Uygundur"},"content":{"rendered":"<p class=\"translation-block\">Bu <strong data-start=\"77\" data-end=\"127\">1 Rulo Kendinden Yap\u0131\u015fkanl\u0131 Buzlu Cam Pencere Filmi<\/strong>, ev dekorasyonunuzu y\u00fckseltirken gizlili\u011fi art\u0131rmak i\u00e7in \u015f\u0131k ve pratik bir \u00e7\u00f6z\u00fcmd\u00fcr. G\u00fczel bir <strong data-start=\"245\" data-end=\"263\">buzlu y\u00fczey<\/strong> ile tasarlanan bu film, d\u0131\u015far\u0131dan g\u00f6r\u00fcn\u00fcrl\u00fc\u011f\u00fc etkili bir \u015fekilde engellerken do\u011fal \u0131\u015f\u0131\u011f\u0131n ge\u00e7mesine izin vererek ayd\u0131nl\u0131k ancak \u00f6zel bir ya\u015fam ortam\u0131 yarat\u0131r. <strong data-start=\"406\" data-end=\"431\">Kendinden yap\u0131\u015fkanl\u0131 arka y\u00fczeyi<\/strong>, h\u0131zl\u0131, aletsiz kurulum ve kal\u0131nt\u0131 b\u0131rakmadan kolay s\u00f6kme imkan\u0131 sa\u011flar; bu da onu hem kirac\u0131lar hem de ev sahipleri i\u00e7in m\u00fckemmel k\u0131lar. <strong data-start=\"584\" data-end=\"631\">Oturma odas\u0131, yatak odas\u0131, mutfak ve banyo<\/strong>da kullan\u0131m i\u00e7in ideal olan bu dekoratif pencere etiketi, i\u00e7 mekanlar\u0131 parlamadan korurken ve rahat bir atmosfer sa\u011flarken her mekana temiz, modern bir g\u00f6r\u00fcn\u00fcm kazand\u0131r\u0131r. G\u00fcnl\u00fck ev ve oda dekorasyonu i\u00e7in \u00e7ok y\u00f6nl\u00fc ve zarif bir y\u00fckseltme.<\/p>","protected":false},"excerpt":{"rendered":"<p>This 1 Roll Self-Adhesive Frosted Glass Window Film is a stylish and practical solution for enhancing privacy while elevating your home d\u00e9cor. Designed with a beautiful frosted finish, it allows natural light to pass through while effectively blocking outside visibility, creating a bright yet private living environment. The self-adhesive backing ensures quick, tool-free installation and [&hellip;]<\/p>","protected":false},"featured_media":34313,"comment_status":"open","ping_status":"closed","template":"","meta":{"_monsterinsights_skip_tracking":false,"_monsterinsights_sitenote_active":false,"_monsterinsights_sitenote_note":"","_monsterinsights_sitenote_category":0},"product_brand":[],"product_cat":[120],"product_tag":[],"class_list":{"0":"post-34312","1":"product","2":"type-product","3":"status-publish","4":"has-post-thumbnail","6":"product_cat-home-textiles","8":"first","9":"instock","10":"shipping-taxable","11":"purchasable","12":"product-type-simple"},"aioseo_notices":[],"_links":{"self":[{"href":"https:\/\/xn--kbrsglobalstore-7kcc.com\/tr\/wp-json\/wp\/v2\/product\/34312","targetHints":{"allow":["GET"]}}],"collection":[{"href":"https:\/\/xn--kbrsglobalstore-7kcc.com\/tr\/wp-json\/wp\/v2\/product"}],"about":[{"href":"https:\/\/xn--kbrsglobalstore-7kcc.com\/tr\/wp-json\/wp\/v2\/types\/product"}],"replies":[{"embeddable":true,"href":"https:\/\/xn--kbrsglobalstore-7kcc.com\/tr\/wp-json\/wp\/v2\/comments?post=34312"}],"wp:featuredmedia":[{"embeddable":true,"href":"https:\/\/xn--kbrsglobalstore-7kcc.com\/tr\/wp-json\/wp\/v2\/media\/34313"}],"wp:attachment":[{"href":"https:\/\/xn--kbrsglobalstore-7kcc.com\/tr\/wp-json\/wp\/v2\/media?parent=34312"}],"wp:term":[{"taxonomy":"product_brand","embeddable":true,"href":"https:\/\/xn--kbrsglobalstore-7kcc.com\/tr\/wp-json\/wp\/v2\/product_brand?post=34312"},{"taxonomy":"product_cat","embeddable":true,"href":"https:\/\/xn--kbrsglobalstore-7kcc.com\/tr\/wp-json\/wp\/v2\/product_cat?post=34312"},{"taxonomy":"product_tag","embeddable":true,"href":"https:\/\/xn--kbrsglobalstore-7kcc.com\/tr\/wp-json\/wp\/v2\/product_tag?post=34312"}],"curies":[{"name":"wp","href":"https:\/\/api.w.org\/{rel}","templated":true}]}}