{"id":34304,"date":"2026-01-04T12:12:29","date_gmt":"2026-01-04T12:12:29","guid":{"rendered":"https:\/\/xn--kbrsglobalstore-7kcc.com\/?post_type=product&#038;p=34304"},"modified":"2026-01-04T12:12:29","modified_gmt":"2026-01-04T12:12:29","slug":"non-woven-fabric-underbed-storage-moisture-proof-wardrobe-organizer-bags-travel-boxes-cosmetics-holiday-organizer-bags-large-capacity-makeup-case-for-lipsticks-brushes-skincare-phone-coins-s","status":"publish","type":"product","link":"https:\/\/xn--kbrsglobalstore-7kcc.com\/tr\/urun\/non-woven-fabric-underbed-storage-moisture-proof-wardrobe-organizer-bags-travel-boxes-cosmetics-holiday-organizer-bags-large-capacity-makeup-case-for-lipsticks-brushes-skincare-phone-coins-s\/","title":{"rendered":"Dokumas\u0131z Kuma\u015f Yatak Alt\u0131 Saklama Kutusu, Nem Ge\u00e7irmez Gard\u0131rop D\u00fczenleyici \u00c7antalar, Seyahat Kutular\u0131, Kozmetik, Tatil D\u00fczenleyici \u00c7antalar, Rujlar, F\u0131r\u00e7alar, Cilt Bak\u0131m \u00dcr\u00fcnleri, Telefon, Madeni Paralar, K\u00fc\u00e7\u00fck E\u015fyalar \u0130\u00e7in B\u00fcy\u00fck Kapasiteli Makyaj \u00c7antas\u0131, Ev, Hediye, Tatil ve Festivaller \u0130\u00e7in Uygun, Yatak Odas\u0131, D\u00fczenleyici, Ev Depolama, Beyaz Ti\u015f\u00f6rt Kad\u0131n, Siyah Pantolon Kad\u0131n, Bayan K\u0131\u015fl\u0131k Giysiler, Elbise,"},"content":{"rendered":"<p class=\"translation-block\">Bu <strong data-start=\"79\" data-end=\"132\">Dokumas\u0131z Kuma\u015f Yatak Alt\u0131 Saklama ve D\u00fczenleyici \u00c7anta<\/strong>, e\u015fyalar\u0131n\u0131z\u0131 d\u00fczenli bir \u015fekilde saklamak ve kolayca eri\u015fmek i\u00e7in ak\u0131ll\u0131, \u015f\u0131k ve yerden tasarruf sa\u011flayan bir \u00e7\u00f6z\u00fcm sunar. Dayan\u0131kl\u0131, <strong data-start=\"268\" data-end=\"303\">nem ge\u00e7irmez dokumas\u0131z kuma\u015ftan<\/strong> \u00fcretilen bu \u00e7anta, e\u015fyalar\u0131n\u0131z\u0131 tozdan, nemden ve hasardan koruyarak gard\u0131roplarda veya yata\u011f\u0131n alt\u0131nda uzun s\u00fcreli saklama i\u00e7in m\u00fckemmeldir. <strong data-start=\"444\" data-end=\"471\">Geni\u015f i\u00e7 hacmi<\/strong> sayesinde, <strong data-start=\"515\" data-end=\"618\">makyaj malzemeleri, kozmetik \u00fcr\u00fcnler, rujlar, f\u0131r\u00e7alar, cilt bak\u0131m \u00fcr\u00fcnleri, telefonlar, bozuk paralar ve di\u011fer k\u00fc\u00e7\u00fck temel e\u015fyalar<\/strong> i\u00e7in \u00e7ok y\u00f6nl\u00fc bir d\u00fczenleyici g\u00f6revi g\u00f6r\u00fcrken, ayn\u0131 zamanda m\u00fckemmel bir seyahat saklama kutusu ve tatil d\u00fczenleyici olarak da kullan\u0131labilir. Kad\u0131n giyim e\u015fyalar\u0131, k\u0131\u015fl\u0131k giysiler, elbiseler, beyaz ti\u015f\u00f6rtler, siyah pantolonlar ve aksesuarlar i\u00e7in ideal olan bu \u00e7ok ama\u00e7l\u0131 saklama \u00e7\u00f6z\u00fcm\u00fc, yatak odalar\u0131, evler ve hediye verme etkinlikleri i\u00e7in m\u00fckemmeldir ve g\u00fcnl\u00fck d\u00fczenleme ve \u00f6zel g\u00fcnler i\u00e7in saklama ihtiya\u00e7lar\u0131 i\u00e7in vazge\u00e7ilmez bir yard\u0131mc\u0131d\u0131r.<\/p>","protected":false},"excerpt":{"rendered":"<p>This Non-Woven Fabric Underbed Storage &amp; Organizer Bag offers a smart, stylish, and space-saving solution for keeping your belongings neatly stored and easily accessible. Made from durable, moisture-proof non-woven fabric, it protects your items from dust, humidity, and damage, making it perfect for long-term storage in wardrobes or under the bed. Featuring a large-capacity interior, [&hellip;]<\/p>","protected":false},"featured_media":34305,"comment_status":"open","ping_status":"closed","template":"","meta":{"_monsterinsights_skip_tracking":false,"_monsterinsights_sitenote_active":false,"_monsterinsights_sitenote_note":"","_monsterinsights_sitenote_category":0},"product_brand":[],"product_cat":[120],"product_tag":[],"class_list":{"0":"post-34304","1":"product","2":"type-product","3":"status-publish","4":"has-post-thumbnail","6":"product_cat-home-textiles","8":"first","9":"instock","10":"shipping-taxable","11":"purchasable","12":"product-type-simple"},"aioseo_notices":[],"_links":{"self":[{"href":"https:\/\/xn--kbrsglobalstore-7kcc.com\/tr\/wp-json\/wp\/v2\/product\/34304","targetHints":{"allow":["GET"]}}],"collection":[{"href":"https:\/\/xn--kbrsglobalstore-7kcc.com\/tr\/wp-json\/wp\/v2\/product"}],"about":[{"href":"https:\/\/xn--kbrsglobalstore-7kcc.com\/tr\/wp-json\/wp\/v2\/types\/product"}],"replies":[{"embeddable":true,"href":"https:\/\/xn--kbrsglobalstore-7kcc.com\/tr\/wp-json\/wp\/v2\/comments?post=34304"}],"wp:featuredmedia":[{"embeddable":true,"href":"https:\/\/xn--kbrsglobalstore-7kcc.com\/tr\/wp-json\/wp\/v2\/media\/34305"}],"wp:attachment":[{"href":"https:\/\/xn--kbrsglobalstore-7kcc.com\/tr\/wp-json\/wp\/v2\/media?parent=34304"}],"wp:term":[{"taxonomy":"product_brand","embeddable":true,"href":"https:\/\/xn--kbrsglobalstore-7kcc.com\/tr\/wp-json\/wp\/v2\/product_brand?post=34304"},{"taxonomy":"product_cat","embeddable":true,"href":"https:\/\/xn--kbrsglobalstore-7kcc.com\/tr\/wp-json\/wp\/v2\/product_cat?post=34304"},{"taxonomy":"product_tag","embeddable":true,"href":"https:\/\/xn--kbrsglobalstore-7kcc.com\/tr\/wp-json\/wp\/v2\/product_tag?post=34304"}],"curies":[{"name":"wp","href":"https:\/\/api.w.org\/{rel}","templated":true}]}}