{"id":34297,"date":"2026-01-04T12:09:04","date_gmt":"2026-01-04T12:09:04","guid":{"rendered":"https:\/\/xn--kbrsglobalstore-7kcc.com\/?post_type=product&#038;p=34297"},"modified":"2026-01-04T12:09:04","modified_gmt":"2026-01-04T12:09:04","slug":"1pc-soft-fluffy-faux-rabbit-fur-rug-plush-comfortable-carpet-minimalist-elegant-suitable-for-sofa-cushion-chair-seat-bedroom-bedside-living-room-bedroom-home-decor-best-for-winter-home-de","status":"publish","type":"product","link":"https:\/\/xn--kbrsglobalstore-7kcc.com\/tr\/urun\/1pc-soft-fluffy-faux-rabbit-fur-rug-plush-comfortable-carpet-minimalist-elegant-suitable-for-sofa-cushion-chair-seat-bedroom-bedside-living-room-bedroom-home-decor-best-for-winter-home-de\/","title":{"rendered":"1 adet Yumu\u015fak ve Kabar\u0131k Suni Tav\u015fan K\u00fcrk\u00fc Kilim, Pelu\u015f Konforlu Kilim, Minimalist ve Zarif, Kanepe Minderi, Sandalye Oturma Yeri, Yatak Odas\u0131 Ba\u015fucu, Oturma Odas\u0131 ve Yatak Odas\u0131 Ev Dekorasyonu \u0130\u00e7in Uygun, K\u0131\u015f Ev Dekorasyonu \u0130\u00e7in En \u0130yisi, Oturma Odas\u0131, Yatak Odas\u0131, Ba\u015fucu, Kanepe, Dolap Noel Dekorasyonu Mutfak Kilimi \u0130\u00e7in Uygundur"},"content":{"rendered":"<p class=\"translation-block\">Bu <strong data-start=\"77\" data-end=\"118\">1 adet Yumu\u015fak ve Kabar\u0131k Suni Tav\u015fan K\u00fcrk\u00fc Hal\u0131<\/strong>, ev dekorasyonunuza l\u00fcks bir konfor ve zarif bir s\u0131cakl\u0131k kat\u0131yor. Ultra yumu\u015fak, cilt dostu suni k\u00fcrkten \u00fcretilen bu hal\u0131, so\u011fuk k\u0131\u015f g\u00fcnleri i\u00e7in m\u00fckemmel olan rahat, bulut benzeri bir his sunuyor. <strong data-start=\"310\" data-end=\"343\">Minimalist ve zarif tasar\u0131m\u0131<\/strong>, her i\u00e7 mekan\u0131 zahmetsizce g\u00fczelle\u015ftirerek <strong data-start=\"409\" data-end=\"486\">koltuk minderi, sandalye oturma \u00f6rt\u00fcs\u00fc, ba\u015fucu hal\u0131s\u0131 veya oturma odas\u0131 vurgu hal\u0131s\u0131<\/strong> olarak kullan\u0131m i\u00e7in ideal hale getiriyor. Kal\u0131n, kabar\u0131k dokusu hem g\u00f6rsel yumu\u015fakl\u0131k hem de fiziksel konfor sa\u011flarken, yatak odalar\u0131, dolaplar, mutfaklar ve salonlar i\u00e7in \u015f\u0131k bir dekoratif dokunu\u015f sunuyor. Hem g\u00fcnl\u00fck konfor hem de \u015f\u0131k bir g\u00f6r\u00fcn\u00fcm i\u00e7in m\u00fckemmel olan bu \u00fcr\u00fcn, ayn\u0131 zamanda evinizin her yerinde s\u0131cak ve davetkar bir atmosfer yaratarak <strong data-start=\"744\" data-end=\"768\">Noel ev dekorasyonuna<\/strong> da g\u00fczel bir katk\u0131 sa\u011flar.<\/p>","protected":false},"excerpt":{"rendered":"<p>This 1pc Soft &amp; Fluffy Faux Rabbit Fur Rug brings luxurious comfort and elegant warmth to your home d\u00e9cor. Crafted with ultra-plush, skin-friendly faux fur, it delivers a cozy, cloud-like feel that\u2019s perfect for cold winter days. Its minimalist and elegant design effortlessly enhances any interior, making it ideal for use as a sofa cushion, [&hellip;]<\/p>","protected":false},"featured_media":34298,"comment_status":"open","ping_status":"closed","template":"","meta":{"_monsterinsights_skip_tracking":false,"_monsterinsights_sitenote_active":false,"_monsterinsights_sitenote_note":"","_monsterinsights_sitenote_category":0},"product_brand":[],"product_cat":[120],"product_tag":[],"class_list":{"0":"post-34297","1":"product","2":"type-product","3":"status-publish","4":"has-post-thumbnail","6":"product_cat-home-textiles","8":"first","9":"instock","10":"shipping-taxable","11":"purchasable","12":"product-type-simple"},"aioseo_notices":[],"_links":{"self":[{"href":"https:\/\/xn--kbrsglobalstore-7kcc.com\/tr\/wp-json\/wp\/v2\/product\/34297","targetHints":{"allow":["GET"]}}],"collection":[{"href":"https:\/\/xn--kbrsglobalstore-7kcc.com\/tr\/wp-json\/wp\/v2\/product"}],"about":[{"href":"https:\/\/xn--kbrsglobalstore-7kcc.com\/tr\/wp-json\/wp\/v2\/types\/product"}],"replies":[{"embeddable":true,"href":"https:\/\/xn--kbrsglobalstore-7kcc.com\/tr\/wp-json\/wp\/v2\/comments?post=34297"}],"wp:featuredmedia":[{"embeddable":true,"href":"https:\/\/xn--kbrsglobalstore-7kcc.com\/tr\/wp-json\/wp\/v2\/media\/34298"}],"wp:attachment":[{"href":"https:\/\/xn--kbrsglobalstore-7kcc.com\/tr\/wp-json\/wp\/v2\/media?parent=34297"}],"wp:term":[{"taxonomy":"product_brand","embeddable":true,"href":"https:\/\/xn--kbrsglobalstore-7kcc.com\/tr\/wp-json\/wp\/v2\/product_brand?post=34297"},{"taxonomy":"product_cat","embeddable":true,"href":"https:\/\/xn--kbrsglobalstore-7kcc.com\/tr\/wp-json\/wp\/v2\/product_cat?post=34297"},{"taxonomy":"product_tag","embeddable":true,"href":"https:\/\/xn--kbrsglobalstore-7kcc.com\/tr\/wp-json\/wp\/v2\/product_tag?post=34297"}],"curies":[{"name":"wp","href":"https:\/\/api.w.org\/{rel}","templated":true}]}}