{"id":34286,"date":"2026-01-04T12:05:50","date_gmt":"2026-01-04T12:05:50","guid":{"rendered":"https:\/\/xn--kbrsglobalstore-7kcc.com\/?post_type=product&#038;p=34286"},"modified":"2026-01-04T12:05:50","modified_gmt":"2026-01-04T12:05:50","slug":"1pc-silica-gel-kitchen-floor-mat-composed-of-multiple-small-squares-with-different-vintage-patterns-including-floral-textures-geometric-lines-scroll-textures-and-other-elements","status":"publish","type":"product","link":"https:\/\/xn--kbrsglobalstore-7kcc.com\/tr\/urun\/1pc-silica-gel-kitchen-floor-mat-composed-of-multiple-small-squares-with-different-vintage-patterns-including-floral-textures-geometric-lines-scroll-textures-and-other-elements\/","title":{"rendered":"1 adet Silika Jel Mutfak Yer Mat\u0131, Farkl\u0131 Vintage Desenlere Sahip \u00c7ok Say\u0131da K\u00fc\u00e7\u00fck Kareden Olu\u015fmaktad\u0131r (\u00c7i\u00e7ek Desenleri, Geometrik \u00c7izgiler, K\u0131vr\u0131ml\u0131 Desenler ve Di\u011fer \u00d6\u011feler Dahil)"},"content":{"rendered":"<div class=\"flex max-w-full flex-col grow\">\n<div class=\"min-h-8 text-message relative flex w-full flex-col items-end gap-2 text-start break-words whitespace-normal [.text-message+&amp;]:mt-1\" dir=\"auto\" data-message-author-role=\"assistant\" data-message-id=\"8d9a93fa-aab5-4f95-ab4d-164c95508359\" data-message-model-slug=\"gpt-5-2\">\n<div class=\"flex w-full flex-col gap-1 empty:hidden first:pt-[1px]\">\n<div class=\"markdown prose dark:prose-invert w-full break-words dark markdown-new-styling\">\n<p data-start=\"59\" data-end=\"826\" data-is-last-node=\"\" data-is-only-node=\"\" class=\"translation-block\">Bu <strong data-start=\"64\" data-end=\"100\">1 adet Silika Jel Mutfak Zemin Paspas\u0131<\/strong>, pratik konforu sanatsal vintage cazibesiyle birle\u015ftirerek her mutfa\u011fa \u015f\u0131k ve i\u015flevsel bir katk\u0131 sa\u011flar. <strong data-start=\"260\" data-end=\"286\">\u00e7ok say\u0131da k\u00fc\u00e7\u00fck kareden<\/strong> olu\u015fan benzersiz bir y\u00fczeyle tasarlanan her b\u00f6l\u00fcm, zarif \u00e7i\u00e7ek dokular\u0131, klasik geometrik \u00e7izgiler, dekoratif k\u0131vr\u0131m motifleri ve zengin, g\u00f6z al\u0131c\u0131 bir g\u00f6rsel efekt yaratan di\u011fer zamans\u0131z unsurlar da dahil olmak \u00fczere g\u00fczel <strong data-start=\"320\" data-end=\"349\">vintage esintili desenler<\/strong> i\u00e7erir. Birinci s\u0131n\u0131f <strong data-start=\"530\" data-end=\"553\">silika jel malzemeden<\/strong> \u00fcretilen paspas, uzun s\u00fcre ayakta dururken ek konfor i\u00e7in m\u00fckemmel dayan\u0131kl\u0131l\u0131k, kaymazl\u0131k ve yast\u0131klama sunar. Temizlemesi kolay ve son derece dayan\u0131kl\u0131 olan bu paspas, zemininizi d\u00f6k\u00fclmelerden ve a\u015f\u0131nmadan korurken, mutfa\u011f\u0131n\u0131z\u0131n dekorunu s\u0131cak, klasik bir estetikle zenginle\u015ftirir.<\/p>\n<\/div>\n<\/div>\n<\/div>\n<\/div>\n<div class=\"z-0 flex min-h-[46px] justify-start\"><\/div>\n<div class=\"border-token-border-light my-2 flex gap-10 border-t pt-4\">\n<div class=\"flex items-center justify-center overflow-hidden h-12 w-12 rounded-lg\"><\/div>\n<\/div>","protected":false},"excerpt":{"rendered":"<p>This 1pc Silica Gel Kitchen Floor Mat combines practical comfort with artistic vintage charm, making it a stylish and functional addition to any kitchen. Designed with a unique surface composed of multiple small squares, each section features beautiful vintage-inspired patterns including elegant floral textures, classic geometric lines, decorative scroll motifs, and other timeless elements that [&hellip;]<\/p>","protected":false},"featured_media":34287,"comment_status":"open","ping_status":"closed","template":"","meta":{"_monsterinsights_skip_tracking":false,"_monsterinsights_sitenote_active":false,"_monsterinsights_sitenote_note":"","_monsterinsights_sitenote_category":0},"product_brand":[],"product_cat":[120],"product_tag":[],"class_list":{"0":"post-34286","1":"product","2":"type-product","3":"status-publish","4":"has-post-thumbnail","6":"product_cat-home-textiles","8":"first","9":"instock","10":"shipping-taxable","11":"purchasable","12":"product-type-simple"},"aioseo_notices":[],"_links":{"self":[{"href":"https:\/\/xn--kbrsglobalstore-7kcc.com\/tr\/wp-json\/wp\/v2\/product\/34286","targetHints":{"allow":["GET"]}}],"collection":[{"href":"https:\/\/xn--kbrsglobalstore-7kcc.com\/tr\/wp-json\/wp\/v2\/product"}],"about":[{"href":"https:\/\/xn--kbrsglobalstore-7kcc.com\/tr\/wp-json\/wp\/v2\/types\/product"}],"replies":[{"embeddable":true,"href":"https:\/\/xn--kbrsglobalstore-7kcc.com\/tr\/wp-json\/wp\/v2\/comments?post=34286"}],"wp:featuredmedia":[{"embeddable":true,"href":"https:\/\/xn--kbrsglobalstore-7kcc.com\/tr\/wp-json\/wp\/v2\/media\/34287"}],"wp:attachment":[{"href":"https:\/\/xn--kbrsglobalstore-7kcc.com\/tr\/wp-json\/wp\/v2\/media?parent=34286"}],"wp:term":[{"taxonomy":"product_brand","embeddable":true,"href":"https:\/\/xn--kbrsglobalstore-7kcc.com\/tr\/wp-json\/wp\/v2\/product_brand?post=34286"},{"taxonomy":"product_cat","embeddable":true,"href":"https:\/\/xn--kbrsglobalstore-7kcc.com\/tr\/wp-json\/wp\/v2\/product_cat?post=34286"},{"taxonomy":"product_tag","embeddable":true,"href":"https:\/\/xn--kbrsglobalstore-7kcc.com\/tr\/wp-json\/wp\/v2\/product_tag?post=34286"}],"curies":[{"name":"wp","href":"https:\/\/api.w.org\/{rel}","templated":true}]}}