{"id":34276,"date":"2026-01-04T12:01:01","date_gmt":"2026-01-04T12:01:01","guid":{"rendered":"https:\/\/xn--kbrsglobalstore-7kcc.com\/?post_type=product&#038;p=34276"},"modified":"2026-01-04T12:01:01","modified_gmt":"2026-01-04T12:01:01","slug":"1pc-autumn-winter-thickened-bath-mat-faux-linen-woven-material-easy-to-clean-long-bathroom-mat-modern-minimalist-wooden-style-bathroom-entrance-carpet-home-bathroom-doormat-shower-room-bathtub-ed","status":"publish","type":"product","link":"https:\/\/xn--kbrsglobalstore-7kcc.com\/tr\/urun\/1pc-autumn-winter-thickened-bath-mat-faux-linen-woven-material-easy-to-clean-long-bathroom-mat-modern-minimalist-wooden-style-bathroom-entrance-carpet-home-bathroom-doormat-shower-room-bathtub-ed\/","title":{"rendered":"1 adet Sonbahar\/K\u0131\u015f Kal\u0131nla\u015ft\u0131r\u0131lm\u0131\u015f Banyo Paspas\u0131, Suni Keten Dokuma Malzeme, Kolay Temizlenebilir Uzun Banyo Paspas\u0131, Modern Minimalist Ah\u015fap Tarz\u0131 Banyo Giri\u015f Hal\u0131s\u0131, Ev Banyo Kap\u0131 Paspas\u0131, Du\u015f Odas\u0131 K\u00fcvet Kenar Paspas\u0131, T\u00fcm Mevsimlere Uygun, Sonbahar Yeni \u00dcr\u00fcn, Noel, Sevgililer G\u00fcn\u00fc Dekoratif Hal\u0131s\u0131, Ses Yal\u0131t\u0131ml\u0131 Yer Paspas\u0131"},"content":{"rendered":"<p class=\"translation-block\">Bu <strong data-start=\"90\" data-end=\"130\">1 adet Sonbahar\/K\u0131\u015f Kal\u0131nla\u015ft\u0131r\u0131lm\u0131\u015f Banyo Paspas\u0131<\/strong>, banyo alan\u0131n\u0131za s\u0131cakl\u0131k, konfor ve modern bir zarafet katmak i\u00e7in tasarlanm\u0131\u015ft\u0131r. <strong data-start=\"226\" data-end=\"268\">Y\u00fcksek kaliteli suni keten dokuma malzemeden<\/strong> \u00fcretilen bu paspas, ayak alt\u0131nda rahat hissettiren yumu\u015fak ancak dayan\u0131kl\u0131 bir y\u00fczey sunarken m\u00fckemmel <strong data-start=\"366\" data-end=\"386\">ses yal\u0131t\u0131m\u0131<\/strong> ve zemin korumas\u0131 sa\u011flar. <strong data-start=\"413\" data-end=\"442\">Uzun, kal\u0131nla\u015ft\u0131r\u0131lm\u0131\u015f yap\u0131s\u0131<\/strong>, banyo giri\u015fleri, du\u015f alanlar\u0131 ve k\u00fcvet kenar\u0131 boyunca kullan\u0131m i\u00e7in m\u00fckemmeldir ve her mevsimde rahat ve kaymaz bir deneyim sa\u011flar. <strong data-start=\"592\" data-end=\"633\">Modern minimalist ah\u015fap tarz\u0131 tasar\u0131m<\/strong>, \u00e7a\u011fda\u015f ev i\u00e7 mekanlar\u0131yla kusursuz bir \u015fekilde uyum sa\u011flayan sofistike bir dekoratif dokunu\u015f katar. Temizlemesi ve bak\u0131m\u0131 kolay olan bu \u00e7ok y\u00f6nl\u00fc paspas, g\u00fcnl\u00fck kullan\u0131m i\u00e7in idealdir ve ayn\u0131 zamanda <strong data-start=\"837\" data-end=\"893\">Sonbahar dekorasyonu, Noel ve Sevgililer G\u00fcn\u00fc stilleri<\/strong> i\u00e7in g\u00fczel bir vurgu olu\u015fturarak eviniz i\u00e7in hem i\u015flevsel hem de g\u00f6rsel olarak \u00e7ekici hale gelir.<\/p>","protected":false},"excerpt":{"rendered":"<p>This 1pc Autumn\/Winter Thickened Bath Mat is designed to bring warmth, comfort, and modern elegance to your bathroom space. Crafted from high-quality faux linen woven material, it offers a soft yet durable surface that feels comfortable underfoot while providing excellent sound insulation and floor protection. Its long, thickened structure makes it perfect for bathroom entrances, [&hellip;]<\/p>","protected":false},"featured_media":34277,"comment_status":"open","ping_status":"closed","template":"","meta":{"_monsterinsights_skip_tracking":false,"_monsterinsights_sitenote_active":false,"_monsterinsights_sitenote_note":"","_monsterinsights_sitenote_category":0},"product_brand":[],"product_cat":[120],"product_tag":[],"class_list":{"0":"post-34276","1":"product","2":"type-product","3":"status-publish","4":"has-post-thumbnail","6":"product_cat-home-textiles","8":"first","9":"instock","10":"shipping-taxable","11":"purchasable","12":"product-type-simple"},"aioseo_notices":[],"_links":{"self":[{"href":"https:\/\/xn--kbrsglobalstore-7kcc.com\/tr\/wp-json\/wp\/v2\/product\/34276","targetHints":{"allow":["GET"]}}],"collection":[{"href":"https:\/\/xn--kbrsglobalstore-7kcc.com\/tr\/wp-json\/wp\/v2\/product"}],"about":[{"href":"https:\/\/xn--kbrsglobalstore-7kcc.com\/tr\/wp-json\/wp\/v2\/types\/product"}],"replies":[{"embeddable":true,"href":"https:\/\/xn--kbrsglobalstore-7kcc.com\/tr\/wp-json\/wp\/v2\/comments?post=34276"}],"wp:featuredmedia":[{"embeddable":true,"href":"https:\/\/xn--kbrsglobalstore-7kcc.com\/tr\/wp-json\/wp\/v2\/media\/34277"}],"wp:attachment":[{"href":"https:\/\/xn--kbrsglobalstore-7kcc.com\/tr\/wp-json\/wp\/v2\/media?parent=34276"}],"wp:term":[{"taxonomy":"product_brand","embeddable":true,"href":"https:\/\/xn--kbrsglobalstore-7kcc.com\/tr\/wp-json\/wp\/v2\/product_brand?post=34276"},{"taxonomy":"product_cat","embeddable":true,"href":"https:\/\/xn--kbrsglobalstore-7kcc.com\/tr\/wp-json\/wp\/v2\/product_cat?post=34276"},{"taxonomy":"product_tag","embeddable":true,"href":"https:\/\/xn--kbrsglobalstore-7kcc.com\/tr\/wp-json\/wp\/v2\/product_tag?post=34276"}],"curies":[{"name":"wp","href":"https:\/\/api.w.org\/{rel}","templated":true}]}}