{"id":34268,"date":"2026-01-04T11:55:47","date_gmt":"2026-01-04T11:55:47","guid":{"rendered":"https:\/\/xn--kbrsglobalstore-7kcc.com\/?post_type=product&#038;p=34268"},"modified":"2026-01-04T11:55:47","modified_gmt":"2026-01-04T11:55:47","slug":"dajiang-1pc-geometric-line-pattern-runner-rug-soft-plush-area-rug-for-living-room-comfortable-warm-beige-color-non-slip-tpr-bottom-suitable-for-bedroom-bathroom-kitchen-entryway-hallway-bedsi","status":"publish","type":"product","link":"https:\/\/xn--kbrsglobalstore-7kcc.com\/tr\/urun\/dajiang-1pc-geometric-line-pattern-runner-rug-soft-plush-area-rug-for-living-room-comfortable-warm-beige-color-non-slip-tpr-bottom-suitable-for-bedroom-bathroom-kitchen-entryway-hallway-bedsi\/","title":{"rendered":"DAJIANG 1 adet Geometrik \u00c7izgili Desenli Yolluk Kilim, Oturma Odas\u0131 \u0130\u00e7in Yumu\u015fak Pelu\u015f Alan Kilimi, Rahatlat\u0131c\u0131 S\u0131cak Bej Renk, Kaymaz TPR Taban, Yatak Odas\u0131, Banyo, Mutfak, Giri\u015f, Koridor, Yatak Yan\u0131, Oturma Odas\u0131 \u0130\u00e7in Uygundur"},"content":{"rendered":"<p class=\"translation-block\"><strong data-start=\"59\" data-end=\"108\">DAJIANG 1 Par\u00e7a Geometrik \u00c7izgi Desenli Yolluk Hal\u0131<\/strong>, her mekana s\u0131cakl\u0131k ve konfor getirmek i\u00e7in tasarlanm\u0131\u015f \u015f\u0131k ve i\u015flevsel bir ev dekorasyon \u00fcr\u00fcn\u00fcd\u00fcr. Yumu\u015fak, pelu\u015f malzemeden \u00fcretilen bu hal\u0131, modern geometrik \u00e7izgi deseni ve yat\u0131\u015ft\u0131r\u0131c\u0131 s\u0131cak bej tonuyla i\u00e7 mekan\u0131n\u0131z\u0131 g\u00fczelle\u015ftirirken, ayak alt\u0131nda rahat bir his sunar. Kaymaz TPR taban\u0131, \u00e7e\u015fitli zemin y\u00fczeylerinde m\u00fckemmel tutu\u015f sa\u011flayarak, yo\u011fun trafikli alanlarda stabilite ve g\u00fcvenlik sa\u011flar. Yatak odas\u0131, banyo, mutfak, giri\u015f, koridor, yatak ba\u015f\u0131 veya oturma odas\u0131 i\u00e7in m\u00fckemmel olan bu \u00e7ok y\u00f6nl\u00fc yolluk hal\u0131, estetik \u00e7ekicili\u011fi g\u00fcnl\u00fck pratiklikle birle\u015ftirerek hem modern hem de klasik ev ortamlar\u0131na ideal bir katk\u0131 sa\u011flar.<\/p>","protected":false},"excerpt":{"rendered":"<p>DAJIANG 1pc Geometric Line Pattern Runner Rug is a stylish and functional home d\u00e9cor essential designed to bring warmth and comfort to any space. Crafted from soft, plush material, this area rug offers a cozy underfoot feel while enhancing your interior with its modern geometric line pattern and soothing warm beige tone. The non-slip TPR [&hellip;]<\/p>","protected":false},"featured_media":34269,"comment_status":"open","ping_status":"closed","template":"","meta":{"_monsterinsights_skip_tracking":false,"_monsterinsights_sitenote_active":false,"_monsterinsights_sitenote_note":"","_monsterinsights_sitenote_category":0},"product_brand":[],"product_cat":[120],"product_tag":[],"class_list":{"0":"post-34268","1":"product","2":"type-product","3":"status-publish","4":"has-post-thumbnail","6":"product_cat-home-textiles","8":"first","9":"instock","10":"shipping-taxable","11":"purchasable","12":"product-type-simple"},"aioseo_notices":[],"_links":{"self":[{"href":"https:\/\/xn--kbrsglobalstore-7kcc.com\/tr\/wp-json\/wp\/v2\/product\/34268","targetHints":{"allow":["GET"]}}],"collection":[{"href":"https:\/\/xn--kbrsglobalstore-7kcc.com\/tr\/wp-json\/wp\/v2\/product"}],"about":[{"href":"https:\/\/xn--kbrsglobalstore-7kcc.com\/tr\/wp-json\/wp\/v2\/types\/product"}],"replies":[{"embeddable":true,"href":"https:\/\/xn--kbrsglobalstore-7kcc.com\/tr\/wp-json\/wp\/v2\/comments?post=34268"}],"wp:featuredmedia":[{"embeddable":true,"href":"https:\/\/xn--kbrsglobalstore-7kcc.com\/tr\/wp-json\/wp\/v2\/media\/34269"}],"wp:attachment":[{"href":"https:\/\/xn--kbrsglobalstore-7kcc.com\/tr\/wp-json\/wp\/v2\/media?parent=34268"}],"wp:term":[{"taxonomy":"product_brand","embeddable":true,"href":"https:\/\/xn--kbrsglobalstore-7kcc.com\/tr\/wp-json\/wp\/v2\/product_brand?post=34268"},{"taxonomy":"product_cat","embeddable":true,"href":"https:\/\/xn--kbrsglobalstore-7kcc.com\/tr\/wp-json\/wp\/v2\/product_cat?post=34268"},{"taxonomy":"product_tag","embeddable":true,"href":"https:\/\/xn--kbrsglobalstore-7kcc.com\/tr\/wp-json\/wp\/v2\/product_tag?post=34268"}],"curies":[{"name":"wp","href":"https:\/\/api.w.org\/{rel}","templated":true}]}}