{"id":34249,"date":"2026-01-04T11:48:32","date_gmt":"2026-01-04T11:48:32","guid":{"rendered":"https:\/\/xn--kbrsglobalstore-7kcc.com\/?post_type=product&#038;p=34249"},"modified":"2026-01-04T11:48:32","modified_gmt":"2026-01-04T11:48:32","slug":"1pc-high-quality-long-waffle-bathrobe-moisture-wicking-quick-drying-couples-sleepwear-spring-summer-suitable-for-homestay-hotel-spa-salon-loose-fit-multiple-colors-available-minimalist-desi","status":"publish","type":"product","link":"https:\/\/xn--kbrsglobalstore-7kcc.com\/tr\/urun\/1pc-high-quality-long-waffle-bathrobe-moisture-wicking-quick-drying-couples-sleepwear-spring-summer-suitable-for-homestay-hotel-spa-salon-loose-fit-multiple-colors-available-minimalist-desi\/","title":{"rendered":"1 adet Y\u00fcksek Kaliteli Uzun Waffle Bornoz, Nem Emici ve H\u0131zl\u0131 Kuruyan \u00c7iftler \u0130\u00e7in Pijama, \u0130lkbahar\/Yaz, Konaklama, Otel, SPA, Salon \u0130\u00e7in Uygun, Bol Kesim, \u00c7e\u015fitli Renk Se\u00e7enekleri, Minimalist Tasar\u0131m, Banyo \u0130\u00e7in Vazge\u00e7ilmez"},"content":{"rendered":"<p class=\"translation-block\"><strong data-start=\"59\" data-end=\"100\">1 adet Y\u00fcksek Kaliteli Uzun Waffle Bornoz<\/strong>, \u00fcst\u00fcn konfor, i\u015flevsellik ve modern \u015f\u0131kl\u0131k i\u00e7in tasarlanm\u0131\u015ft\u0131r ve evde, otellerde, spa merkezlerinde, salonlarda veya ev konaklamalar\u0131nda g\u00fcnl\u00fck rutininize m\u00fckemmel bir katk\u0131 sa\u011flar. Birinci s\u0131n\u0131f waffle dokulu kuma\u015ftan \u00fcretilen bu bornoz, m\u00fckemmel nem emme ve h\u0131zl\u0131 kuruma performans\u0131 sunarak banyo yapt\u0131ktan veya dinlendikten sonra sizi ferah ve rahat tutar. Hafif ve nefes alabilen yap\u0131s\u0131, ilkbahar ve yaz aylar\u0131nda kullan\u0131m i\u00e7in idealdir; bol kesim sil\u00fceti ise hem erkekler hem de kad\u0131nlar i\u00e7in hareket \u00f6zg\u00fcrl\u00fc\u011f\u00fc sa\u011flar. Temiz, minimalist bir tasar\u0131ma sahip ve bir\u00e7ok \u015f\u0131k renkte bulunan bu \u00e7ok y\u00f6nl\u00fc bornoz, l\u00fcks\u00fc g\u00fcnl\u00fck pratiklikle birle\u015ftirerek her banyo veya dinlenme alan\u0131 i\u00e7in vazge\u00e7ilmez bir par\u00e7a haline gelir.<\/p>","protected":false},"excerpt":{"rendered":"<p>1pc High-Quality Long Waffle Bathrobe is designed for ultimate comfort, functionality, and modern elegance, making it a perfect addition to your daily routine at home, in hotels, spas, salons, or homestays. Made from premium waffle-textured fabric, this bathrobe offers excellent moisture-wicking and quick-drying performance, keeping you fresh and comfortable after bathing or lounging. Its lightweight, [&hellip;]<\/p>","protected":false},"featured_media":34250,"comment_status":"open","ping_status":"closed","template":"","meta":{"_monsterinsights_skip_tracking":false,"_monsterinsights_sitenote_active":false,"_monsterinsights_sitenote_note":"","_monsterinsights_sitenote_category":0},"product_brand":[],"product_cat":[120],"product_tag":[],"class_list":{"0":"post-34249","1":"product","2":"type-product","3":"status-publish","4":"has-post-thumbnail","6":"product_cat-home-textiles","8":"first","9":"instock","10":"shipping-taxable","11":"purchasable","12":"product-type-simple"},"aioseo_notices":[],"_links":{"self":[{"href":"https:\/\/xn--kbrsglobalstore-7kcc.com\/tr\/wp-json\/wp\/v2\/product\/34249","targetHints":{"allow":["GET"]}}],"collection":[{"href":"https:\/\/xn--kbrsglobalstore-7kcc.com\/tr\/wp-json\/wp\/v2\/product"}],"about":[{"href":"https:\/\/xn--kbrsglobalstore-7kcc.com\/tr\/wp-json\/wp\/v2\/types\/product"}],"replies":[{"embeddable":true,"href":"https:\/\/xn--kbrsglobalstore-7kcc.com\/tr\/wp-json\/wp\/v2\/comments?post=34249"}],"wp:featuredmedia":[{"embeddable":true,"href":"https:\/\/xn--kbrsglobalstore-7kcc.com\/tr\/wp-json\/wp\/v2\/media\/34250"}],"wp:attachment":[{"href":"https:\/\/xn--kbrsglobalstore-7kcc.com\/tr\/wp-json\/wp\/v2\/media?parent=34249"}],"wp:term":[{"taxonomy":"product_brand","embeddable":true,"href":"https:\/\/xn--kbrsglobalstore-7kcc.com\/tr\/wp-json\/wp\/v2\/product_brand?post=34249"},{"taxonomy":"product_cat","embeddable":true,"href":"https:\/\/xn--kbrsglobalstore-7kcc.com\/tr\/wp-json\/wp\/v2\/product_cat?post=34249"},{"taxonomy":"product_tag","embeddable":true,"href":"https:\/\/xn--kbrsglobalstore-7kcc.com\/tr\/wp-json\/wp\/v2\/product_tag?post=34249"}],"curies":[{"name":"wp","href":"https:\/\/api.w.org\/{rel}","templated":true}]}}