{"id":34240,"date":"2026-01-04T11:41:16","date_gmt":"2026-01-04T11:41:16","guid":{"rendered":"https:\/\/xn--kbrsglobalstore-7kcc.com\/?post_type=product&#038;p=34240"},"modified":"2026-01-04T11:41:16","modified_gmt":"2026-01-04T11:41:16","slug":"1pc-tasseled-prayer-mat-non-slip-foldable-home-prayer-pad-suitable-for-indoor-and-outdoor-use-home-prayer-practice-foldable-prayer-mat-tasseled-prayer-mat-made-of-fine-sand-and-wool-blend-materi","status":"publish","type":"product","link":"https:\/\/xn--kbrsglobalstore-7kcc.com\/tr\/urun\/1pc-tasseled-prayer-mat-non-slip-foldable-home-prayer-pad-suitable-for-indoor-and-outdoor-use-home-prayer-practice-foldable-prayer-mat-tasseled-prayer-mat-made-of-fine-sand-and-wool-blend-materi\/","title":{"rendered":"1 adet P\u00fcsk\u00fcll\u00fc Namaz Seccadesi, Kaymaz Katlanabilir Ev Namaz Seccadesi, \u0130\u00e7 ve D\u0131\u015f Mekan Kullan\u0131m\u0131na Uygun, Evde Namaz K\u0131lmak \u0130\u00e7in, Katlanabilir Namaz Seccadesi, P\u00fcsk\u00fcll\u00fc Namaz Seccadesi, \u0130nce Kum ve Y\u00fcn Kar\u0131\u015f\u0131m\u0131 Malzemeden \u00dcretilmi\u015ftir"},"content":{"rendered":"<p class=\"translation-block\"><strong data-start=\"59\" data-end=\"86\">1 adet P\u00fcsk\u00fcll\u00fc Namaz Seccadesi<\/strong>, evde veya seyahatte g\u00fcnl\u00fck namaz prati\u011finiz i\u00e7in konfor, denge ve zarafet sa\u011flamak \u00fczere \u00f6zenle tasarlanm\u0131\u015ft\u0131r. Birinci s\u0131n\u0131f ince kum ve y\u00fcn kar\u0131\u015f\u0131m\u0131 malzemeden \u00fcretilen bu namaz seccadesi, uzun s\u00fcreli kullan\u0131m i\u00e7in dayan\u0131kl\u0131l\u0131\u011f\u0131n\u0131 korurken yumu\u015fak ve destekleyici bir y\u00fczey sunar. Kaymaz taban\u0131, \u00e7e\u015fitli zemin y\u00fczeylerinde g\u00fcvenli yerle\u015ftirme sa\u011flayarak namaz s\u0131ras\u0131nda hareket etmesini \u00f6nlerken, katlanabilir tasar\u0131m\u0131 i\u00e7 ve d\u0131\u015f mekan kullan\u0131m\u0131 i\u00e7in kolay saklama ve rahat ta\u015f\u0131nabilirlik sa\u011flar. G\u00fczel p\u00fcsk\u00fcll\u00fc kenarlar\u0131, zarif ve geleneksel bir dokunu\u015f katarak hem i\u015flevsel hem de dekoratif bir par\u00e7a haline getirir. Evde namaz prati\u011fi veya seyahatte ibadet i\u00e7in ideal olan bu seccade, konforu, i\u015f\u00e7ili\u011fi ve pratikli\u011fi tek bir zarif temel \u00fcr\u00fcnde birle\u015ftirir.<\/p>","protected":false},"excerpt":{"rendered":"<p>1pc Tasseled Prayer Mat is thoughtfully designed to provide comfort, stability, and elegance for your daily prayer practice at home or while traveling. Crafted from a premium fine sand and wool blend material, this prayer mat offers a soft, supportive surface while maintaining durability for long-term use. The non-slip backing ensures secure placement on various [&hellip;]<\/p>","protected":false},"featured_media":34241,"comment_status":"open","ping_status":"closed","template":"","meta":{"_monsterinsights_skip_tracking":false,"_monsterinsights_sitenote_active":false,"_monsterinsights_sitenote_note":"","_monsterinsights_sitenote_category":0},"product_brand":[],"product_cat":[120],"product_tag":[],"class_list":{"0":"post-34240","1":"product","2":"type-product","3":"status-publish","4":"has-post-thumbnail","6":"product_cat-home-textiles","8":"first","9":"instock","10":"shipping-taxable","11":"purchasable","12":"product-type-simple"},"aioseo_notices":[],"_links":{"self":[{"href":"https:\/\/xn--kbrsglobalstore-7kcc.com\/tr\/wp-json\/wp\/v2\/product\/34240","targetHints":{"allow":["GET"]}}],"collection":[{"href":"https:\/\/xn--kbrsglobalstore-7kcc.com\/tr\/wp-json\/wp\/v2\/product"}],"about":[{"href":"https:\/\/xn--kbrsglobalstore-7kcc.com\/tr\/wp-json\/wp\/v2\/types\/product"}],"replies":[{"embeddable":true,"href":"https:\/\/xn--kbrsglobalstore-7kcc.com\/tr\/wp-json\/wp\/v2\/comments?post=34240"}],"wp:featuredmedia":[{"embeddable":true,"href":"https:\/\/xn--kbrsglobalstore-7kcc.com\/tr\/wp-json\/wp\/v2\/media\/34241"}],"wp:attachment":[{"href":"https:\/\/xn--kbrsglobalstore-7kcc.com\/tr\/wp-json\/wp\/v2\/media?parent=34240"}],"wp:term":[{"taxonomy":"product_brand","embeddable":true,"href":"https:\/\/xn--kbrsglobalstore-7kcc.com\/tr\/wp-json\/wp\/v2\/product_brand?post=34240"},{"taxonomy":"product_cat","embeddable":true,"href":"https:\/\/xn--kbrsglobalstore-7kcc.com\/tr\/wp-json\/wp\/v2\/product_cat?post=34240"},{"taxonomy":"product_tag","embeddable":true,"href":"https:\/\/xn--kbrsglobalstore-7kcc.com\/tr\/wp-json\/wp\/v2\/product_tag?post=34240"}],"curies":[{"name":"wp","href":"https:\/\/api.w.org\/{rel}","templated":true}]}}