{"id":34232,"date":"2026-01-04T11:37:29","date_gmt":"2026-01-04T11:37:29","guid":{"rendered":"https:\/\/xn--kbrsglobalstore-7kcc.com\/?post_type=product&#038;p=34232"},"modified":"2026-01-04T11:37:29","modified_gmt":"2026-01-04T11:37:29","slug":"10-30pcs-solid-color-tasseled-linen-napkins-12-6x12-6-for-wedding-party-birthday-daily-use-soft-square-shabby-chic-cloth-decorative-machine-washable-reusable","status":"publish","type":"product","link":"https:\/\/xn--kbrsglobalstore-7kcc.com\/tr\/urun\/10-30pcs-solid-color-tasseled-linen-napkins-12-6x12-6-for-wedding-party-birthday-daily-use-soft-square-shabby-chic-cloth-decorative-machine-washable-reusable\/","title":{"rendered":"10\/30 adet D\u00fcz Renk P\u00fcsk\u00fcll\u00fc Keten Pe\u00e7ete 12,6\u2033X12,6\u2033 D\u00fc\u011f\u00fcn, Parti, Do\u011fum G\u00fcn\u00fc, G\u00fcnl\u00fck Kullan\u0131m \u0130\u00e7in, Yumu\u015fak Kare \u015e\u0131k Kuma\u015f, Dekoratif, Makinede Y\u0131kanabilir ve Tekrar Kullan\u0131labilir"},"content":{"rendered":"<p class=\"translation-block\"><strong data-start=\"59\" data-end=\"122\">10\/30 adet D\u00fcz Renk P\u00fcsk\u00fcll\u00fc Keten Pe\u00e7ete (32,6 cm \u00d7 32,6 cm)<\/strong>, d\u00fc\u011f\u00fcnler, partiler, do\u011fum g\u00fcnleri ve g\u00fcnl\u00fck kullan\u0131m i\u00e7in yemek deneyiminizi y\u00fckseltmek \u00fczere tasarlanm\u0131\u015f, zarafet, konfor ve g\u00fcnl\u00fck i\u015flevselli\u011fin m\u00fckemmel bir kar\u0131\u015f\u0131m\u0131d\u0131r. Yumu\u015fak, y\u00fcksek kaliteli keten kuma\u015ftan \u00fcretilen bu kare, \u015f\u0131k p\u00fcsk\u00fcll\u00fc pe\u00e7eteler, her masa d\u00fczenine b\u00fcy\u00fcleyici bir dekoratif dokunu\u015f katar. Yumu\u015fak dokusu cilde ho\u015f bir his verirken, d\u00fczenli kullan\u0131m i\u00e7in yeterince g\u00fc\u00e7l\u00fc ve emicidir. Bak\u0131m\u0131 kolay olan bu pe\u00e7eteler tamamen makinede y\u0131kanabilir ve tekrar kullan\u0131labilir olup, tek kullan\u0131ml\u0131k pe\u00e7etelere \u00e7evre dostu ve uygun maliyetli bir alternatiftir. \u0130ster resmi etkinlikler isterse g\u00fcndelik yemekler i\u00e7in olsun, masa dekorunuza zamans\u0131z g\u00fczellik ve pratiklik getirirler.<\/p>","protected":false},"excerpt":{"rendered":"<p>10\/30pcs Solid Color Tasseled Linen Napkins (12.6&#8243; \u00d7 12.6&#8243;) are a perfect blend of elegance, comfort, and everyday functionality, designed to elevate your dining experience for weddings, parties, birthdays, and daily use. Made from soft, high-quality linen fabric, these square shabby-chic napkins feature stylish tasseled edges that add a charming decorative touch to any table [&hellip;]<\/p>","protected":false},"featured_media":34233,"comment_status":"open","ping_status":"closed","template":"","meta":{"_monsterinsights_skip_tracking":false,"_monsterinsights_sitenote_active":false,"_monsterinsights_sitenote_note":"","_monsterinsights_sitenote_category":0},"product_brand":[],"product_cat":[120],"product_tag":[],"class_list":{"0":"post-34232","1":"product","2":"type-product","3":"status-publish","4":"has-post-thumbnail","6":"product_cat-home-textiles","8":"first","9":"instock","10":"shipping-taxable","11":"purchasable","12":"product-type-simple"},"aioseo_notices":[],"_links":{"self":[{"href":"https:\/\/xn--kbrsglobalstore-7kcc.com\/tr\/wp-json\/wp\/v2\/product\/34232","targetHints":{"allow":["GET"]}}],"collection":[{"href":"https:\/\/xn--kbrsglobalstore-7kcc.com\/tr\/wp-json\/wp\/v2\/product"}],"about":[{"href":"https:\/\/xn--kbrsglobalstore-7kcc.com\/tr\/wp-json\/wp\/v2\/types\/product"}],"replies":[{"embeddable":true,"href":"https:\/\/xn--kbrsglobalstore-7kcc.com\/tr\/wp-json\/wp\/v2\/comments?post=34232"}],"wp:featuredmedia":[{"embeddable":true,"href":"https:\/\/xn--kbrsglobalstore-7kcc.com\/tr\/wp-json\/wp\/v2\/media\/34233"}],"wp:attachment":[{"href":"https:\/\/xn--kbrsglobalstore-7kcc.com\/tr\/wp-json\/wp\/v2\/media?parent=34232"}],"wp:term":[{"taxonomy":"product_brand","embeddable":true,"href":"https:\/\/xn--kbrsglobalstore-7kcc.com\/tr\/wp-json\/wp\/v2\/product_brand?post=34232"},{"taxonomy":"product_cat","embeddable":true,"href":"https:\/\/xn--kbrsglobalstore-7kcc.com\/tr\/wp-json\/wp\/v2\/product_cat?post=34232"},{"taxonomy":"product_tag","embeddable":true,"href":"https:\/\/xn--kbrsglobalstore-7kcc.com\/tr\/wp-json\/wp\/v2\/product_tag?post=34232"}],"curies":[{"name":"wp","href":"https:\/\/api.w.org\/{rel}","templated":true}]}}