{"id":34219,"date":"2026-01-04T11:30:59","date_gmt":"2026-01-04T11:30:59","guid":{"rendered":"https:\/\/xn--kbrsglobalstore-7kcc.com\/?post_type=product&#038;p=34219"},"modified":"2026-01-04T11:30:59","modified_gmt":"2026-01-04T11:30:59","slug":"shein-1-2-3-5-8pcs-mop-cloth-adhesive-insole-replacement-cleaning-head-for-mop-micro-fiber-absorption-mop-head-mop-pads-mop-replacement-head-round-cotton-cleaning-pad-to-rotate","status":"publish","type":"product","link":"https:\/\/xn--kbrsglobalstore-7kcc.com\/tr\/urun\/shein-1-2-3-5-8pcs-mop-cloth-adhesive-insole-replacement-cleaning-head-for-mop-micro-fiber-absorption-mop-head-mop-pads-mop-replacement-head-round-cotton-cleaning-pad-to-rotate\/","title":{"rendered":"SHEIN 1\/2\/3\/5\/8 adet Paspas Bezi Yap\u0131\u015fkanl\u0131 \u0130\u00e7 Tabanl\u0131k Yedek Temizleme Ba\u015fl\u0131\u011f\u0131 Mikrofiber Emici Paspas Ba\u015fl\u0131\u011f\u0131 Paspas Pedleri Paspas Yedek Ba\u015fl\u0131\u011f\u0131 Yuvarlak Pamuklu Temizleme Pedi D\u00f6nd\u00fcr\u00fclebilir"},"content":{"rendered":"<p class=\"translation-block\"><strong data-start=\"65\" data-end=\"139\">SHEIN 1\/2\/3\/5\/8 adet Yap\u0131\u015fkanl\u0131 \u0130\u00e7 Tabanl\u0131 Yedek Temizlik Ba\u015fl\u0131\u011f\u0131<\/strong>, g\u00fcnl\u00fck temizli\u011fi daha h\u0131zl\u0131 ve etkili hale getirmek i\u00e7in tasarlanm\u0131\u015f, son derece verimli ve dayan\u0131kl\u0131 bir mikrofiber paspas pedidir. Birinci s\u0131n\u0131f mikrofiber malzemeden \u00fcretilen bu yuvarlak pamuklu temizlik pedi, g\u00fc\u00e7l\u00fc su emme ve m\u00fckemmel kir tutma performans\u0131 sunarak toz, lekeler, sa\u00e7 ve d\u00f6k\u00fclmeleri kolayca temizlemenizi sa\u011flar. Yap\u0131\u015fkanl\u0131 i\u00e7 taban tasar\u0131m\u0131, \u00e7o\u011fu d\u00f6ner ve standart paspasa g\u00fcvenli bir \u015fekilde oturmas\u0131n\u0131 sa\u011flayarak kullan\u0131m s\u0131ras\u0131nda kaymay\u0131 \u00f6nler ve takma ve \u00e7\u0131karma i\u015flemlerini h\u0131zl\u0131 ve zahmetsiz hale getirir. Yumu\u015fak ancak g\u00fc\u00e7l\u00fc lifler, zemin y\u00fczeylerinizi \u00e7izilmelere kar\u015f\u0131 koruyarak parke, fayans, mermer, laminat ve daha fazlas\u0131 i\u00e7in uygun hale getirir. Hem kuru hem de \u0131slak temizlik i\u00e7in ideal olan bu yeniden kullan\u0131labilir paspas pedleri y\u0131kanabilir, \u00e7evre dostu ve uzun \u00f6m\u00fcrl\u00fcd\u00fcr; lekesiz ve hijyenik bir ev i\u00e7in uygun maliyetli bir yedek \u00e7\u00f6z\u00fcm sunar.<\/p>","protected":false},"excerpt":{"rendered":"<p>SHEIN 1\/2\/3\/5\/8pcs Mop Cloth Adhesive Insole Replacement Cleaning Head is a highly efficient and durable microfiber mop pad designed to make everyday cleaning faster and more effective. Crafted with premium-quality micro fiber material, this round cotton cleaning pad offers powerful water absorption and excellent dirt-gripping performance, allowing you to remove dust, stains, hair, and spills [&hellip;]<\/p>","protected":false},"featured_media":34220,"comment_status":"open","ping_status":"closed","template":"","meta":{"_monsterinsights_skip_tracking":false,"_monsterinsights_sitenote_active":false,"_monsterinsights_sitenote_note":"","_monsterinsights_sitenote_category":0},"product_brand":[],"product_cat":[120],"product_tag":[],"class_list":{"0":"post-34219","1":"product","2":"type-product","3":"status-publish","4":"has-post-thumbnail","6":"product_cat-home-textiles","8":"first","9":"instock","10":"shipping-taxable","11":"purchasable","12":"product-type-simple"},"aioseo_notices":[],"_links":{"self":[{"href":"https:\/\/xn--kbrsglobalstore-7kcc.com\/tr\/wp-json\/wp\/v2\/product\/34219","targetHints":{"allow":["GET"]}}],"collection":[{"href":"https:\/\/xn--kbrsglobalstore-7kcc.com\/tr\/wp-json\/wp\/v2\/product"}],"about":[{"href":"https:\/\/xn--kbrsglobalstore-7kcc.com\/tr\/wp-json\/wp\/v2\/types\/product"}],"replies":[{"embeddable":true,"href":"https:\/\/xn--kbrsglobalstore-7kcc.com\/tr\/wp-json\/wp\/v2\/comments?post=34219"}],"wp:featuredmedia":[{"embeddable":true,"href":"https:\/\/xn--kbrsglobalstore-7kcc.com\/tr\/wp-json\/wp\/v2\/media\/34220"}],"wp:attachment":[{"href":"https:\/\/xn--kbrsglobalstore-7kcc.com\/tr\/wp-json\/wp\/v2\/media?parent=34219"}],"wp:term":[{"taxonomy":"product_brand","embeddable":true,"href":"https:\/\/xn--kbrsglobalstore-7kcc.com\/tr\/wp-json\/wp\/v2\/product_brand?post=34219"},{"taxonomy":"product_cat","embeddable":true,"href":"https:\/\/xn--kbrsglobalstore-7kcc.com\/tr\/wp-json\/wp\/v2\/product_cat?post=34219"},{"taxonomy":"product_tag","embeddable":true,"href":"https:\/\/xn--kbrsglobalstore-7kcc.com\/tr\/wp-json\/wp\/v2\/product_tag?post=34219"}],"curies":[{"name":"wp","href":"https:\/\/api.w.org\/{rel}","templated":true}]}}