{"id":34214,"date":"2026-01-04T11:26:54","date_gmt":"2026-01-04T11:26:54","guid":{"rendered":"https:\/\/xn--kbrsglobalstore-7kcc.com\/?post_type=product&#038;p=34214"},"modified":"2026-01-04T11:26:55","modified_gmt":"2026-01-04T11:26:55","slug":"1pc-space-saving-floor-sofa-slouchy-bag-chair-cover-only-no-filler-single-seater-bedroom-home-floor-lounging-fabric-chair","status":"publish","type":"product","link":"https:\/\/xn--kbrsglobalstore-7kcc.com\/tr\/urun\/1pc-space-saving-floor-sofa-slouchy-bag-chair-cover-only-no-filler-single-seater-bedroom-home-floor-lounging-fabric-chair\/","title":{"rendered":"1 Adet Yerden Tasarruf Sa\u011flayan Rahat Koltuk (Sadece K\u0131l\u0131f, Dolgu Dahil De\u011fil), Tek Ki\u015filik Yatak Odas\u0131 Ev Yer Koltuk Kuma\u015f Sandalye"},"content":{"rendered":"<p class=\"translation-block\">Bu <strong data-start=\"60\" data-end=\"133\">1 adet Yerden Tasarruf Sa\u011flayan Rahat Koltuk (Sadece K\u0131l\u0131f, Dolgu Yok)<\/strong>, modern ya\u015fam alanlar\u0131 i\u00e7in konfor, stil ve pratikli\u011fin m\u00fckemmel bir kar\u0131\u015f\u0131m\u0131d\u0131r. <strong data-start=\"231\" data-end=\"269\">Tek ki\u015filik yer koltu\u011fu<\/strong> olarak tasarlanan bu \u00fcr\u00fcn, yatak odalar\u0131, oturma odalar\u0131 veya g\u00fcndelik ev ortamlar\u0131 i\u00e7in rahat ve konforlu bir oturma deneyimi yarat\u0131r. Dayan\u0131kl\u0131, yumu\u015fak dokulu kuma\u015ftan \u00fcretilen k\u0131l\u0131f, temiz ve \u015f\u0131k bir g\u00f6r\u00fcn\u00fcm\u00fc korurken hem konfor hem de uzun \u00f6m\u00fcrl\u00fc kullan\u0131m sa\u011flar. <strong data-start=\"507\" data-end=\"530\">Yerden tasarruf sa\u011flayan tasar\u0131m\u0131<\/strong>, k\u00fc\u00e7\u00fck odalar, yurtlar veya okuma k\u00f6\u015feleri i\u00e7in idealdir ve \u00e7\u0131kar\u0131labilir k\u0131l\u0131f, kolay temizlik ve h\u0131zl\u0131 stil yenilemelerine olanak tan\u0131r. Oyun oynamak, okumak, rahatlamak veya film geceleri i\u00e7in kullan\u0131ls\u0131n, bu rahat koltuk k\u0131l\u0131f\u0131 evinize zahmetsiz konfor ve \u00e7ok y\u00f6nl\u00fcl\u00fck katar.<\/p>","protected":false},"excerpt":{"rendered":"<p>This 1pc Space Saving Floor Sofa Slouchy Bag Chair (Cover Only, No Filler) is the perfect blend of comfort, style, and practicality for modern living spaces. Designed as a single-seater floor lounging chair, it creates a relaxed and cozy seating experience for bedrooms, living rooms, or casual home setups. Made from durable, soft-touch fabric, the [&hellip;]<\/p>","protected":false},"featured_media":34215,"comment_status":"open","ping_status":"closed","template":"","meta":{"_monsterinsights_skip_tracking":false,"_monsterinsights_sitenote_active":false,"_monsterinsights_sitenote_note":"","_monsterinsights_sitenote_category":0},"product_brand":[],"product_cat":[120],"product_tag":[],"class_list":{"0":"post-34214","1":"product","2":"type-product","3":"status-publish","4":"has-post-thumbnail","6":"product_cat-home-textiles","8":"first","9":"instock","10":"shipping-taxable","11":"purchasable","12":"product-type-simple"},"aioseo_notices":[],"_links":{"self":[{"href":"https:\/\/xn--kbrsglobalstore-7kcc.com\/tr\/wp-json\/wp\/v2\/product\/34214","targetHints":{"allow":["GET"]}}],"collection":[{"href":"https:\/\/xn--kbrsglobalstore-7kcc.com\/tr\/wp-json\/wp\/v2\/product"}],"about":[{"href":"https:\/\/xn--kbrsglobalstore-7kcc.com\/tr\/wp-json\/wp\/v2\/types\/product"}],"replies":[{"embeddable":true,"href":"https:\/\/xn--kbrsglobalstore-7kcc.com\/tr\/wp-json\/wp\/v2\/comments?post=34214"}],"wp:featuredmedia":[{"embeddable":true,"href":"https:\/\/xn--kbrsglobalstore-7kcc.com\/tr\/wp-json\/wp\/v2\/media\/34215"}],"wp:attachment":[{"href":"https:\/\/xn--kbrsglobalstore-7kcc.com\/tr\/wp-json\/wp\/v2\/media?parent=34214"}],"wp:term":[{"taxonomy":"product_brand","embeddable":true,"href":"https:\/\/xn--kbrsglobalstore-7kcc.com\/tr\/wp-json\/wp\/v2\/product_brand?post=34214"},{"taxonomy":"product_cat","embeddable":true,"href":"https:\/\/xn--kbrsglobalstore-7kcc.com\/tr\/wp-json\/wp\/v2\/product_cat?post=34214"},{"taxonomy":"product_tag","embeddable":true,"href":"https:\/\/xn--kbrsglobalstore-7kcc.com\/tr\/wp-json\/wp\/v2\/product_tag?post=34214"}],"curies":[{"name":"wp","href":"https:\/\/api.w.org\/{rel}","templated":true}]}}