{"id":34206,"date":"2026-01-04T11:24:29","date_gmt":"2026-01-04T11:24:29","guid":{"rendered":"https:\/\/xn--kbrsglobalstore-7kcc.com\/?post_type=product&#038;p=34206"},"modified":"2026-01-04T11:24:30","modified_gmt":"2026-01-04T11:24:30","slug":"soft-retro-style-faux-fur-blanket-plush-warm-choice-for-sofa-and-chairs-striped-pattern-machine-washable-polyester-blend-comfortable-for-all-seasons-chair-bed-cover-soft-blanket-polyester","status":"publish","type":"product","link":"https:\/\/xn--kbrsglobalstore-7kcc.com\/tr\/urun\/soft-retro-style-faux-fur-blanket-plush-warm-choice-for-sofa-and-chairs-striped-pattern-machine-washable-polyester-blend-comfortable-for-all-seasons-chair-bed-cover-soft-blanket-polyester\/","title":{"rendered":"Yumu\u015fak Retro Tarz\u0131 Suni K\u00fcrk Battaniye \u2013 Pelu\u015f, Kanepe ve Sandalyeler \u0130\u00e7in S\u0131cak Bir Se\u00e7enek, \u00c7izgili Desen, Makinede Y\u0131kanabilir, Polyester Kar\u0131\u015f\u0131m\u0131, Her Mevsim \u0130\u00e7in Rahat, Sandalye\/Yatak \u00d6rt\u00fcs\u00fc | Yumu\u015fak Battaniye | Polyester Kar\u0131\u015f\u0131m\u0131, Tav\u015fan Dekoru"},"content":{"rendered":"<p class=\"translation-block\">Bu <strong data-start=\"60\" data-end=\"97\">Yumu\u015fak Retro Tarz\u0131 Suni K\u00fcrk Battaniye<\/strong>, l\u00fcks konfor ve zamans\u0131z bir \u00e7ekicilik sunarak kanepeler, sandalyeler ve yataklar i\u00e7in m\u00fckemmel bir tamamlay\u0131c\u0131d\u0131r. Pelu\u015f <strong data-start=\"220\" data-end=\"239\">polyester kar\u0131\u015f\u0131m\u0131ndan<\/strong> \u00fcretilen bu battaniye, ola\u011fan\u00fcst\u00fc s\u0131cakl\u0131k ve yumu\u015fakl\u0131k sa\u011flarken, <strong data-start=\"332\" data-end=\"350\">t\u00fcm mevsimlerde kullan\u0131m<\/strong> i\u00e7in hafif ve nefes alabilir yap\u0131s\u0131n\u0131 korur. Zarif \u00e7izgili deseni ve zengin retro esintili dokusu, her odaya rahat ama sofistike bir g\u00f6r\u00fcn\u00fcm kazand\u0131r\u0131rken, suni tav\u015fan k\u00fcrk\u00fc kaplamas\u0131 da ekstra bir g\u00f6rsel \u00e7ekicilik ve konfor katman\u0131 ekler. G\u00fcnl\u00fck kullan\u0131m kolayl\u0131\u011f\u0131 i\u00e7in tasarlanan bu battaniye <strong data-start=\"585\" data-end=\"605\">makinede y\u0131kanabilir<\/strong>, dayan\u0131kl\u0131 ve bak\u0131m\u0131 kolayd\u0131r; rahatlat\u0131c\u0131 ak\u015famlar, \u015f\u0131k ev dekorasyonu veya ya\u015fam alan\u0131n\u0131z\u0131 s\u0131cak ve davetkar bir dokunu\u015fla zenginle\u015ftirmek i\u00e7in idealdir.<\/p>","protected":false},"excerpt":{"rendered":"<p>This Soft Retro Style Faux Fur Blanket offers luxurious comfort and timeless charm, making it a perfect accent for sofas, chairs, and beds. Crafted from a plush polyester blend, it delivers exceptional warmth and softness while remaining lightweight and breathable for all-season use. The elegant striped pattern and rich retro-inspired texture bring a cozy yet [&hellip;]<\/p>","protected":false},"featured_media":34207,"comment_status":"open","ping_status":"closed","template":"","meta":{"_monsterinsights_skip_tracking":false,"_monsterinsights_sitenote_active":false,"_monsterinsights_sitenote_note":"","_monsterinsights_sitenote_category":0},"product_brand":[],"product_cat":[120],"product_tag":[],"class_list":{"0":"post-34206","1":"product","2":"type-product","3":"status-publish","4":"has-post-thumbnail","6":"product_cat-home-textiles","8":"first","9":"instock","10":"shipping-taxable","11":"purchasable","12":"product-type-simple"},"aioseo_notices":[],"_links":{"self":[{"href":"https:\/\/xn--kbrsglobalstore-7kcc.com\/tr\/wp-json\/wp\/v2\/product\/34206","targetHints":{"allow":["GET"]}}],"collection":[{"href":"https:\/\/xn--kbrsglobalstore-7kcc.com\/tr\/wp-json\/wp\/v2\/product"}],"about":[{"href":"https:\/\/xn--kbrsglobalstore-7kcc.com\/tr\/wp-json\/wp\/v2\/types\/product"}],"replies":[{"embeddable":true,"href":"https:\/\/xn--kbrsglobalstore-7kcc.com\/tr\/wp-json\/wp\/v2\/comments?post=34206"}],"wp:featuredmedia":[{"embeddable":true,"href":"https:\/\/xn--kbrsglobalstore-7kcc.com\/tr\/wp-json\/wp\/v2\/media\/34207"}],"wp:attachment":[{"href":"https:\/\/xn--kbrsglobalstore-7kcc.com\/tr\/wp-json\/wp\/v2\/media?parent=34206"}],"wp:term":[{"taxonomy":"product_brand","embeddable":true,"href":"https:\/\/xn--kbrsglobalstore-7kcc.com\/tr\/wp-json\/wp\/v2\/product_brand?post=34206"},{"taxonomy":"product_cat","embeddable":true,"href":"https:\/\/xn--kbrsglobalstore-7kcc.com\/tr\/wp-json\/wp\/v2\/product_cat?post=34206"},{"taxonomy":"product_tag","embeddable":true,"href":"https:\/\/xn--kbrsglobalstore-7kcc.com\/tr\/wp-json\/wp\/v2\/product_tag?post=34206"}],"curies":[{"name":"wp","href":"https:\/\/api.w.org\/{rel}","templated":true}]}}