{"id":34200,"date":"2026-01-04T11:20:35","date_gmt":"2026-01-04T11:20:35","guid":{"rendered":"https:\/\/xn--kbrsglobalstore-7kcc.com\/?post_type=product&#038;p=34200"},"modified":"2026-01-04T11:20:35","modified_gmt":"2026-01-04T11:20:35","slug":"1pc-solid-striped-knitted-blanket-nordic-style-acrylic-rectangular-fringe-knitted-ball-yarn-casual-air-conditioning-blanket-sofa-cover-blanket-nap-blanket-for-office","status":"publish","type":"product","link":"https:\/\/xn--kbrsglobalstore-7kcc.com\/tr\/urun\/1pc-solid-striped-knitted-blanket-nordic-style-acrylic-rectangular-fringe-knitted-ball-yarn-casual-air-conditioning-blanket-sofa-cover-blanket-nap-blanket-for-office\/","title":{"rendered":"1 adet D\u00fcz \u00c7izgili \u00d6rg\u00fc Battaniye, \u0130skandinav Tarz\u0131 Akrilik Dikd\u00f6rtgen P\u00fcsk\u00fcll\u00fc \u00d6rg\u00fc Top \u0130plik, G\u00fcnl\u00fck Klima Battaniyesi, Kanepe \u00d6rt\u00fcs\u00fc Battaniyesi, Ofis \u0130\u00e7in Uyku Battaniyesi"},"content":{"rendered":"<p class=\"translation-block\">Bu <strong data-start=\"60\" data-end=\"97\">1 adet D\u00fcz \u00c7izgili \u00d6rg\u00fc Battaniye<\/strong>, rahatl\u0131\u011f\u0131 modern <strong data-start=\"130\" data-end=\"155\">\u0130skandinav tarz\u0131 zarafetle<\/strong> birle\u015ftirerek her ev veya ofis alan\u0131na m\u00fckemmel bir katk\u0131 sa\u011flar. Yumu\u015fak, dayan\u0131kl\u0131 akrilikten ve g\u00fczel bir top iplik \u00f6rg\u00fc dokusundan \u00fcretilen bu battaniye, a\u011f\u0131rl\u0131k hissi vermeden s\u0131cakl\u0131k sunar; bu da onu g\u00fcnl\u00fck kullan\u0131m i\u00e7in rahat bir <strong data-start=\"355\" data-end=\"383\">klima battaniyesi<\/strong>, \u015f\u0131k bir <strong data-start=\"393\" data-end=\"407\">koltuk \u00f6rt\u00fcs\u00fc<\/strong> veya ofis kullan\u0131m\u0131 i\u00e7in rahat bir <strong data-start=\"424\" data-end=\"439\">uyku battaniyesi<\/strong> haline getirir. D\u00fcz \u00e7izgili desen ve zarif p\u00fcsk\u00fcl detaylar\u0131, incelikli bir dekoratif dokunu\u015f katarken, dikd\u00f6rtgen \u015fekli g\u00fcnl\u00fck rahatlama i\u00e7in \u00e7ok y\u00f6nl\u00fc bir \u00f6rt\u00fc sa\u011flar. Hafif, nefes alabilen ve bak\u0131m\u0131 kolay olan bu battaniye, hem i\u015flevsel konfor hem de zamans\u0131z estetik bir g\u00f6r\u00fcn\u00fcm sunar.<\/p>","protected":false},"excerpt":{"rendered":"<p>This 1pc Solid Striped Knitted Blanket blends cozy comfort with modern Nordic-style elegance, making it a perfect addition to any home or office space. Crafted from soft, durable acrylic with a beautiful ball-yarn knit texture, it offers warmth without heaviness, making it ideal as a casual air conditioning blanket, stylish sofa cover, or comfortable nap [&hellip;]<\/p>","protected":false},"featured_media":34201,"comment_status":"open","ping_status":"closed","template":"","meta":{"_monsterinsights_skip_tracking":false,"_monsterinsights_sitenote_active":false,"_monsterinsights_sitenote_note":"","_monsterinsights_sitenote_category":0},"product_brand":[],"product_cat":[120],"product_tag":[],"class_list":{"0":"post-34200","1":"product","2":"type-product","3":"status-publish","4":"has-post-thumbnail","6":"product_cat-home-textiles","8":"first","9":"instock","10":"shipping-taxable","11":"purchasable","12":"product-type-simple"},"aioseo_notices":[],"_links":{"self":[{"href":"https:\/\/xn--kbrsglobalstore-7kcc.com\/tr\/wp-json\/wp\/v2\/product\/34200","targetHints":{"allow":["GET"]}}],"collection":[{"href":"https:\/\/xn--kbrsglobalstore-7kcc.com\/tr\/wp-json\/wp\/v2\/product"}],"about":[{"href":"https:\/\/xn--kbrsglobalstore-7kcc.com\/tr\/wp-json\/wp\/v2\/types\/product"}],"replies":[{"embeddable":true,"href":"https:\/\/xn--kbrsglobalstore-7kcc.com\/tr\/wp-json\/wp\/v2\/comments?post=34200"}],"wp:featuredmedia":[{"embeddable":true,"href":"https:\/\/xn--kbrsglobalstore-7kcc.com\/tr\/wp-json\/wp\/v2\/media\/34201"}],"wp:attachment":[{"href":"https:\/\/xn--kbrsglobalstore-7kcc.com\/tr\/wp-json\/wp\/v2\/media?parent=34200"}],"wp:term":[{"taxonomy":"product_brand","embeddable":true,"href":"https:\/\/xn--kbrsglobalstore-7kcc.com\/tr\/wp-json\/wp\/v2\/product_brand?post=34200"},{"taxonomy":"product_cat","embeddable":true,"href":"https:\/\/xn--kbrsglobalstore-7kcc.com\/tr\/wp-json\/wp\/v2\/product_cat?post=34200"},{"taxonomy":"product_tag","embeddable":true,"href":"https:\/\/xn--kbrsglobalstore-7kcc.com\/tr\/wp-json\/wp\/v2\/product_tag?post=34200"}],"curies":[{"name":"wp","href":"https:\/\/api.w.org\/{rel}","templated":true}]}}