{"id":34193,"date":"2026-01-04T11:17:36","date_gmt":"2026-01-04T11:17:36","guid":{"rendered":"https:\/\/xn--kbrsglobalstore-7kcc.com\/?post_type=product&#038;p=34193"},"modified":"2026-01-04T11:17:36","modified_gmt":"2026-01-04T11:17:36","slug":"1pc-blue-wave-printed-home-decor-wall-hanging-tapestry-for-bedroom","status":"publish","type":"product","link":"https:\/\/xn--kbrsglobalstore-7kcc.com\/tr\/urun\/1pc-blue-wave-printed-home-decor-wall-hanging-tapestry-for-bedroom\/","title":{"rendered":"1 adet Mavi Dalga Desenli Ev Dekorasyonu Duvar Hal\u0131s\u0131 Yatak Odas\u0131 \u0130\u00e7in"},"content":{"rendered":"<div class=\"flex max-w-full flex-col grow\">\n<div class=\"min-h-8 text-message relative flex w-full flex-col items-end gap-2 text-start break-words whitespace-normal [.text-message+&amp;]:mt-1\" dir=\"auto\" data-message-author-role=\"assistant\" data-message-id=\"aef002a2-8dc5-4e7a-a68c-7436def4ced4\" data-message-model-slug=\"gpt-5-2\">\n<div class=\"flex w-full flex-col gap-1 empty:hidden first:pt-[1px]\">\n<div class=\"markdown prose dark:prose-invert w-full break-words dark markdown-new-styling\">\n<p data-start=\"55\" data-end=\"682\" data-is-last-node=\"\" data-is-only-node=\"\" class=\"translation-block\">Bu <strong data-start=\"60\" data-end=\"118\">1 adet Mavi Dalga Bask\u0131l\u0131 Ev Dekorasyonu Duvar Hal\u0131s\u0131<\/strong>, ak\u0131c\u0131 dalga deseni ve yat\u0131\u015ft\u0131r\u0131c\u0131 mavi tonlar\u0131yla yatak odan\u0131za sakinle\u015ftirici ve sanatsal bir dokunu\u015f kat\u0131yor. Hafif ve dayan\u0131kl\u0131 kuma\u015ftan \u00fcretilen bu hal\u0131, herhangi bir duvarda g\u00fczelce dururken, mekan\u0131n\u0131z\u0131 an\u0131nda \u015f\u0131k ve rahatlat\u0131c\u0131 bir dinlenme alan\u0131na d\u00f6n\u00fc\u015ft\u00fcr\u00fcyor. Canl\u0131 bask\u0131, dekorunuza derinlik ve karakter kat\u0131yor ve yatak, kanepe veya \u00e7al\u0131\u015fma alan\u0131n\u0131n \u00fczerinde odak noktas\u0131 olarak m\u00fckemmel bir se\u00e7im haline getiriyor. Kolayca as\u0131labilen, k\u0131r\u0131\u015fmaya dayan\u0131kl\u0131 ve bak\u0131m\u0131 basit olan bu hal\u0131, odan\u0131z\u0131n ambiyans\u0131n\u0131 modern zarafet ve sakin okyanus esintili cazibeyle y\u00fckseltmenin zahmetsiz bir yoludur.<\/p>\n<\/div>\n<\/div>\n<\/div>\n<\/div>\n<div class=\"z-0 flex min-h-[46px] justify-start\"><\/div>\n<div class=\"border-token-border-light my-2 flex gap-10 border-t pt-4\">\n<div class=\"flex items-center justify-center overflow-hidden h-12 w-12 rounded-lg\"><\/div>\n<\/div>","protected":false},"excerpt":{"rendered":"<p>This 1pc Blue Wave Printed Home Decor Wall Hanging Tapestry brings a calming and artistic touch to your bedroom with its flowing wave design and soothing blue tones. Crafted from lightweight, durable fabric, it drapes beautifully on any wall while instantly transforming your space into a stylish and relaxing retreat. The vibrant print adds depth [&hellip;]<\/p>","protected":false},"featured_media":34194,"comment_status":"open","ping_status":"closed","template":"","meta":{"_monsterinsights_skip_tracking":false,"_monsterinsights_sitenote_active":false,"_monsterinsights_sitenote_note":"","_monsterinsights_sitenote_category":0},"product_brand":[],"product_cat":[120],"product_tag":[],"class_list":{"0":"post-34193","1":"product","2":"type-product","3":"status-publish","4":"has-post-thumbnail","6":"product_cat-home-textiles","8":"first","9":"instock","10":"shipping-taxable","11":"purchasable","12":"product-type-simple"},"aioseo_notices":[],"_links":{"self":[{"href":"https:\/\/xn--kbrsglobalstore-7kcc.com\/tr\/wp-json\/wp\/v2\/product\/34193","targetHints":{"allow":["GET"]}}],"collection":[{"href":"https:\/\/xn--kbrsglobalstore-7kcc.com\/tr\/wp-json\/wp\/v2\/product"}],"about":[{"href":"https:\/\/xn--kbrsglobalstore-7kcc.com\/tr\/wp-json\/wp\/v2\/types\/product"}],"replies":[{"embeddable":true,"href":"https:\/\/xn--kbrsglobalstore-7kcc.com\/tr\/wp-json\/wp\/v2\/comments?post=34193"}],"wp:featuredmedia":[{"embeddable":true,"href":"https:\/\/xn--kbrsglobalstore-7kcc.com\/tr\/wp-json\/wp\/v2\/media\/34194"}],"wp:attachment":[{"href":"https:\/\/xn--kbrsglobalstore-7kcc.com\/tr\/wp-json\/wp\/v2\/media?parent=34193"}],"wp:term":[{"taxonomy":"product_brand","embeddable":true,"href":"https:\/\/xn--kbrsglobalstore-7kcc.com\/tr\/wp-json\/wp\/v2\/product_brand?post=34193"},{"taxonomy":"product_cat","embeddable":true,"href":"https:\/\/xn--kbrsglobalstore-7kcc.com\/tr\/wp-json\/wp\/v2\/product_cat?post=34193"},{"taxonomy":"product_tag","embeddable":true,"href":"https:\/\/xn--kbrsglobalstore-7kcc.com\/tr\/wp-json\/wp\/v2\/product_tag?post=34193"}],"curies":[{"name":"wp","href":"https:\/\/api.w.org\/{rel}","templated":true}]}}