{"id":34186,"date":"2026-01-04T11:14:22","date_gmt":"2026-01-04T11:14:22","guid":{"rendered":"https:\/\/xn--kbrsglobalstore-7kcc.com\/?post_type=product&#038;p=34186"},"modified":"2026-01-04T11:14:22","modified_gmt":"2026-01-04T11:14:22","slug":"1pc-jacquard-solid-color-elastic-square-stool-cover-soft-fashionable-furniture-protector-slipcover-suitable-for-living-room-bedroom-or-office-decor-machine-washable-multi-functional-chair-cover","status":"publish","type":"product","link":"https:\/\/xn--kbrsglobalstore-7kcc.com\/tr\/urun\/1pc-jacquard-solid-color-elastic-square-stool-cover-soft-fashionable-furniture-protector-slipcover-suitable-for-living-room-bedroom-or-office-decor-machine-washable-multi-functional-chair-cover\/","title":{"rendered":"1pc Jacquard Solid Color Elastic Square Stool Cover, Soft &amp; Fashionable Furniture Protector Slipcover, Suitable For Living Room, Bedroom Or Office Decor, Machine Washable, Multi-Functional Chair Cover, Snug Fit"},"content":{"rendered":"<p class=\"translation-block\">Bu <strong data-start=\"60\" data-end=\"115\">1 adet Jakarl\u0131 D\u00fcz \u200b\u200bRenk Elastik Kare Tabure K\u0131l\u0131f\u0131<\/strong>, mobilyalar\u0131n\u0131z\u0131 korumak ve yenilemek i\u00e7in \u015f\u0131k ve pratik bir yoldur. Yumu\u015fak, y\u00fcksek kaliteli elastik kuma\u015ftan \u00fcretilen bu k\u0131l\u0131f, herhangi bir taburenin g\u00f6r\u00fcn\u00fcm\u00fcn\u00fc iyile\u015ftirirken ayn\u0131 zamanda lekelere, toza, d\u00f6k\u00fclmelere ve g\u00fcnl\u00fck a\u015f\u0131nmaya kar\u015f\u0131 koruyan p\u00fcr\u00fczs\u00fcz ve s\u0131k\u0131 bir uyum sa\u011flar. Zarif jakarl\u0131 doku ve d\u00fcz renk tasar\u0131m\u0131, modern bir dekoratif dokunu\u015f katarak <strong data-start=\"465\" data-end=\"509\">oturma odalar\u0131, yatak odalar\u0131 veya ofis alanlar\u0131<\/strong> i\u00e7in m\u00fckemmel hale getirir. Kolayca tak\u0131labilen ve <strong data-start=\"531\" data-end=\"551\">makinede y\u0131kanabilir<\/strong> olan bu \u00e7ok fonksiyonlu k\u0131l\u0131f, uzun \u00f6m\u00fcrl\u00fc dayan\u0131kl\u0131l\u0131k, konfor ve kolayl\u0131k sunarak mobilyalar\u0131n\u0131za minimum \u00e7abayla temiz ve g\u00fcncel bir g\u00f6r\u00fcn\u00fcm kazand\u0131r\u0131r.<\/p>","protected":false},"excerpt":{"rendered":"<p>This 1pc Jacquard Solid Color Elastic Square Stool Cover is a stylish and practical way to protect and refresh your furniture. Made from soft, high-quality elastic fabric, it delivers a smooth, snug fit that enhances the look of any stool while shielding it from stains, dust, spills, and daily wear. The elegant jacquard texture and [&hellip;]<\/p>","protected":false},"featured_media":34187,"comment_status":"open","ping_status":"closed","template":"","meta":{"_monsterinsights_skip_tracking":false,"_monsterinsights_sitenote_active":false,"_monsterinsights_sitenote_note":"","_monsterinsights_sitenote_category":0},"product_brand":[],"product_cat":[120],"product_tag":[],"class_list":{"0":"post-34186","1":"product","2":"type-product","3":"status-publish","4":"has-post-thumbnail","6":"product_cat-home-textiles","8":"first","9":"instock","10":"shipping-taxable","11":"purchasable","12":"product-type-simple"},"aioseo_notices":[],"_links":{"self":[{"href":"https:\/\/xn--kbrsglobalstore-7kcc.com\/tr\/wp-json\/wp\/v2\/product\/34186","targetHints":{"allow":["GET"]}}],"collection":[{"href":"https:\/\/xn--kbrsglobalstore-7kcc.com\/tr\/wp-json\/wp\/v2\/product"}],"about":[{"href":"https:\/\/xn--kbrsglobalstore-7kcc.com\/tr\/wp-json\/wp\/v2\/types\/product"}],"replies":[{"embeddable":true,"href":"https:\/\/xn--kbrsglobalstore-7kcc.com\/tr\/wp-json\/wp\/v2\/comments?post=34186"}],"wp:featuredmedia":[{"embeddable":true,"href":"https:\/\/xn--kbrsglobalstore-7kcc.com\/tr\/wp-json\/wp\/v2\/media\/34187"}],"wp:attachment":[{"href":"https:\/\/xn--kbrsglobalstore-7kcc.com\/tr\/wp-json\/wp\/v2\/media?parent=34186"}],"wp:term":[{"taxonomy":"product_brand","embeddable":true,"href":"https:\/\/xn--kbrsglobalstore-7kcc.com\/tr\/wp-json\/wp\/v2\/product_brand?post=34186"},{"taxonomy":"product_cat","embeddable":true,"href":"https:\/\/xn--kbrsglobalstore-7kcc.com\/tr\/wp-json\/wp\/v2\/product_cat?post=34186"},{"taxonomy":"product_tag","embeddable":true,"href":"https:\/\/xn--kbrsglobalstore-7kcc.com\/tr\/wp-json\/wp\/v2\/product_tag?post=34186"}],"curies":[{"name":"wp","href":"https:\/\/api.w.org\/{rel}","templated":true}]}}