{"id":34179,"date":"2026-01-04T11:11:03","date_gmt":"2026-01-04T11:11:03","guid":{"rendered":"https:\/\/xn--kbrsglobalstore-7kcc.com\/?post_type=product&#038;p=34179"},"modified":"2026-01-04T11:11:03","modified_gmt":"2026-01-04T11:11:03","slug":"1pc-printed-stretch-sofa-seat-cushion-cover-l-shaped-sectional-sofa-slipcover-separate-sofa-back-cushion-cover-furniture-protector-stretch-sofa-cushion-cover","status":"publish","type":"product","link":"https:\/\/xn--kbrsglobalstore-7kcc.com\/tr\/urun\/1pc-printed-stretch-sofa-seat-cushion-cover-l-shaped-sectional-sofa-slipcover-separate-sofa-back-cushion-cover-furniture-protector-stretch-sofa-cushion-cover\/","title":{"rendered":"1 adet Bask\u0131l\u0131 Esnek Kanepe Oturma Minderi K\u0131l\u0131f\u0131, L \u015eekilli K\u00f6\u015fe Koltuk K\u0131l\u0131f\u0131, Ayr\u0131 Kanepe S\u0131rt Minderi K\u0131l\u0131f\u0131, Mobilya Koruyucu, Esnek Kanepe Minderi K\u0131l\u0131f\u0131"},"content":{"rendered":"<p class=\"translation-block\">Bu <strong data-start=\"64\" data-end=\"111\">1 adet Bask\u0131l\u0131 Esnek Kanepe Oturma Minderi K\u0131l\u0131f\u0131<\/strong>, mobilyalar\u0131n\u0131z\u0131 korurken oturma odan\u0131z\u0131 yenilemek i\u00e7in m\u00fckemmel bir \u00e7\u00f6z\u00fcmd\u00fcr. <strong data-start=\"213\" data-end=\"241\">L \u015feklinde k\u00f6\u015fe kanepeler<\/strong> ve tekli koltuklar i\u00e7in tasarlanan bu k\u0131l\u0131f, birinci s\u0131n\u0131f esnek kuma\u015f\u0131 sayesinde kanepenize temiz, modern ve \u015f\u0131k bir g\u00f6r\u00fcn\u00fcm kazand\u0131r\u0131r. \u015e\u0131k bask\u0131l\u0131 desen, dekorunuzu yenilerken d\u00f6k\u00fclmelere, lekelere, toza, evcil hayvan t\u00fcylerine ve g\u00fcnl\u00fck a\u015f\u0131nmaya kar\u015f\u0131 g\u00fcvenilir bir <strong data-start=\"449\" data-end=\"472\">mobilya koruyucusu<\/strong> g\u00f6revi g\u00f6r\u00fcr. Ayr\u0131 s\u0131rt ve oturma minderi tasar\u0131m\u0131yla, farkl\u0131 kanepe stilleri i\u00e7in esnek bir kaplama ve \u00f6zelle\u015ftirilmi\u015f bir uyum sa\u011flar. Yumu\u015fak, nefes alabilir, dayan\u0131kl\u0131 ve kurulumu kolay olan bu k\u0131l\u0131f ayn\u0131 zamanda makinede y\u0131kanabilir, bu da onu yo\u011fun evler, evcil hayvan sahipleri ve kanepelerinin \u00f6mr\u00fcn\u00fc uzat\u0131rken alanlar\u0131n\u0131n \u015f\u0131k ve yeni g\u00f6r\u00fcnmesini isteyen herkes i\u00e7in ideal k\u0131lar.<\/p>","protected":false},"excerpt":{"rendered":"<p>This 1pc Printed Stretch Sofa Seat Cushion Cover is the perfect solution for upgrading your living room while protecting your furniture. Designed for L-shaped sectional sofas and individual seats, it fits securely with its premium stretch fabric, giving your sofa a clean, modern, and tailored appearance. The stylish printed pattern refreshes your d\u00e9cor while acting [&hellip;]<\/p>","protected":false},"featured_media":34180,"comment_status":"open","ping_status":"closed","template":"","meta":{"_monsterinsights_skip_tracking":false,"_monsterinsights_sitenote_active":false,"_monsterinsights_sitenote_note":"","_monsterinsights_sitenote_category":0},"product_brand":[],"product_cat":[120],"product_tag":[],"class_list":{"0":"post-34179","1":"product","2":"type-product","3":"status-publish","4":"has-post-thumbnail","6":"product_cat-home-textiles","8":"first","9":"instock","10":"shipping-taxable","11":"purchasable","12":"product-type-simple"},"aioseo_notices":[],"_links":{"self":[{"href":"https:\/\/xn--kbrsglobalstore-7kcc.com\/tr\/wp-json\/wp\/v2\/product\/34179","targetHints":{"allow":["GET"]}}],"collection":[{"href":"https:\/\/xn--kbrsglobalstore-7kcc.com\/tr\/wp-json\/wp\/v2\/product"}],"about":[{"href":"https:\/\/xn--kbrsglobalstore-7kcc.com\/tr\/wp-json\/wp\/v2\/types\/product"}],"replies":[{"embeddable":true,"href":"https:\/\/xn--kbrsglobalstore-7kcc.com\/tr\/wp-json\/wp\/v2\/comments?post=34179"}],"wp:featuredmedia":[{"embeddable":true,"href":"https:\/\/xn--kbrsglobalstore-7kcc.com\/tr\/wp-json\/wp\/v2\/media\/34180"}],"wp:attachment":[{"href":"https:\/\/xn--kbrsglobalstore-7kcc.com\/tr\/wp-json\/wp\/v2\/media?parent=34179"}],"wp:term":[{"taxonomy":"product_brand","embeddable":true,"href":"https:\/\/xn--kbrsglobalstore-7kcc.com\/tr\/wp-json\/wp\/v2\/product_brand?post=34179"},{"taxonomy":"product_cat","embeddable":true,"href":"https:\/\/xn--kbrsglobalstore-7kcc.com\/tr\/wp-json\/wp\/v2\/product_cat?post=34179"},{"taxonomy":"product_tag","embeddable":true,"href":"https:\/\/xn--kbrsglobalstore-7kcc.com\/tr\/wp-json\/wp\/v2\/product_tag?post=34179"}],"curies":[{"name":"wp","href":"https:\/\/api.w.org\/{rel}","templated":true}]}}