{"id":34171,"date":"2026-01-04T10:10:26","date_gmt":"2026-01-04T10:10:26","guid":{"rendered":"https:\/\/xn--kbrsglobalstore-7kcc.com\/?post_type=product&#038;p=34171"},"modified":"2026-01-04T10:10:27","modified_gmt":"2026-01-04T10:10:27","slug":"1-2-4-8pcs-magnetic-window-curtain-tiebacks-simple-wooden-tassel-curtain-buckle-curtain-holdback-suitable-for-bedroom-living-room-kitchen-home-decoration-christmas-decorations","status":"publish","type":"product","link":"https:\/\/xn--kbrsglobalstore-7kcc.com\/tr\/urun\/1-2-4-8pcs-magnetic-window-curtain-tiebacks-simple-wooden-tassel-curtain-buckle-curtain-holdback-suitable-for-bedroom-living-room-kitchen-home-decoration-christmas-decorations\/","title":{"rendered":"1\/2\/4\/8 Adet Manyetik Pencere Perde Ba\u011flama Aparat\u0131, Basit Ah\u015fap P\u00fcsk\u00fcll\u00fc Perde Tokas\u0131, Perde Tutucu, Yatak Odas\u0131, Oturma Odas\u0131, Mutfak, Ev Dekorasyonu, Noel S\u00fcslemeleri \u0130\u00e7in Uygundur"},"content":{"rendered":"<p class=\"translation-block\">Bu <strong data-start=\"68\" data-end=\"118\">1\/2\/4\/8 par\u00e7al\u0131 manyetik pencere perdesi ba\u011flama seti<\/strong>, <strong data-start=\"130\" data-end=\"182\">zarif p\u00fcsk\u00fcl detaylar\u0131yla sade bir ah\u015fap tasar\u0131ma&lt;\/strong sahiptir ve perdeleri d\u00fczg\u00fcn bir \u015fekilde yerinde tutman\u0131n \u015f\u0131k ve pratik bir yolunu sunar. G\u00fc\u00e7l\u00fc dahili m\u0131knat\u0131slar, kuma\u015fa zarar vermeden g\u00fcvenli bir tutu\u015f sa\u011flar, bu da bu perde tokalar\u0131n\u0131 farkl\u0131 perde kal\u0131nl\u0131klar\u0131na g\u00f6re kullan\u0131m\u0131 kolay ve ayarlanabilir hale getirir. <strong data-start=\"443\" data-end=\"508\">Yatak odalar\u0131, oturma odalar\u0131, mutfaklar ve genel ev dekorasyonunu<\/strong> g\u00fczelle\u015ftirmek i\u00e7in m\u00fckemmel olan bu perde tutucular, do\u011fal \u0131\u015f\u0131k ak\u0131\u015f\u0131n\u0131 iyile\u015ftirirken s\u0131cak bir dekoratif dokunu\u015f katar. G\u00fcnl\u00fck kullan\u0131m\u0131n yan\u0131 s\u0131ra <strong data-start=\"613\" data-end=\"658\">Noel s\u00fcslemeleri ve \u015fenlikli stil<\/strong> i\u00e7in ideal olan bu perde tutucular, i\u015flevselli\u011fi rafine estetik \u00e7ekicilikle birle\u015ftirir.<\/p>","protected":false},"excerpt":{"rendered":"<p>This 1\/2\/4\/8pcs magnetic window curtain tieback set features a simple wooden design with elegant tassel accents, offering a stylish and practical way to hold curtains neatly in place. The strong built-in magnets provide a secure grip without damaging fabric, making these curtain buckles easy to use and adjustable for different curtain thicknesses. Perfect for enhancing [&hellip;]<\/p>","protected":false},"featured_media":34172,"comment_status":"open","ping_status":"closed","template":"","meta":{"_monsterinsights_skip_tracking":false,"_monsterinsights_sitenote_active":false,"_monsterinsights_sitenote_note":"","_monsterinsights_sitenote_category":0},"product_brand":[],"product_cat":[121],"product_tag":[],"class_list":{"0":"post-34171","1":"product","2":"type-product","3":"status-publish","4":"has-post-thumbnail","6":"product_cat-home-decor","8":"first","9":"instock","10":"shipping-taxable","11":"purchasable","12":"product-type-simple"},"aioseo_notices":[],"_links":{"self":[{"href":"https:\/\/xn--kbrsglobalstore-7kcc.com\/tr\/wp-json\/wp\/v2\/product\/34171","targetHints":{"allow":["GET"]}}],"collection":[{"href":"https:\/\/xn--kbrsglobalstore-7kcc.com\/tr\/wp-json\/wp\/v2\/product"}],"about":[{"href":"https:\/\/xn--kbrsglobalstore-7kcc.com\/tr\/wp-json\/wp\/v2\/types\/product"}],"replies":[{"embeddable":true,"href":"https:\/\/xn--kbrsglobalstore-7kcc.com\/tr\/wp-json\/wp\/v2\/comments?post=34171"}],"wp:featuredmedia":[{"embeddable":true,"href":"https:\/\/xn--kbrsglobalstore-7kcc.com\/tr\/wp-json\/wp\/v2\/media\/34172"}],"wp:attachment":[{"href":"https:\/\/xn--kbrsglobalstore-7kcc.com\/tr\/wp-json\/wp\/v2\/media?parent=34171"}],"wp:term":[{"taxonomy":"product_brand","embeddable":true,"href":"https:\/\/xn--kbrsglobalstore-7kcc.com\/tr\/wp-json\/wp\/v2\/product_brand?post=34171"},{"taxonomy":"product_cat","embeddable":true,"href":"https:\/\/xn--kbrsglobalstore-7kcc.com\/tr\/wp-json\/wp\/v2\/product_cat?post=34171"},{"taxonomy":"product_tag","embeddable":true,"href":"https:\/\/xn--kbrsglobalstore-7kcc.com\/tr\/wp-json\/wp\/v2\/product_tag?post=34171"}],"curies":[{"name":"wp","href":"https:\/\/api.w.org\/{rel}","templated":true}]}}