{"id":34162,"date":"2026-01-04T10:05:03","date_gmt":"2026-01-04T10:05:03","guid":{"rendered":"https:\/\/xn--kbrsglobalstore-7kcc.com\/?post_type=product&#038;p=34162"},"modified":"2026-01-04T10:05:03","modified_gmt":"2026-01-04T10:05:03","slug":"1-pc-of-simple-luxury-style-glass-aromatherapy-bottle-for-aromatherapy-diffuser-home-perfume-house-freshener-home-decor-vase-room-decor-flower-vase-glass-vase","status":"publish","type":"product","link":"https:\/\/xn--kbrsglobalstore-7kcc.com\/tr\/urun\/1-pc-of-simple-luxury-style-glass-aromatherapy-bottle-for-aromatherapy-diffuser-home-perfume-house-freshener-home-decor-vase-room-decor-flower-vase-glass-vase\/","title":{"rendered":"1 Adet Sade L\u00fcks Tarzda Cam Aromaterapi \u015ei\u015fesi, Aromaterapi, Dif\u00fcz\u00f6r, Ev Parf\u00fcm\u00fc, Ev Koku Giderici, Ev Dekorasyonu Vazo, Oda Dekorasyonu \u00c7i\u00e7ek Vazosu, Cam Vazo"},"content":{"rendered":"<p class=\"translation-block\">Bu <strong data-start=\"68\" data-end=\"122\">1 adet sade l\u00fcks tarzda cam aromaterapi \u015fi\u015fesi<\/strong>, mekan\u0131n\u0131z\u0131 hem g\u00fczellik hem de kokuyla zenginle\u015ftirmek i\u00e7in tasarlanm\u0131\u015f zarif ve \u00e7ok y\u00f6nl\u00fc bir dekorasyon par\u00e7as\u0131d\u0131r. Y\u00fcksek kaliteli \u015feffaf camdan \u00fcretilen bu \u015fi\u015fe, <strong data-start=\"294\" data-end=\"388\">aromaterapi dif\u00fcz\u00f6r \u015fi\u015fesi, ev parf\u00fcm kab\u0131, ev kokusu giderici ve dekoratif vazo<\/strong> olarak m\u00fckemmel \u015fekilde i\u015flev g\u00f6r\u00fcr. Rafine minimalist tasar\u0131m\u0131, modern ve klasik i\u00e7 mekanlar\u0131 tamamlayarak <strong data-start=\"482\" data-end=\"553\">oda dekorasyonu, ev dekorasyonu, masa \u00fcst\u00fc sergileme ve \u00e7i\u00e7ek aranjmanlar\u0131<\/strong> i\u00e7in idealdir. \u0130ster u\u00e7ucu ya\u011flar, ister koku \u00e7ubuklar\u0131 veya taze \u00e7i\u00e7eklerle doldurulmu\u015f olsun, bu cam vazo her odaya sakin ve l\u00fcks bir atmosfer getirir.<\/p>","protected":false},"excerpt":{"rendered":"<p>This 1 pc simple luxury style glass aromatherapy bottle is an elegant and versatile d\u00e9cor piece designed to enhance your space with both beauty and fragrance. Crafted from high-quality clear glass, it functions perfectly as an aromatherapy diffuser bottle, home perfume container, house freshener, and decorative vase. Its refined minimalist design complements modern and classic [&hellip;]<\/p>","protected":false},"featured_media":34163,"comment_status":"open","ping_status":"closed","template":"","meta":{"_monsterinsights_skip_tracking":false,"_monsterinsights_sitenote_active":false,"_monsterinsights_sitenote_note":"","_monsterinsights_sitenote_category":0},"product_brand":[],"product_cat":[121],"product_tag":[],"class_list":{"0":"post-34162","1":"product","2":"type-product","3":"status-publish","4":"has-post-thumbnail","6":"product_cat-home-decor","8":"first","9":"instock","10":"shipping-taxable","11":"purchasable","12":"product-type-simple"},"aioseo_notices":[],"_links":{"self":[{"href":"https:\/\/xn--kbrsglobalstore-7kcc.com\/tr\/wp-json\/wp\/v2\/product\/34162","targetHints":{"allow":["GET"]}}],"collection":[{"href":"https:\/\/xn--kbrsglobalstore-7kcc.com\/tr\/wp-json\/wp\/v2\/product"}],"about":[{"href":"https:\/\/xn--kbrsglobalstore-7kcc.com\/tr\/wp-json\/wp\/v2\/types\/product"}],"replies":[{"embeddable":true,"href":"https:\/\/xn--kbrsglobalstore-7kcc.com\/tr\/wp-json\/wp\/v2\/comments?post=34162"}],"wp:featuredmedia":[{"embeddable":true,"href":"https:\/\/xn--kbrsglobalstore-7kcc.com\/tr\/wp-json\/wp\/v2\/media\/34163"}],"wp:attachment":[{"href":"https:\/\/xn--kbrsglobalstore-7kcc.com\/tr\/wp-json\/wp\/v2\/media?parent=34162"}],"wp:term":[{"taxonomy":"product_brand","embeddable":true,"href":"https:\/\/xn--kbrsglobalstore-7kcc.com\/tr\/wp-json\/wp\/v2\/product_brand?post=34162"},{"taxonomy":"product_cat","embeddable":true,"href":"https:\/\/xn--kbrsglobalstore-7kcc.com\/tr\/wp-json\/wp\/v2\/product_cat?post=34162"},{"taxonomy":"product_tag","embeddable":true,"href":"https:\/\/xn--kbrsglobalstore-7kcc.com\/tr\/wp-json\/wp\/v2\/product_tag?post=34162"}],"curies":[{"name":"wp","href":"https:\/\/api.w.org\/{rel}","templated":true}]}}