{"id":34149,"date":"2026-01-04T09:56:14","date_gmt":"2026-01-04T09:56:14","guid":{"rendered":"https:\/\/xn--kbrsglobalstore-7kcc.com\/?post_type=product&#038;p=34149"},"modified":"2026-01-04T09:56:14","modified_gmt":"2026-01-04T09:56:14","slug":"korean-ins-style-bubble-glass-small-vase-clear-hydroponic-plants-tulip-floral-display-living-room-decorationhome-decorflower-vasecenterpiecetable-decor","status":"publish","type":"product","link":"https:\/\/xn--kbrsglobalstore-7kcc.com\/tr\/urun\/korean-ins-style-bubble-glass-small-vase-clear-hydroponic-plants-tulip-floral-display-living-room-decorationhome-decorflower-vasecenterpiecetable-decor\/","title":{"rendered":"Kore Ins Tarz\u0131 Baloncuklu Cam K\u00fc\u00e7\u00fck Vazo, \u015eeffaf Hidroponik Bitkiler, Lale \u00c7i\u00e7ek Sergisi, Oturma Odas\u0131 Dekorasyonu, Ev Dekorasyonu, \u00c7i\u00e7ek Vazosu, Masa Orta S\u00fcs\u00fc, Masa Dekorasyonu"},"content":{"rendered":"<p class=\"translation-block\">Bu <strong data-start=\"68\" data-end=\"112\">Kore Ins tarz\u0131 baloncuk cam k\u00fc\u00e7\u00fck vazo<\/strong>, <strong data-start=\"174\" data-end=\"236\">hidroponik bitkileri, laleleri ve taze veya yapay \u00e7i\u00e7ekleri<\/strong> g\u00fczel bir \u015fekilde vurgulayan, yumu\u015fak ve modern bir dekoratif ifade yaratan \u015feffaf ve zarif bir tasar\u0131ma sahiptir. Y\u00fcksek kaliteli \u015feffaf camdan \u00fcretilen benzersiz baloncuk \u015fekli, sanatsal bir \u00e7ekicilik katarken, \u0131\u015f\u0131\u011f\u0131n \u00e7i\u00e7ek aranjmanlar\u0131n\u0131z\u0131n do\u011fal g\u00fczelli\u011fini art\u0131rmas\u0131na olanak tan\u0131r. <strong data-start=\"469\" data-end=\"548\">Oturma odas\u0131 dekorasyonu, masa \u00fcst\u00fc orta par\u00e7as\u0131 ve \u015f\u0131k ev dekorasyonu aksesuar\u0131<\/strong> olarak m\u00fckemmel olan bu vazo, hem minimalist hem de \u00e7a\u011fda\u015f i\u00e7 mekanlar\u0131 tamamlar. Yemek masas\u0131na, sehpaya, rafa veya ofis masas\u0131na yerle\u015ftirilsin, her mekana tazelik, zarafet ve sakinle\u015ftirici bir estetik getirir.<\/p>","protected":false},"excerpt":{"rendered":"<p>This Korean Ins style bubble glass small vase features a clear, elegant design that beautifully highlights hydroponic plants, tulips, and fresh or artificial flowers, creating a soft and modern decorative statement. Crafted from high-quality transparent glass, its unique bubble shape adds artistic charm while allowing light to enhance the natural beauty of your floral arrangements. [&hellip;]<\/p>","protected":false},"featured_media":34150,"comment_status":"open","ping_status":"closed","template":"","meta":{"_monsterinsights_skip_tracking":false,"_monsterinsights_sitenote_active":false,"_monsterinsights_sitenote_note":"","_monsterinsights_sitenote_category":0},"product_brand":[],"product_cat":[121],"product_tag":[],"class_list":{"0":"post-34149","1":"product","2":"type-product","3":"status-publish","4":"has-post-thumbnail","6":"product_cat-home-decor","8":"first","9":"instock","10":"shipping-taxable","11":"purchasable","12":"product-type-simple"},"aioseo_notices":[],"_links":{"self":[{"href":"https:\/\/xn--kbrsglobalstore-7kcc.com\/tr\/wp-json\/wp\/v2\/product\/34149","targetHints":{"allow":["GET"]}}],"collection":[{"href":"https:\/\/xn--kbrsglobalstore-7kcc.com\/tr\/wp-json\/wp\/v2\/product"}],"about":[{"href":"https:\/\/xn--kbrsglobalstore-7kcc.com\/tr\/wp-json\/wp\/v2\/types\/product"}],"replies":[{"embeddable":true,"href":"https:\/\/xn--kbrsglobalstore-7kcc.com\/tr\/wp-json\/wp\/v2\/comments?post=34149"}],"wp:featuredmedia":[{"embeddable":true,"href":"https:\/\/xn--kbrsglobalstore-7kcc.com\/tr\/wp-json\/wp\/v2\/media\/34150"}],"wp:attachment":[{"href":"https:\/\/xn--kbrsglobalstore-7kcc.com\/tr\/wp-json\/wp\/v2\/media?parent=34149"}],"wp:term":[{"taxonomy":"product_brand","embeddable":true,"href":"https:\/\/xn--kbrsglobalstore-7kcc.com\/tr\/wp-json\/wp\/v2\/product_brand?post=34149"},{"taxonomy":"product_cat","embeddable":true,"href":"https:\/\/xn--kbrsglobalstore-7kcc.com\/tr\/wp-json\/wp\/v2\/product_cat?post=34149"},{"taxonomy":"product_tag","embeddable":true,"href":"https:\/\/xn--kbrsglobalstore-7kcc.com\/tr\/wp-json\/wp\/v2\/product_tag?post=34149"}],"curies":[{"name":"wp","href":"https:\/\/api.w.org\/{rel}","templated":true}]}}