{"id":34142,"date":"2026-01-04T09:36:09","date_gmt":"2026-01-04T09:36:09","guid":{"rendered":"https:\/\/xn--kbrsglobalstore-7kcc.com\/?post_type=product&#038;p=34142"},"modified":"2026-01-04T09:36:09","modified_gmt":"2026-01-04T09:36:09","slug":"1pc-desktop-tissue-box-creative-design-plastic-tissue-dispenser-luxury-cream-style-desk-tissue-paper-storage-container-suitable-for-daily-home-holidays-weddings-christmas-parties-back-to-school","status":"publish","type":"product","link":"https:\/\/xn--kbrsglobalstore-7kcc.com\/tr\/urun\/1pc-desktop-tissue-box-creative-design-plastic-tissue-dispenser-luxury-cream-style-desk-tissue-paper-storage-container-suitable-for-daily-home-holidays-weddings-christmas-parties-back-to-school\/","title":{"rendered":"1 adet Masa\u00fcst\u00fc Mendil Kutusu, Yarat\u0131c\u0131 Tasar\u0131ml\u0131 Plastik Mendil Dispenseri, L\u00fcks Krem Rengi Masa\u00fcst\u00fc Mendil Saklama Kab\u0131, G\u00fcnl\u00fck Ev Kullan\u0131m\u0131, Tatiller, D\u00fc\u011f\u00fcnler, Noel Partileri, Okula D\u00f6n\u00fc\u015f Dekorasyonu \u0130\u00e7in Uygundur"},"content":{"rendered":"<p class=\"translation-block\">Bu <strong data-start=\"68\" data-end=\"94\">1 adet masa\u00fcst\u00fc mendil kutusu<\/strong>, mendilleri d\u00fczenli bir \u015fekilde saklay\u0131p kolayca eri\u015filebilir hale getirirken her mekana zarafet ve \u00e7ekicilik katan <strong data-start=\"106\" data-end=\"144\">yarat\u0131c\u0131 l\u00fcks krem \u200b\u200brengi tasar\u0131ma<\/strong> sahiptir. Y\u00fcksek kaliteli dayan\u0131kl\u0131 plastikten \u00fcretilen bu \u015f\u0131k mendil dispenseri, masalar, sehpalar, komodinler, yemek alanlar\u0131 ve ofis alanlar\u0131 i\u00e7in m\u00fckemmeldir. Modern dekoratif g\u00f6r\u00fcn\u00fcm\u00fc, i\u015flevselli\u011fi g\u00fczel ev stiliyle birle\u015ftirerek <strong data-start=\"451\" data-end=\"553\">g\u00fcnl\u00fck ev kullan\u0131m\u0131, okula d\u00f6n\u00fc\u015f dekorasyonu, tatiller, d\u00fc\u011f\u00fcnler, Noel partileri ve \u00f6zel g\u00fcnler<\/strong> i\u00e7in uygun hale getirir. Hem pratik hem de g\u00f6rsel olarak \u00e7ekici olan bu mendil saklama kab\u0131, g\u00fcnl\u00fck d\u00fczeni sa\u011flarken dekorunuzu da g\u00fczelle\u015ftirir.<\/p>","protected":false},"excerpt":{"rendered":"<p>This 1pc desktop tissue box features a creative luxury cream-style design that adds elegance and charm to any space while keeping tissues neatly stored and easily accessible. Made from high-quality durable plastic, this stylish tissue dispenser is perfect for desks, coffee tables, bedside tables, dining areas, and office spaces. Its modern decorative look makes it [&hellip;]<\/p>","protected":false},"featured_media":34143,"comment_status":"open","ping_status":"closed","template":"","meta":{"_monsterinsights_skip_tracking":false,"_monsterinsights_sitenote_active":false,"_monsterinsights_sitenote_note":"","_monsterinsights_sitenote_category":0},"product_brand":[],"product_cat":[121],"product_tag":[],"class_list":{"0":"post-34142","1":"product","2":"type-product","3":"status-publish","4":"has-post-thumbnail","6":"product_cat-home-decor","8":"first","9":"instock","10":"shipping-taxable","11":"purchasable","12":"product-type-simple"},"aioseo_notices":[],"_links":{"self":[{"href":"https:\/\/xn--kbrsglobalstore-7kcc.com\/tr\/wp-json\/wp\/v2\/product\/34142","targetHints":{"allow":["GET"]}}],"collection":[{"href":"https:\/\/xn--kbrsglobalstore-7kcc.com\/tr\/wp-json\/wp\/v2\/product"}],"about":[{"href":"https:\/\/xn--kbrsglobalstore-7kcc.com\/tr\/wp-json\/wp\/v2\/types\/product"}],"replies":[{"embeddable":true,"href":"https:\/\/xn--kbrsglobalstore-7kcc.com\/tr\/wp-json\/wp\/v2\/comments?post=34142"}],"wp:featuredmedia":[{"embeddable":true,"href":"https:\/\/xn--kbrsglobalstore-7kcc.com\/tr\/wp-json\/wp\/v2\/media\/34143"}],"wp:attachment":[{"href":"https:\/\/xn--kbrsglobalstore-7kcc.com\/tr\/wp-json\/wp\/v2\/media?parent=34142"}],"wp:term":[{"taxonomy":"product_brand","embeddable":true,"href":"https:\/\/xn--kbrsglobalstore-7kcc.com\/tr\/wp-json\/wp\/v2\/product_brand?post=34142"},{"taxonomy":"product_cat","embeddable":true,"href":"https:\/\/xn--kbrsglobalstore-7kcc.com\/tr\/wp-json\/wp\/v2\/product_cat?post=34142"},{"taxonomy":"product_tag","embeddable":true,"href":"https:\/\/xn--kbrsglobalstore-7kcc.com\/tr\/wp-json\/wp\/v2\/product_tag?post=34142"}],"curies":[{"name":"wp","href":"https:\/\/api.w.org\/{rel}","templated":true}]}}