{"id":34132,"date":"2026-01-04T09:32:34","date_gmt":"2026-01-04T09:32:34","guid":{"rendered":"https:\/\/xn--kbrsglobalstore-7kcc.com\/?post_type=product&#038;p=34132"},"modified":"2026-01-04T09:32:34","modified_gmt":"2026-01-04T09:32:34","slug":"1-roll-200cm-elegant-pvc-self-adhesive-decorative-strips-european-style-easy-to-install-flexible-and-bendable-for-walls-floors-and-cabinets-perfect-for-european-home-decor-floor-decor-rome-d","status":"publish","type":"product","link":"https:\/\/xn--kbrsglobalstore-7kcc.com\/tr\/urun\/1-roll-200cm-elegant-pvc-self-adhesive-decorative-strips-european-style-easy-to-install-flexible-and-bendable-for-walls-floors-and-cabinets-perfect-for-european-home-decor-floor-decor-rome-d\/","title":{"rendered":"1 Rulo (200 cm) \u015e\u0131k PVC Kendinden Yap\u0131\u015fkanl\u0131 Dekoratif \u015eeritler, Avrupa Tarz\u0131, Kolay Kurulum, Esnek ve B\u00fck\u00fclebilir, Duvarlar, Zeminler ve Dolaplar \u0130\u00e7in M\u00fckemmel, Avrupa Ev Dekorasyonu, Zemin Dekorasyonu, Roma Dekorasyonu, Duvar Dekorasyonu ve Yatak Odas\u0131 Dekorasyonlar\u0131 \u0130\u00e7in \u0130deal"},"content":{"rendered":"<p class=\"translation-block\">Bu <strong data-start=\"69\" data-end=\"130\">1 rulo (200 cm) zarif PVC kendinden yap\u0131\u015fkanl\u0131 dekoratif \u015ferit<\/strong>, evinizin g\u00f6r\u00fcn\u00fcm\u00fcn\u00fc an\u0131nda rafine ve l\u00fcks bir dokunu\u015fla y\u00fckseltmek i\u00e7in klasik <strong data-start=\"156\" data-end=\"174\">Avrupa tarz\u0131nda<\/strong> tasarlanm\u0131\u015ft\u0131r. Y\u00fcksek kaliteli esnek PVC'den \u00fcretilen bu \u015ferit, <strong data-start=\"297\" data-end=\"316\">kolayca monte edilir<\/strong>, b\u00fck\u00fclebilir ve \u00f6zel aletlere ihtiya\u00e7 duymadan <strong data-start=\"359\" data-end=\"410\">duvarlara, zeminlere, dolaplara, mobilyalara ve k\u00f6\u015felere<\/strong> sorunsuz bir \u015fekilde uygulanabilir. G\u00fc\u00e7l\u00fc kendinden yap\u0131\u015fkanl\u0131 arka y\u00fczeyi, uzun s\u00fcreli tutunma sa\u011flarken h\u0131zl\u0131 ve da\u011f\u0131n\u0131kl\u0131k yaratmayan bir dekorasyona olanak tan\u0131r. Avrupa tarz\u0131 ev dekorasyonu, Roma esintili i\u00e7 mekanlar, yatak odas\u0131 dekorasyonlar\u0131, duvar vurgular\u0131 ve zemin detaylar\u0131 i\u00e7in m\u00fckemmel olan bu dekoratif \u015ferit, s\u0131radan mekanlar\u0131 minimum \u00e7abayla zarif ve \u015f\u0131k ortamlara d\u00f6n\u00fc\u015ft\u00fcr\u00fcr.<\/p>","protected":false},"excerpt":{"rendered":"<p>This 1 roll (200cm) elegant PVC self-adhesive decorative strip is designed in a classic European style to instantly elevate the look of your home with a refined and luxurious touch. Made from high-quality flexible PVC, it is easy to install, bendable, and can be smoothly applied to walls, floors, cabinets, furniture, and corners without the [&hellip;]<\/p>","protected":false},"featured_media":34133,"comment_status":"open","ping_status":"closed","template":"","meta":{"_monsterinsights_skip_tracking":false,"_monsterinsights_sitenote_active":false,"_monsterinsights_sitenote_note":"","_monsterinsights_sitenote_category":0},"product_brand":[],"product_cat":[121],"product_tag":[],"class_list":{"0":"post-34132","1":"product","2":"type-product","3":"status-publish","4":"has-post-thumbnail","6":"product_cat-home-decor","8":"first","9":"instock","10":"shipping-taxable","11":"purchasable","12":"product-type-simple"},"aioseo_notices":[],"_links":{"self":[{"href":"https:\/\/xn--kbrsglobalstore-7kcc.com\/tr\/wp-json\/wp\/v2\/product\/34132","targetHints":{"allow":["GET"]}}],"collection":[{"href":"https:\/\/xn--kbrsglobalstore-7kcc.com\/tr\/wp-json\/wp\/v2\/product"}],"about":[{"href":"https:\/\/xn--kbrsglobalstore-7kcc.com\/tr\/wp-json\/wp\/v2\/types\/product"}],"replies":[{"embeddable":true,"href":"https:\/\/xn--kbrsglobalstore-7kcc.com\/tr\/wp-json\/wp\/v2\/comments?post=34132"}],"wp:featuredmedia":[{"embeddable":true,"href":"https:\/\/xn--kbrsglobalstore-7kcc.com\/tr\/wp-json\/wp\/v2\/media\/34133"}],"wp:attachment":[{"href":"https:\/\/xn--kbrsglobalstore-7kcc.com\/tr\/wp-json\/wp\/v2\/media?parent=34132"}],"wp:term":[{"taxonomy":"product_brand","embeddable":true,"href":"https:\/\/xn--kbrsglobalstore-7kcc.com\/tr\/wp-json\/wp\/v2\/product_brand?post=34132"},{"taxonomy":"product_cat","embeddable":true,"href":"https:\/\/xn--kbrsglobalstore-7kcc.com\/tr\/wp-json\/wp\/v2\/product_cat?post=34132"},{"taxonomy":"product_tag","embeddable":true,"href":"https:\/\/xn--kbrsglobalstore-7kcc.com\/tr\/wp-json\/wp\/v2\/product_tag?post=34132"}],"curies":[{"name":"wp","href":"https:\/\/api.w.org\/{rel}","templated":true}]}}