{"id":34125,"date":"2026-01-04T09:24:53","date_gmt":"2026-01-04T09:24:53","guid":{"rendered":"https:\/\/xn--kbrsglobalstore-7kcc.com\/?post_type=product&#038;p=34125"},"modified":"2026-01-04T09:24:53","modified_gmt":"2026-01-04T09:24:53","slug":"2pcs-1pc-7-685-32-inch-asymmetric-cloud-shaped-ceramic-tray-nordic-style-jewelry-storage-tray-jewelry-collection-decorative-plate-jewelry-display-tray-gift-for-her-home-decor-bedroom-decor","status":"publish","type":"product","link":"https:\/\/xn--kbrsglobalstore-7kcc.com\/tr\/urun\/2pcs-1pc-7-685-32-inch-asymmetric-cloud-shaped-ceramic-tray-nordic-style-jewelry-storage-tray-jewelry-collection-decorative-plate-jewelry-display-tray-gift-for-her-home-decor-bedroom-decor\/","title":{"rendered":"2 adet\/1 adet 7,68*5,32 in\u00e7 Asimetrik Bulut \u015eeklinde Seramik Tepsi, \u0130skandinav Tarz\u0131 Tak\u0131 Saklama Tepsisi, Tak\u0131 Koleksiyonu Dekoratif Taba\u011f\u0131, Tak\u0131 Sergileme Tepsisi, Bayanlar \u0130\u00e7in Hediye, Ev Dekorasyonu, Yatak Odas\u0131 Dekorasyonu"},"content":{"rendered":"<p class=\"translation-block\">Bu <strong data-start=\"68\" data-end=\"117\">2 adet\/1 adet asimetrik bulut \u015feklinde seramik tepsi<\/strong> (7,68 \u00d7 5,32 in\u00e7), her mekana yumu\u015fak ve zarif bir \u00e7ekicilik katan g\u00fczel bir <strong data-start=\"160\" data-end=\"186\">\u0130skandinav esintili tasar\u0131ma<\/strong> sahiptir. Y\u00fcksek kaliteli seramikten \u00fcretilen bu tepsi, <strong data-start=\"344\" data-end=\"411\">tak\u0131, y\u00fcz\u00fck, k\u00fcpe, kolye, anahtar veya k\u00fc\u00e7\u00fck aksesuarlar\u0131<\/strong> d\u00fczenlemek ve sergilemek i\u00e7in m\u00fckemmel, p\u00fcr\u00fczs\u00fcz ve dayan\u0131kl\u0131 bir y\u00fczey sunarken ayn\u0131 zamanda dekoratif bir unsur olarak da i\u015flev g\u00f6r\u00fcr. E\u015fsiz bulut \u015fekli, modern ve sanatsal bir dokunu\u015f katarak <strong data-start=\"528\" data-end=\"601\">yatak odas\u0131 dekorasyonu, makyaj masas\u0131 d\u00fczenlemesi, giyinme masalar\u0131 ve ev dekorasyonu<\/strong> i\u00e7in idealdir. \u0130ster ki\u015fisel e\u015fyalar\u0131n\u0131z\u0131 saklamak i\u00e7in kullan\u0131n, ister ona d\u00fc\u015f\u00fcnceli bir hediye olarak verin, bu m\u00fccevher te\u015fhir tepsisi i\u015flevselli\u011fi zarif estetik g\u00f6r\u00fcn\u00fcmle birle\u015ftiriyor.<\/p>","protected":false},"excerpt":{"rendered":"<p>This 2pcs\/1pc asymmetric cloud-shaped ceramic tray (7.68 \u00d7 5.32 inches) features a beautiful Nordic-inspired design that brings a soft, elegant charm to any space. Crafted from high-quality ceramic, it offers a smooth, durable surface perfect for organizing and displaying jewelry, rings, earrings, necklaces, keys, or small accessories while also serving as a decorative accent. Its [&hellip;]<\/p>","protected":false},"featured_media":34126,"comment_status":"open","ping_status":"closed","template":"","meta":{"_monsterinsights_skip_tracking":false,"_monsterinsights_sitenote_active":false,"_monsterinsights_sitenote_note":"","_monsterinsights_sitenote_category":0},"product_brand":[],"product_cat":[121],"product_tag":[],"class_list":{"0":"post-34125","1":"product","2":"type-product","3":"status-publish","4":"has-post-thumbnail","6":"product_cat-home-decor","8":"first","9":"instock","10":"shipping-taxable","11":"purchasable","12":"product-type-simple"},"aioseo_notices":[],"_links":{"self":[{"href":"https:\/\/xn--kbrsglobalstore-7kcc.com\/tr\/wp-json\/wp\/v2\/product\/34125","targetHints":{"allow":["GET"]}}],"collection":[{"href":"https:\/\/xn--kbrsglobalstore-7kcc.com\/tr\/wp-json\/wp\/v2\/product"}],"about":[{"href":"https:\/\/xn--kbrsglobalstore-7kcc.com\/tr\/wp-json\/wp\/v2\/types\/product"}],"replies":[{"embeddable":true,"href":"https:\/\/xn--kbrsglobalstore-7kcc.com\/tr\/wp-json\/wp\/v2\/comments?post=34125"}],"wp:featuredmedia":[{"embeddable":true,"href":"https:\/\/xn--kbrsglobalstore-7kcc.com\/tr\/wp-json\/wp\/v2\/media\/34126"}],"wp:attachment":[{"href":"https:\/\/xn--kbrsglobalstore-7kcc.com\/tr\/wp-json\/wp\/v2\/media?parent=34125"}],"wp:term":[{"taxonomy":"product_brand","embeddable":true,"href":"https:\/\/xn--kbrsglobalstore-7kcc.com\/tr\/wp-json\/wp\/v2\/product_brand?post=34125"},{"taxonomy":"product_cat","embeddable":true,"href":"https:\/\/xn--kbrsglobalstore-7kcc.com\/tr\/wp-json\/wp\/v2\/product_cat?post=34125"},{"taxonomy":"product_tag","embeddable":true,"href":"https:\/\/xn--kbrsglobalstore-7kcc.com\/tr\/wp-json\/wp\/v2\/product_tag?post=34125"}],"curies":[{"name":"wp","href":"https:\/\/api.w.org\/{rel}","templated":true}]}}