{"id":34118,"date":"2026-01-04T09:16:05","date_gmt":"2026-01-04T09:16:05","guid":{"rendered":"https:\/\/xn--kbrsglobalstore-7kcc.com\/?post_type=product&#038;p=34118"},"modified":"2026-01-04T09:16:05","modified_gmt":"2026-01-04T09:16:05","slug":"4pcs-tassel-decor-placemat-woven-design-round-table-mat-for-dining-table","status":"publish","type":"product","link":"https:\/\/xn--kbrsglobalstore-7kcc.com\/tr\/urun\/4pcs-tassel-decor-placemat-woven-design-round-table-mat-for-dining-table\/","title":{"rendered":"4 Par\u00e7a P\u00fcsk\u00fcll\u00fc Dekoratif Masa \u00d6rt\u00fcs\u00fc, Dokuma Desenli Yuvarlak Yemek Masas\u0131 \u00d6rt\u00fcs\u00fc"},"content":{"rendered":"<p class=\"translation-block\">Bu 4 par\u00e7al\u0131 p\u00fcsk\u00fcll\u00fc dekoratif Amerikan servis seti, her yemek alan\u0131na s\u0131cakl\u0131k, doku ve \u00e7ekicilik katan zarif bir yuvarlak dokuma tasar\u0131ma sahiptir. Dayan\u0131kl\u0131 ve y\u00fcksek kaliteli malzemelerden \u00fcretilen bu masa altl\u0131klar\u0131, y\u00fczeyleri \u0131s\u0131dan, d\u00f6k\u00fclmelerden ve \u00e7iziklerden korurken, masa d\u00fczeninizi \u015f\u0131k bir dekoratif dokunu\u015fla zenginle\u015ftirir. Kenarlar\u0131ndaki yumu\u015fak p\u00fcsk\u00fcl detaylar\u0131, hem g\u00fcndelik yemekleri hem de \u00f6zel toplant\u0131lar\u0131 tamamlayan rahat ve modern bir bohem g\u00f6r\u00fcn\u00fcm yarat\u0131r. G\u00fcnl\u00fck yemekler, aile yemekleri, partiler ve kutlama etkinlikleri i\u00e7in m\u00fckemmel olan bu Amerikan servisleri, pratikli\u011fi g\u00fczel ev dekorasyonuyla birle\u015ftirerek yemek deneyiminizi y\u00fckseltir.<\/p>","protected":false},"excerpt":{"rendered":"<p>This 4pcs tassel decor placemat set features an elegant woven round design that adds warmth, texture, and charm to any dining space. Crafted with durable, high-quality materials, these table mats protect surfaces from heat, spills, and scratches while enhancing your table setting with a stylish decorative touch. The soft tassel detailing around the edges creates [&hellip;]<\/p>","protected":false},"featured_media":34119,"comment_status":"open","ping_status":"closed","template":"","meta":{"_monsterinsights_skip_tracking":false,"_monsterinsights_sitenote_active":false,"_monsterinsights_sitenote_note":"","_monsterinsights_sitenote_category":0},"product_brand":[],"product_cat":[121],"product_tag":[],"class_list":{"0":"post-34118","1":"product","2":"type-product","3":"status-publish","4":"has-post-thumbnail","6":"product_cat-home-decor","8":"first","9":"instock","10":"shipping-taxable","11":"purchasable","12":"product-type-simple"},"aioseo_notices":[],"_links":{"self":[{"href":"https:\/\/xn--kbrsglobalstore-7kcc.com\/tr\/wp-json\/wp\/v2\/product\/34118","targetHints":{"allow":["GET"]}}],"collection":[{"href":"https:\/\/xn--kbrsglobalstore-7kcc.com\/tr\/wp-json\/wp\/v2\/product"}],"about":[{"href":"https:\/\/xn--kbrsglobalstore-7kcc.com\/tr\/wp-json\/wp\/v2\/types\/product"}],"replies":[{"embeddable":true,"href":"https:\/\/xn--kbrsglobalstore-7kcc.com\/tr\/wp-json\/wp\/v2\/comments?post=34118"}],"wp:featuredmedia":[{"embeddable":true,"href":"https:\/\/xn--kbrsglobalstore-7kcc.com\/tr\/wp-json\/wp\/v2\/media\/34119"}],"wp:attachment":[{"href":"https:\/\/xn--kbrsglobalstore-7kcc.com\/tr\/wp-json\/wp\/v2\/media?parent=34118"}],"wp:term":[{"taxonomy":"product_brand","embeddable":true,"href":"https:\/\/xn--kbrsglobalstore-7kcc.com\/tr\/wp-json\/wp\/v2\/product_brand?post=34118"},{"taxonomy":"product_cat","embeddable":true,"href":"https:\/\/xn--kbrsglobalstore-7kcc.com\/tr\/wp-json\/wp\/v2\/product_cat?post=34118"},{"taxonomy":"product_tag","embeddable":true,"href":"https:\/\/xn--kbrsglobalstore-7kcc.com\/tr\/wp-json\/wp\/v2\/product_tag?post=34118"}],"curies":[{"name":"wp","href":"https:\/\/api.w.org\/{rel}","templated":true}]}}