{"id":34111,"date":"2026-01-04T09:09:35","date_gmt":"2026-01-04T09:09:35","guid":{"rendered":"https:\/\/xn--kbrsglobalstore-7kcc.com\/?post_type=product&#038;p=34111"},"modified":"2026-01-04T09:09:35","modified_gmt":"2026-01-04T09:09:35","slug":"1pc-luxury-acrylic-multi-tier-perfume-display-stand-room-beauty-storage-display-rack-home-decor-back-to-school-room-decor-study-supplies","status":"publish","type":"product","link":"https:\/\/xn--kbrsglobalstore-7kcc.com\/tr\/urun\/1pc-luxury-acrylic-multi-tier-perfume-display-stand-room-beauty-storage-display-rack-home-decor-back-to-school-room-decor-study-supplies\/","title":{"rendered":"1 Adet L\u00fcks Akrilik \u00c7ok Katl\u0131 Parf\u00fcm Te\u015fhir Stand\u0131 | Oda G\u00fczellik Saklama Raf\u0131, Ev Dekorasyonu, Okula D\u00f6n\u00fc\u015f Oda Dekorasyonu, \u00c7al\u0131\u015fma Malzemeleri"},"content":{"rendered":"<p class=\"translation-block\">Bu <strong data-start=\"56\" data-end=\"111\">1 adet l\u00fcks akrilik \u00e7ok katl\u0131 parf\u00fcm te\u015fhir stand\u0131<\/strong>, parf\u00fcmleri, kozmetik \u00fcr\u00fcnlerini, cilt bak\u0131m \u00fcr\u00fcnlerini ve g\u00fczellik malzemelerini g\u00fczel bir \u015fekilde d\u00fczenlemek ve sergilemek i\u00e7in tasarlanm\u0131\u015f \u015f\u0131k ve i\u015flevsel bir saklama \u00e7\u00f6z\u00fcm\u00fcd\u00fcr. Y\u00fcksek kaliteli \u015feffaf akrilikten \u00fcretilen bu \u00fcr\u00fcn, her t\u00fcrl\u00fc makyaj masas\u0131, \u015fifonyer, \u00e7al\u0131\u015fma masas\u0131 veya oda dekorunu g\u00fczelle\u015ftiren \u015f\u0131k ve modern bir g\u00f6r\u00fcn\u00fcm sunarken, e\u015fyalar\u0131n kolayca eri\u015filebilir ve d\u00fczenli bir \u015fekilde yerle\u015ftirilmesini sa\u011flar. \u00c7ok katl\u0131 yap\u0131s\u0131 alan\u0131 en \u00fcst d\u00fczeye \u00e7\u0131kar\u0131r ve m\u00fckemmel g\u00f6r\u00fcn\u00fcrl\u00fck sa\u011flar, bu da onu <strong data-start=\"547\" data-end=\"631\">ev d\u00fczenleme, g\u00fczellik \u00fcr\u00fcnleri saklama, okula d\u00f6n\u00fc\u015f odas\u0131 dekorasyonu ve \u00e7al\u0131\u015fma malzemeleri<\/strong> i\u00e7in m\u00fckemmel k\u0131lar. Dayan\u0131kl\u0131, temizlemesi kolay ve zarif tasar\u0131ml\u0131 bu te\u015fhir raf\u0131, her mekana hem kolayl\u0131k hem de l\u00fcks bir dokunu\u015f katar.<\/p>","protected":false},"excerpt":{"rendered":"<p>This 1pc luxury acrylic multi-tier perfume display stand is a stylish and functional storage solution designed to beautifully organize and showcase perfumes, cosmetics, skincare, and beauty essentials. Crafted from high-quality clear acrylic, it offers a sleek, modern look that enhances any vanity, dresser, study desk, or room d\u00e9cor while keeping items easily accessible and neatly [&hellip;]<\/p>","protected":false},"featured_media":34112,"comment_status":"open","ping_status":"closed","template":"","meta":{"_monsterinsights_skip_tracking":false,"_monsterinsights_sitenote_active":false,"_monsterinsights_sitenote_note":"","_monsterinsights_sitenote_category":0},"product_brand":[],"product_cat":[121],"product_tag":[],"class_list":{"0":"post-34111","1":"product","2":"type-product","3":"status-publish","4":"has-post-thumbnail","6":"product_cat-home-decor","8":"first","9":"instock","10":"shipping-taxable","11":"purchasable","12":"product-type-simple"},"aioseo_notices":[],"_links":{"self":[{"href":"https:\/\/xn--kbrsglobalstore-7kcc.com\/tr\/wp-json\/wp\/v2\/product\/34111","targetHints":{"allow":["GET"]}}],"collection":[{"href":"https:\/\/xn--kbrsglobalstore-7kcc.com\/tr\/wp-json\/wp\/v2\/product"}],"about":[{"href":"https:\/\/xn--kbrsglobalstore-7kcc.com\/tr\/wp-json\/wp\/v2\/types\/product"}],"replies":[{"embeddable":true,"href":"https:\/\/xn--kbrsglobalstore-7kcc.com\/tr\/wp-json\/wp\/v2\/comments?post=34111"}],"wp:featuredmedia":[{"embeddable":true,"href":"https:\/\/xn--kbrsglobalstore-7kcc.com\/tr\/wp-json\/wp\/v2\/media\/34112"}],"wp:attachment":[{"href":"https:\/\/xn--kbrsglobalstore-7kcc.com\/tr\/wp-json\/wp\/v2\/media?parent=34111"}],"wp:term":[{"taxonomy":"product_brand","embeddable":true,"href":"https:\/\/xn--kbrsglobalstore-7kcc.com\/tr\/wp-json\/wp\/v2\/product_brand?post=34111"},{"taxonomy":"product_cat","embeddable":true,"href":"https:\/\/xn--kbrsglobalstore-7kcc.com\/tr\/wp-json\/wp\/v2\/product_cat?post=34111"},{"taxonomy":"product_tag","embeddable":true,"href":"https:\/\/xn--kbrsglobalstore-7kcc.com\/tr\/wp-json\/wp\/v2\/product_tag?post=34111"}],"curies":[{"name":"wp","href":"https:\/\/api.w.org\/{rel}","templated":true}]}}