{"id":34103,"date":"2026-01-04T09:02:08","date_gmt":"2026-01-04T09:02:08","guid":{"rendered":"https:\/\/xn--kbrsglobalstore-7kcc.com\/?post_type=product&#038;p=34103"},"modified":"2026-01-04T09:02:08","modified_gmt":"2026-01-04T09:02:08","slug":"70-80cm-large-artificial-palm-tree-fake-monstera-plants-plastic-bamboo-palm-leaves-green-indoor-simulated-tree-for-home-kitchen-party-wedding-diy-festival-decorationhome-decorschool-supplies","status":"publish","type":"product","link":"https:\/\/xn--kbrsglobalstore-7kcc.com\/tr\/urun\/70-80cm-large-artificial-palm-tree-fake-monstera-plants-plastic-bamboo-palm-leaves-green-indoor-simulated-tree-for-home-kitchen-party-wedding-diy-festival-decorationhome-decorschool-supplies\/","title":{"rendered":"70\/80 cm B\u00fcy\u00fck Yapay Palmiye A\u011fac\u0131, Sahte Monstera Bitkisi, Plastik Bambu Palmiye Yapraklar\u0131, Ye\u015fil \u0130\u00e7 Mekan Sim\u00fcle A\u011fac\u0131, Ev, Mutfak, Parti, D\u00fc\u011f\u00fcn, Kendin Yap Festival Dekorasyonu, Ev Dekorasyonu, Okul Malzemeleri"},"content":{"rendered":"<p>&nbsp;<\/p>\n<p class=\"translation-block\">Bu <strong>palmiye a\u011fac\u0131<\/strong>, bambu esintili detaylara sahip ger\u00e7ek\u00e7i <strong>Monstera tarz\u0131 plastik yapraklar\u0131<\/strong> ile her ortama an\u0131nda taze ve do\u011fal bir g\u00f6r\u00fcn\u00fcm kazand\u0131r\u0131yor. \u0130\u00e7 mekan kullan\u0131m\u0131 i\u00e7in tasarlanan bu <strong>ye\u015fil a\u011fa\u00e7<\/strong>, y\u0131l boyunca canl\u0131 ve g\u00fczel kal\u0131rken bak\u0131m gerektirmez. <strong>Evleri, mutfaklar\u0131, okullar\u0131, ofisleri, partileri, d\u00fc\u011f\u00fcnleri, festivalleri, kendin yap projelerini ve \u00f6zel etkinlikleri<\/strong> dekore etmek i\u00e7in m\u00fckemmeldir ve yerle\u015ftirildi\u011fi her yere zarafet ve sakinle\u015ftirici bir tropikal atmosfer katar. Hafif ancak sa\u011flam olan bu dekoratif bitki, k\u00f6\u015felere, giri\u015flere, masa \u00fcstlerine veya etkinlik d\u00fczenlemelerine kolayca yerle\u015ftirilebilir; bu da onu hem g\u00fcnl\u00fck kullan\u0131m hem de kutlamalar i\u00e7in \u00e7ok y\u00f6nl\u00fc ve \u015f\u0131k bir dekorasyon \u00e7\u00f6z\u00fcm\u00fc haline getirir.<\/p>","protected":false},"excerpt":{"rendered":"<p>&nbsp; This \u00a0palm tree features realistic Monstera-style plastic leaves with bamboo-inspired detailing, creating a fresh and natural look that instantly enhances any environment. Designed for indoor use, this simulated green tree requires no maintenance while staying vibrant and beautiful all year round. It is perfect for decorating homes, kitchens, schools, offices, parties, weddings, festivals, DIY [&hellip;]<\/p>","protected":false},"featured_media":34104,"comment_status":"open","ping_status":"closed","template":"","meta":{"_monsterinsights_skip_tracking":false,"_monsterinsights_sitenote_active":false,"_monsterinsights_sitenote_note":"","_monsterinsights_sitenote_category":0},"product_brand":[],"product_cat":[121],"product_tag":[],"class_list":{"0":"post-34103","1":"product","2":"type-product","3":"status-publish","4":"has-post-thumbnail","6":"product_cat-home-decor","8":"first","9":"instock","10":"shipping-taxable","11":"purchasable","12":"product-type-simple"},"aioseo_notices":[],"_links":{"self":[{"href":"https:\/\/xn--kbrsglobalstore-7kcc.com\/tr\/wp-json\/wp\/v2\/product\/34103","targetHints":{"allow":["GET"]}}],"collection":[{"href":"https:\/\/xn--kbrsglobalstore-7kcc.com\/tr\/wp-json\/wp\/v2\/product"}],"about":[{"href":"https:\/\/xn--kbrsglobalstore-7kcc.com\/tr\/wp-json\/wp\/v2\/types\/product"}],"replies":[{"embeddable":true,"href":"https:\/\/xn--kbrsglobalstore-7kcc.com\/tr\/wp-json\/wp\/v2\/comments?post=34103"}],"wp:featuredmedia":[{"embeddable":true,"href":"https:\/\/xn--kbrsglobalstore-7kcc.com\/tr\/wp-json\/wp\/v2\/media\/34104"}],"wp:attachment":[{"href":"https:\/\/xn--kbrsglobalstore-7kcc.com\/tr\/wp-json\/wp\/v2\/media?parent=34103"}],"wp:term":[{"taxonomy":"product_brand","embeddable":true,"href":"https:\/\/xn--kbrsglobalstore-7kcc.com\/tr\/wp-json\/wp\/v2\/product_brand?post=34103"},{"taxonomy":"product_cat","embeddable":true,"href":"https:\/\/xn--kbrsglobalstore-7kcc.com\/tr\/wp-json\/wp\/v2\/product_cat?post=34103"},{"taxonomy":"product_tag","embeddable":true,"href":"https:\/\/xn--kbrsglobalstore-7kcc.com\/tr\/wp-json\/wp\/v2\/product_tag?post=34103"}],"curies":[{"name":"wp","href":"https:\/\/api.w.org\/{rel}","templated":true}]}}