{"id":34095,"date":"2026-01-03T13:05:16","date_gmt":"2026-01-03T13:05:16","guid":{"rendered":"https:\/\/xn--kbrsglobalstore-7kcc.com\/?post_type=product&#038;p=34095"},"modified":"2026-01-03T13:05:17","modified_gmt":"2026-01-03T13:05:17","slug":"aloruh-womens-elegant-light-yellow-halter-tie-mini-dressparty-dresselegant-dresses-for-womenparty-dresses-for-women","status":"publish","type":"product","link":"https:\/\/xn--kbrsglobalstore-7kcc.com\/tr\/urun\/aloruh-womens-elegant-light-yellow-halter-tie-mini-dressparty-dresselegant-dresses-for-womenparty-dresses-for-women\/","title":{"rendered":"Aloruh Kad\u0131nlar \u0130\u00e7in Zarif A\u00e7\u0131k Sar\u0131 Ask\u0131l\u0131 Mini Elbise, Parti Elbisesi, Kad\u0131nlar \u0130\u00e7in Zarif Elbiseler, Kad\u0131nlar \u0130\u00e7in Parti Elbiseleri"},"content":{"rendered":"<p class=\"translation-block\"><strong>Aloruh kad\u0131nlar i\u00e7in zarif a\u00e7\u0131k sar\u0131 ask\u0131l\u0131 ba\u011flamal\u0131 mini elbise<\/strong>, \u015f\u0131k ve zarif bir izlenim b\u0131rakmak i\u00e7in muhte\u015fem bir se\u00e7imdir. V\u00fccuda oturan ask\u0131l\u0131 yakas\u0131 ve narin ba\u011flama detay\u0131yla tasarlanan bu mini elbise, omuzlar\u0131 ve dekolteyi vurgularken, kad\u0131ns\u0131 ve zarif bir sil\u00fcet yarat\u0131r. Yumu\u015fak a\u00e7\u0131k sar\u0131 tonu, taze ve \u0131\u015f\u0131lt\u0131l\u0131 bir \u00e7ekicilik katarak partiler, \u00f6zel g\u00fcnler ve ak\u015fam davetleri i\u00e7in m\u00fckemmel k\u0131lar. \u015e\u0131k, ne\u015feli ve zahmetsizce sofistike olan bu elbise, \u00f6zg\u00fcvenle \u00f6ne \u00e7\u0131kmay\u0131 seven kad\u0131nlar i\u00e7in zarafet ve modern modan\u0131n m\u00fckemmel dengesini sunar.<\/p>","protected":false},"excerpt":{"rendered":"<p>The Aloruh women\u2019s elegant light yellow halter tie mini dress is a stunning choice for making a graceful and stylish impression. Designed with a flattering halter neckline and delicate tie detail, this mini dress enhances the shoulders and neckline while creating a feminine, elegant silhouette. The soft light yellow tone adds a fresh and radiant [&hellip;]<\/p>","protected":false},"featured_media":34096,"comment_status":"open","ping_status":"closed","template":"","meta":{"_monsterinsights_skip_tracking":false,"_monsterinsights_sitenote_active":false,"_monsterinsights_sitenote_note":"","_monsterinsights_sitenote_category":0},"product_brand":[],"product_cat":[76],"product_tag":[],"class_list":{"0":"post-34095","1":"product","2":"type-product","3":"status-publish","4":"has-post-thumbnail","6":"product_cat-womens-clothing","8":"first","9":"instock","10":"shipping-taxable","11":"purchasable","12":"product-type-simple"},"aioseo_notices":[],"_links":{"self":[{"href":"https:\/\/xn--kbrsglobalstore-7kcc.com\/tr\/wp-json\/wp\/v2\/product\/34095","targetHints":{"allow":["GET"]}}],"collection":[{"href":"https:\/\/xn--kbrsglobalstore-7kcc.com\/tr\/wp-json\/wp\/v2\/product"}],"about":[{"href":"https:\/\/xn--kbrsglobalstore-7kcc.com\/tr\/wp-json\/wp\/v2\/types\/product"}],"replies":[{"embeddable":true,"href":"https:\/\/xn--kbrsglobalstore-7kcc.com\/tr\/wp-json\/wp\/v2\/comments?post=34095"}],"wp:featuredmedia":[{"embeddable":true,"href":"https:\/\/xn--kbrsglobalstore-7kcc.com\/tr\/wp-json\/wp\/v2\/media\/34096"}],"wp:attachment":[{"href":"https:\/\/xn--kbrsglobalstore-7kcc.com\/tr\/wp-json\/wp\/v2\/media?parent=34095"}],"wp:term":[{"taxonomy":"product_brand","embeddable":true,"href":"https:\/\/xn--kbrsglobalstore-7kcc.com\/tr\/wp-json\/wp\/v2\/product_brand?post=34095"},{"taxonomy":"product_cat","embeddable":true,"href":"https:\/\/xn--kbrsglobalstore-7kcc.com\/tr\/wp-json\/wp\/v2\/product_cat?post=34095"},{"taxonomy":"product_tag","embeddable":true,"href":"https:\/\/xn--kbrsglobalstore-7kcc.com\/tr\/wp-json\/wp\/v2\/product_tag?post=34095"}],"curies":[{"name":"wp","href":"https:\/\/api.w.org\/{rel}","templated":true}]}}