{"id":34081,"date":"2026-01-03T12:52:09","date_gmt":"2026-01-03T12:52:09","guid":{"rendered":"https:\/\/xn--kbrsglobalstore-7kcc.com\/?post_type=product&#038;p=34081"},"modified":"2026-01-03T12:52:09","modified_gmt":"2026-01-03T12:52:09","slug":"halter-top-women-tanks-camis-satin-sleeveless-top-female-y2k-vest-summer-cute-street-style-yellow-backless-ladies-camisole","status":"publish","type":"product","link":"https:\/\/xn--kbrsglobalstore-7kcc.com\/tr\/urun\/halter-top-women-tanks-camis-satin-sleeveless-top-female-y2k-vest-summer-cute-street-style-yellow-backless-ladies-camisole\/","title":{"rendered":"Ask\u0131l\u0131 Kad\u0131n Atlet ve Ask\u0131l\u0131 Bluzlar Saten Kolsuz Bluz Kad\u0131n Y2K Yelek Yazl\u0131k \u015e\u0131k Sokak Stili Sar\u0131 S\u0131rt\u0131 A\u00e7\u0131k Bayan Ask\u0131l\u0131 Bluz"},"content":{"rendered":"<p class=\"translation-block\">Bu <strong>kad\u0131n saten ask\u0131l\u0131 atlet<\/strong>, Y2K cazibesi ve modern sokak stilinin m\u00fckemmel bir kar\u0131\u015f\u0131m\u0131d\u0131r. Kolsuz, s\u0131rt\u0131 a\u00e7\u0131k sil\u00fcetiyle tasarlanm\u0131\u015f ve p\u00fcr\u00fczs\u00fcz, hafif satenden \u00fcretilmi\u015f olup, \u015f\u0131k ve v\u00fccuda oturan bir g\u00f6r\u00fcn\u00fcm sunarken, g\u00f6r\u00fcn\u00fcm\u00fc kadar rahat hissettirir. Canl\u0131 sar\u0131 rengi, ne\u015feli ve gen\u00e7 bir dokunu\u015f katarak yaz g\u00fcnleri, g\u00fcndelik geziler, tatiller ve trend sokak giyim g\u00f6r\u00fcn\u00fcmleri i\u00e7in idealdir. \u015eirin, \u015f\u0131k ve zahmetsizce \u00e7ok y\u00f6nl\u00fc olan bu atlet, cesur ama feminen bir moda ifadesi i\u00e7in kot pantolon, etek veya \u015fortlarla harika bir \u015fekilde uyum sa\u011flar.<\/p>","protected":false},"excerpt":{"rendered":"<p>This women\u2019s satin halter tank top is the perfect blend of Y2K charm and modern street style. Designed with a sleeveless, backless silhouette and crafted from smooth, lightweight satin, it delivers a chic and flattering look that feels just as good as it looks. The vibrant yellow color adds a playful, youthful touch, making it [&hellip;]<\/p>","protected":false},"featured_media":34082,"comment_status":"open","ping_status":"closed","template":"","meta":{"_monsterinsights_skip_tracking":false,"_monsterinsights_sitenote_active":false,"_monsterinsights_sitenote_note":"","_monsterinsights_sitenote_category":0},"product_brand":[],"product_cat":[76],"product_tag":[],"class_list":{"0":"post-34081","1":"product","2":"type-product","3":"status-publish","4":"has-post-thumbnail","6":"product_cat-womens-clothing","8":"first","9":"instock","10":"shipping-taxable","11":"purchasable","12":"product-type-simple"},"aioseo_notices":[],"_links":{"self":[{"href":"https:\/\/xn--kbrsglobalstore-7kcc.com\/tr\/wp-json\/wp\/v2\/product\/34081","targetHints":{"allow":["GET"]}}],"collection":[{"href":"https:\/\/xn--kbrsglobalstore-7kcc.com\/tr\/wp-json\/wp\/v2\/product"}],"about":[{"href":"https:\/\/xn--kbrsglobalstore-7kcc.com\/tr\/wp-json\/wp\/v2\/types\/product"}],"replies":[{"embeddable":true,"href":"https:\/\/xn--kbrsglobalstore-7kcc.com\/tr\/wp-json\/wp\/v2\/comments?post=34081"}],"wp:featuredmedia":[{"embeddable":true,"href":"https:\/\/xn--kbrsglobalstore-7kcc.com\/tr\/wp-json\/wp\/v2\/media\/34082"}],"wp:attachment":[{"href":"https:\/\/xn--kbrsglobalstore-7kcc.com\/tr\/wp-json\/wp\/v2\/media?parent=34081"}],"wp:term":[{"taxonomy":"product_brand","embeddable":true,"href":"https:\/\/xn--kbrsglobalstore-7kcc.com\/tr\/wp-json\/wp\/v2\/product_brand?post=34081"},{"taxonomy":"product_cat","embeddable":true,"href":"https:\/\/xn--kbrsglobalstore-7kcc.com\/tr\/wp-json\/wp\/v2\/product_cat?post=34081"},{"taxonomy":"product_tag","embeddable":true,"href":"https:\/\/xn--kbrsglobalstore-7kcc.com\/tr\/wp-json\/wp\/v2\/product_tag?post=34081"}],"curies":[{"name":"wp","href":"https:\/\/api.w.org\/{rel}","templated":true}]}}