{"id":34074,"date":"2026-01-03T12:45:05","date_gmt":"2026-01-03T12:45:05","guid":{"rendered":"https:\/\/xn--kbrsglobalstore-7kcc.com\/?post_type=product&#038;p=34074"},"modified":"2026-01-03T12:45:05","modified_gmt":"2026-01-03T12:45:05","slug":"elenzga-womens-elegant-minimalist-v-neck-pleated-waist-maxi-dress-with-dropped-shoulder-sleeves-suitable-for-commute-office-business-casual-vacation-afternoon-tea-solid-color","status":"publish","type":"product","link":"https:\/\/xn--kbrsglobalstore-7kcc.com\/tr\/urun\/elenzga-womens-elegant-minimalist-v-neck-pleated-waist-maxi-dress-with-dropped-shoulder-sleeves-suitable-for-commute-office-business-casual-vacation-afternoon-tea-solid-color\/","title":{"rendered":"Elenzga Kad\u0131n \u015e\u0131k Minimalist V Yaka Pileli Bel Detayl\u0131 D\u00fc\u015f\u00fck Omuzlu Kollu Maksi Elbise, \u0130\u015fe Gidi\u015f, Ofis, \u0130\u015f Toplant\u0131s\u0131, G\u00fcnl\u00fck Kullan\u0131m, Tatil, \u00d6\u011fleden Sonra \u00c7ay\u0131 \u0130\u00e7in Uygun, D\u00fcz Renk"},"content":{"rendered":"<p class=\"translation-block\"><strong>Elenzga kad\u0131n zarif minimalist maksi elbise<\/strong>, modern konforla zahmetsiz bir \u015f\u0131kl\u0131k sunmak \u00fczere tasarlanm\u0131\u015ft\u0131r. V yakal\u0131, yumu\u015fak pileli bel ve rahat d\u00fc\u015f\u00fck omuzlu kollar\u0131yla bu d\u00fcz renk elbise, her v\u00fccut tipine yak\u0131\u015fan zarif ve ak\u0131c\u0131 bir sil\u00fcet yarat\u0131r. Rafine ancak rahat tasar\u0131m\u0131, i\u015fe gidip gelme, ofis ve i\u015f k\u0131yafetlerinden g\u00fcndelik gezilere, tatillere ve \u00f6\u011fleden sonra \u00e7ay\u0131na kadar \u00e7ok \u00e7e\u015fitli durumlar i\u00e7in m\u00fckemmeldir. Zamans\u0131z tarz\u0131 ve \u00e7ok y\u00f6nl\u00fc i\u015fleviyle bu elbise, g\u00fcn\u00fcn\u00fcz\u00fcn her an\u0131 i\u00e7in \u015f\u0131k bir zarafet sunar.<\/p>","protected":false},"excerpt":{"rendered":"<p>The Elenzga women\u2019s elegant minimalist maxi dress is designed to deliver effortless sophistication with modern comfort. Featuring a flattering V-neckline, softly pleated waist, and relaxed dropped-shoulder sleeves, this solid color dress creates a graceful, flowing silhouette that complements every figure. Its refined yet comfortable design makes it perfect for a wide range of occasions \u2014 [&hellip;]<\/p>","protected":false},"featured_media":34075,"comment_status":"open","ping_status":"closed","template":"","meta":{"_monsterinsights_skip_tracking":false,"_monsterinsights_sitenote_active":false,"_monsterinsights_sitenote_note":"","_monsterinsights_sitenote_category":0},"product_brand":[],"product_cat":[76],"product_tag":[],"class_list":{"0":"post-34074","1":"product","2":"type-product","3":"status-publish","4":"has-post-thumbnail","6":"product_cat-womens-clothing","8":"first","9":"instock","10":"shipping-taxable","11":"purchasable","12":"product-type-simple"},"aioseo_notices":[],"_links":{"self":[{"href":"https:\/\/xn--kbrsglobalstore-7kcc.com\/tr\/wp-json\/wp\/v2\/product\/34074","targetHints":{"allow":["GET"]}}],"collection":[{"href":"https:\/\/xn--kbrsglobalstore-7kcc.com\/tr\/wp-json\/wp\/v2\/product"}],"about":[{"href":"https:\/\/xn--kbrsglobalstore-7kcc.com\/tr\/wp-json\/wp\/v2\/types\/product"}],"replies":[{"embeddable":true,"href":"https:\/\/xn--kbrsglobalstore-7kcc.com\/tr\/wp-json\/wp\/v2\/comments?post=34074"}],"wp:featuredmedia":[{"embeddable":true,"href":"https:\/\/xn--kbrsglobalstore-7kcc.com\/tr\/wp-json\/wp\/v2\/media\/34075"}],"wp:attachment":[{"href":"https:\/\/xn--kbrsglobalstore-7kcc.com\/tr\/wp-json\/wp\/v2\/media?parent=34074"}],"wp:term":[{"taxonomy":"product_brand","embeddable":true,"href":"https:\/\/xn--kbrsglobalstore-7kcc.com\/tr\/wp-json\/wp\/v2\/product_brand?post=34074"},{"taxonomy":"product_cat","embeddable":true,"href":"https:\/\/xn--kbrsglobalstore-7kcc.com\/tr\/wp-json\/wp\/v2\/product_cat?post=34074"},{"taxonomy":"product_tag","embeddable":true,"href":"https:\/\/xn--kbrsglobalstore-7kcc.com\/tr\/wp-json\/wp\/v2\/product_tag?post=34074"}],"curies":[{"name":"wp","href":"https:\/\/api.w.org\/{rel}","templated":true}]}}