{"id":34066,"date":"2026-01-03T12:28:19","date_gmt":"2026-01-03T12:28:19","guid":{"rendered":"https:\/\/xn--kbrsglobalstore-7kcc.com\/?post_type=product&#038;p=34066"},"modified":"2026-01-03T12:28:20","modified_gmt":"2026-01-03T12:28:20","slug":"gloweve-womens-color-block-patchwork-design-waist-cinched-a-line-elegant-daily-commute-fashion-french-street-retro-versatile-holiday-business-shirt-dress-long-sleeve-autumn-winter","status":"publish","type":"product","link":"https:\/\/xn--kbrsglobalstore-7kcc.com\/tr\/urun\/gloweve-womens-color-block-patchwork-design-waist-cinched-a-line-elegant-daily-commute-fashion-french-street-retro-versatile-holiday-business-shirt-dress-long-sleeve-autumn-winter\/","title":{"rendered":"GlowEve Kad\u0131n Renk Bloklu Patchwork Tasar\u0131ml\u0131 Belden S\u0131k\u0131la\u015ft\u0131r\u0131lm\u0131\u015f A Kesim \u015e\u0131k G\u00fcnl\u00fck \u0130\u015fe Gidi\u015f Geli\u015f Modas\u0131 Frans\u0131z Sokak Retro \u00c7ok Y\u00f6nl\u00fc Tatil \u0130\u015f G\u00f6mlek Elbise Uzun Kollu, Sonbahar\/K\u0131\u015f"},"content":{"rendered":"<p class=\"translation-block\"><strong>GlowEve kad\u0131n renk bloklu patchwork g\u00f6mlek elbise<\/strong>, Frans\u0131z sokak stili ve retro zarafetin \u00e7arp\u0131c\u0131 bir kar\u0131\u015f\u0131m\u0131 olup, modern g\u00fcnl\u00fck kullan\u0131m i\u00e7in tasarlanm\u0131\u015ft\u0131r. Belden oturan A kesim sil\u00fcetiyle bu uzun kollu elbise, ola\u011fan\u00fcst\u00fc konfor ve hareket \u00f6zg\u00fcrl\u00fc\u011f\u00fc sunarken fig\u00fcr\u00fc g\u00fczelce vurgular. Sanatsal renk bloklu patchwork tasar\u0131m\u0131, \u015f\u0131k bir ifade katarak g\u00fcnl\u00fck i\u015fe gidip gelme, i\u015f ortamlar\u0131, tatiller ve g\u00fcndelik geziler i\u00e7in m\u00fckemmel hale getirir. Sonbahar ve k\u0131\u015f i\u00e7in tasarlanan bu \u00e7ok y\u00f6nl\u00fc ve zarif par\u00e7a, \u00e7a\u011fda\u015f bir tarzla zamans\u0131z bir \u00e7ekicilik sunarak her ortamda zahmetsizce \u015f\u0131k g\u00f6r\u00fcnmenizi sa\u011flar.<\/p>","protected":false},"excerpt":{"rendered":"<p>The GlowEve women\u2019s color block patchwork shirt dress is a stunning blend of French street style and retro elegance, designed for modern everyday wear. Featuring a waist-cinched A-line silhouette, this long-sleeve dress beautifully enhances the figure while offering exceptional comfort and movement. Its artistic color-block patchwork design adds a fashionable statement, making it perfect for [&hellip;]<\/p>","protected":false},"featured_media":34067,"comment_status":"open","ping_status":"closed","template":"","meta":{"_monsterinsights_skip_tracking":false,"_monsterinsights_sitenote_active":false,"_monsterinsights_sitenote_note":"","_monsterinsights_sitenote_category":0},"product_brand":[],"product_cat":[76],"product_tag":[],"class_list":{"0":"post-34066","1":"product","2":"type-product","3":"status-publish","4":"has-post-thumbnail","6":"product_cat-womens-clothing","8":"first","9":"instock","10":"shipping-taxable","11":"purchasable","12":"product-type-simple"},"aioseo_notices":[],"_links":{"self":[{"href":"https:\/\/xn--kbrsglobalstore-7kcc.com\/tr\/wp-json\/wp\/v2\/product\/34066","targetHints":{"allow":["GET"]}}],"collection":[{"href":"https:\/\/xn--kbrsglobalstore-7kcc.com\/tr\/wp-json\/wp\/v2\/product"}],"about":[{"href":"https:\/\/xn--kbrsglobalstore-7kcc.com\/tr\/wp-json\/wp\/v2\/types\/product"}],"replies":[{"embeddable":true,"href":"https:\/\/xn--kbrsglobalstore-7kcc.com\/tr\/wp-json\/wp\/v2\/comments?post=34066"}],"wp:featuredmedia":[{"embeddable":true,"href":"https:\/\/xn--kbrsglobalstore-7kcc.com\/tr\/wp-json\/wp\/v2\/media\/34067"}],"wp:attachment":[{"href":"https:\/\/xn--kbrsglobalstore-7kcc.com\/tr\/wp-json\/wp\/v2\/media?parent=34066"}],"wp:term":[{"taxonomy":"product_brand","embeddable":true,"href":"https:\/\/xn--kbrsglobalstore-7kcc.com\/tr\/wp-json\/wp\/v2\/product_brand?post=34066"},{"taxonomy":"product_cat","embeddable":true,"href":"https:\/\/xn--kbrsglobalstore-7kcc.com\/tr\/wp-json\/wp\/v2\/product_cat?post=34066"},{"taxonomy":"product_tag","embeddable":true,"href":"https:\/\/xn--kbrsglobalstore-7kcc.com\/tr\/wp-json\/wp\/v2\/product_tag?post=34066"}],"curies":[{"name":"wp","href":"https:\/\/api.w.org\/{rel}","templated":true}]}}